{"id":70453,"date":"2023-05-24T17:57:05","date_gmt":"2023-05-24T17:57:05","guid":{"rendered":"https:\/\/skinstudio.ee\/?post_type=product&#038;p=70453"},"modified":"2025-12-24T12:25:56","modified_gmt":"2025-12-24T12:25:56","slug":"sunforgettable-total-protection-body-shield-bronze","status":"publish","type":"product","link":"https:\/\/skinstudio.ee\/lv\/catalog\/colorescience-lv\/sunforgettable-total-protection-body-shield-bronze\/","title":{"rendered":"Sunforgettable\u00ae Total Protection\u2122 Body Shield Bronze"},"content":{"rendered":"<p data-start=\"238\" data-end=\"527\">Colorescience Sunforgettable\u00ae Total Protection\u2122 Body Shield Bronze SPF 50 ir viegls, netaukains miner\u0101lais saules aizsargkr\u0113ms \u0137ermenim, kas nodro\u0161ina augsta l\u012bme\u0146a ikdienas aizsardz\u012bbu. Formula sniedz uzticamu SPF 50 aizsardz\u012bbu pret UVA un UVB starojumu, k\u0101 ar\u012b apk\u0101rt\u0113j\u0101s vides ietekmi.<\/p>\n<p data-start=\"529\" data-end=\"774\">Ar antioksidantiem bag\u0101tin\u0101t\u0101 sast\u0101va pal\u012bdz neitraliz\u0113t br\u012bvos radik\u0101\u013cus un atbalsta \u0101das vesel\u012bbu saules iedarb\u012bbas laik\u0101. Kr\u0113ms vienm\u0113r\u012bgi kl\u0101jas uz \u0101das, \u0101tri ies\u016bcas un neatst\u0101j taukainu saj\u016btu, nodro\u0161inot komfortu ar\u012b akt\u012bvas dienas laik\u0101.<\/p>\n<p data-start=\"776\" data-end=\"919\">L\u012bdzeklis ir \u016bdensiztur\u012bgs l\u012bdz 80 min\u016bt\u0113m un ide\u0101li piem\u0113rots ikdienas lieto\u0161anai uz atkl\u0101taj\u0101m \u0137erme\u0146a zon\u0101m.<br data-start=\"887\" data-end=\"890\" \/>Piem\u0113rots visiem \u0101das tipiem.<\/p>\n<p data-start=\"921\" data-end=\"999\"><strong data-start=\"921\" data-end=\"929\">SPF:<\/strong> 50 \/ PA+++<br data-start=\"940\" data-end=\"943\" \/><strong data-start=\"943\" data-end=\"961\">\u016adensiztur\u012bba:<\/strong> l\u012bdz 80 min\u016bt\u0113m<br data-start=\"977\" data-end=\"980\" \/><strong data-start=\"980\" data-end=\"992\">Tilpums:<\/strong> 120 ml<\/p>\n","protected":false},"excerpt":{"rendered":"<p data-start=\"1228\" data-end=\"1256\">Saules aizsargkr\u0113ms \u0137ermenim<\/p>\n<h2 data-start=\"1258\" data-end=\"1597\"><strong data-start=\"1258\" data-end=\"1344\">\u012apa\u0161\u012bbas COLORESCIENCE &#8211; Sunforgettable\u00ae Total Protection\u2122 Body Shield Bronze <\/strong><\/h2>\n<p data-start=\"1258\" data-end=\"1597\">\u2714\ufe0f Nodro\u0161ina pla\u0161a spektra miner\u0101lu SPF 50 aizsardz\u012bbu<br data-start=\"1401\" data-end=\"1404\" \/>\u2714\ufe0f Pal\u012bdz aizsarg\u0101t \u0101du no fotonoveco\u0161an\u0101s<br data-start=\"1446\" data-end=\"1449\" \/>\u2714\ufe0f Atbalsta \u0101das mitrin\u0101\u0161anu un antioksidantu l\u012bdzsvaru<br data-start=\"1504\" data-end=\"1507\" \/>\u2714\ufe0f Vienm\u0113r\u012bgi kl\u0101jas bez taukainas saj\u016btas<br data-start=\"1549\" data-end=\"1552\" \/>\u2714\ufe0f Piem\u0113rots ikdienas lieto\u0161anai uz \u0137erme\u0146a<\/p>\n","protected":false},"featured_media":70454,"template":"","meta":[],"pwb-brand":[1229],"product_brand":[],"product_cat":[745,757,749,751,739,731,747],"product_tag":[],"giftcard-category":[],"class_list":{"0":"post-70453","1":"product","2":"type-product","3":"status-publish","4":"has-post-thumbnail","6":"pwb-brand-colorescience-lv","7":"product_cat-jutigai-adai","8":"product_cat-kermena-kopsana","9":"product_cat-novecojosa-ada","10":"product_cat-pigmentacija-lv","11":"product_cat-sausai-adai","12":"product_cat-spf-aizsardziba","13":"product_cat-taukainai-adai","15":"first","16":"instock","17":"sale","18":"taxable","19":"shipping-taxable","20":"purchasable","21":"product-type-simple"},"acf":[],"brands":[{"id":1229,"name":"Colorescience","slug":"colorescience-lv"}],"_links":{"self":[{"href":"https:\/\/skinstudio.ee\/lv\/wp-json\/wp\/v2\/product\/70453","targetHints":{"allow":["GET"]}}],"collection":[{"href":"https:\/\/skinstudio.ee\/lv\/wp-json\/wp\/v2\/product"}],"about":[{"href":"https:\/\/skinstudio.ee\/lv\/wp-json\/wp\/v2\/types\/product"}],"version-history":[{"count":0,"href":"https:\/\/skinstudio.ee\/lv\/wp-json\/wp\/v2\/product\/70453\/revisions"}],"wp:featuredmedia":[{"embeddable":true,"href":"https:\/\/skinstudio.ee\/lv\/wp-json\/wp\/v2\/media\/70454"}],"wp:attachment":[{"href":"https:\/\/skinstudio.ee\/lv\/wp-json\/wp\/v2\/media?parent=70453"}],"wp:term":[{"taxonomy":"pwb-brand","embeddable":true,"href":"https:\/\/skinstudio.ee\/lv\/wp-json\/wp\/v2\/pwb-brand?post=70453"},{"taxonomy":"product_brand","embeddable":true,"href":"https:\/\/skinstudio.ee\/lv\/wp-json\/wp\/v2\/product_brand?post=70453"},{"taxonomy":"product_cat","embeddable":true,"href":"https:\/\/skinstudio.ee\/lv\/wp-json\/wp\/v2\/product_cat?post=70453"},{"taxonomy":"product_tag","embeddable":true,"href":"https:\/\/skinstudio.ee\/lv\/wp-json\/wp\/v2\/product_tag?post=70453"},{"taxonomy":"giftcard-category","embeddable":true,"href":"https:\/\/skinstudio.ee\/lv\/wp-json\/wp\/v2\/giftcard-category?post=70453"}],"curies":[{"name":"wp","href":"https:\/\/api.w.org\/{rel}","templated":true}]}}