{"id":70486,"date":"2023-05-24T17:57:01","date_gmt":"2023-05-24T17:57:01","guid":{"rendered":"https:\/\/skinstudio.ee\/?post_type=product&#038;p=70486"},"modified":"2025-12-24T12:25:56","modified_gmt":"2025-12-24T12:25:56","slug":"sunforgettable-total-protection-face-shield-glow","status":"publish","type":"product","link":"https:\/\/skinstudio.ee\/lv\/catalog\/colorescience-lv\/sunforgettable-total-protection-face-shield-glow\/","title":{"rendered":"Sunforgettable\u00ae Total Protection\u2122 Face Shield Glow"},"content":{"rendered":"<div class=\"vc_col-sm-12 wpb_column vc_column_container\">\n<div class=\"vc_column-inner\">\n<div class=\"wpb_wrapper\">\n<div id=\"ultimate-heading-838631f1fbedf9d0\" class=\"uvc-heading ult-adjust-bottom-margin ultimate-heading-838631f1fbedf9d0 uvc-1509 \" data-hspacer=\"no_spacer\" data-halign=\"center\">\n<div class=\"woocommerce-tabs wc-tabs-wrapper\">\n<p data-start=\"263\" data-end=\"565\">Sunforgettable\u00ae Total Protection\u2122 Face Shield Glow ir \u016bdensiztur\u012bgs miner\u0101lais saules aizsargkr\u0113ms sejai, kas nodro\u0161ina augsta l\u012bme\u0146a aizsardz\u012bbu pret apk\u0101rt\u0113j\u0101s vides ietekmi un pie\u0161\u0137ir \u0101dai maigu, perlamutra mirdzumu. Viegls glow efekts vizu\u0101li atsvaidzina sejas toni, padarot \u0101du starojo\u0161u un koptu.<\/p>\n<p data-start=\"567\" data-end=\"865\">Formula izstr\u0101d\u0101ta ar patent\u0113to <strong data-start=\"599\" data-end=\"616\">EnviroScreen\u2122<\/strong> tehnolo\u0123iju, kas nodro\u0161ina pla\u0161a spektra aizsardz\u012bbu pret UVA un UVB starojumu, zilo gaismu, pies\u0101r\u0146ojumu un br\u012bvajiem radik\u0101\u013ciem. Antioksidanti pal\u012bdz mazin\u0101t oksidat\u012bvo stresu un atbalsta \u0101das vesel\u012bbu, pal\u012bdzot nov\u0113rst priek\u0161laic\u012bgu noveco\u0161anos.<\/p>\n<p data-start=\"867\" data-end=\"1068\">Kr\u0113m\u012bg\u0101 tekst\u016bra viegli kl\u0101jas uz \u0101das, nerada smaguma saj\u016btu un ir piem\u0113rota ikdienas lieto\u0161anai. Var lietot patst\u0101v\u012bgi vai kombin\u0113t ar citiem Face Shield l\u012bnijas produktiem vai kosmeceitisko kop\u0161anu.<\/p>\n<p data-start=\"1070\" data-end=\"1202\"><strong data-start=\"1070\" data-end=\"1106\">Pla\u0161a spektra saules aizsardz\u012bba<\/strong><br data-start=\"1106\" data-end=\"1109\" \/><strong data-start=\"1109\" data-end=\"1128\">UV aizsardz\u012bba:<\/strong> SPF 50 \/ PA++++<br data-start=\"1144\" data-end=\"1147\" \/><strong data-start=\"1147\" data-end=\"1165\">\u016adensiztur\u012bba:<\/strong> l\u012bdz 40 min\u016bt\u0113m<br data-start=\"1181\" data-end=\"1184\" \/><strong data-start=\"1184\" data-end=\"1196\">Tilpums:<\/strong> 55 ml<\/p>\n<\/div>\n<\/div>\n<\/div>\n<\/div>\n<\/div>\n","protected":false},"excerpt":{"rendered":"<p data-start=\"1483\" data-end=\"1515\">Sejas saules aizsargkr\u0113ms SPF 50<\/p>\n<h2 data-start=\"1517\" data-end=\"1821\"><strong data-start=\"1517\" data-end=\"1596\">\u012apa\u0161\u012bbas COLORESCIENCE &#8211; Sunforgettable\u00ae Total Protection\u2122 Face Shield Glow<\/strong><\/h2>\n<p data-start=\"1517\" data-end=\"1821\">\u2714\ufe0f Nodro\u0161ina miner\u0101lu SPF 50 pla\u0161a spektra aizsardz\u012bbu<br data-start=\"1653\" data-end=\"1656\" \/>\u2714\ufe0f Pie\u0161\u0137ir \u0101dai dabisku mirdzumu<br data-start=\"1688\" data-end=\"1691\" \/>\u2714\ufe0f Pal\u012bdz aizsarg\u0101t \u0101du no fotonoveco\u0161an\u0101s<br data-start=\"1733\" data-end=\"1736\" \/>\u2714\ufe0f Atbalsta \u0101das antioksidantu aizsardz\u012bbu<br data-start=\"1778\" data-end=\"1781\" \/>\u2714\ufe0f Piem\u0113rots ikdienas lieto\u0161anai sejai<\/p>\n","protected":false},"featured_media":70487,"template":"","meta":[],"pwb-brand":[1229],"product_brand":[],"product_cat":[770,745,749,751,739,731,747],"product_tag":[],"giftcard-category":[],"class_list":{"0":"post-70486","1":"product","2":"type-product","3":"status-publish","4":"has-post-thumbnail","6":"pwb-brand-colorescience-lv","7":"product_cat-grims","8":"product_cat-jutigai-adai","9":"product_cat-novecojosa-ada","10":"product_cat-pigmentacija-lv","11":"product_cat-sausai-adai","12":"product_cat-spf-aizsardziba","13":"product_cat-taukainai-adai","15":"first","16":"instock","17":"taxable","18":"shipping-taxable","19":"purchasable","20":"product-type-simple"},"acf":[],"brands":[{"id":1229,"name":"Colorescience","slug":"colorescience-lv"}],"_links":{"self":[{"href":"https:\/\/skinstudio.ee\/lv\/wp-json\/wp\/v2\/product\/70486","targetHints":{"allow":["GET"]}}],"collection":[{"href":"https:\/\/skinstudio.ee\/lv\/wp-json\/wp\/v2\/product"}],"about":[{"href":"https:\/\/skinstudio.ee\/lv\/wp-json\/wp\/v2\/types\/product"}],"version-history":[{"count":0,"href":"https:\/\/skinstudio.ee\/lv\/wp-json\/wp\/v2\/product\/70486\/revisions"}],"wp:featuredmedia":[{"embeddable":true,"href":"https:\/\/skinstudio.ee\/lv\/wp-json\/wp\/v2\/media\/70487"}],"wp:attachment":[{"href":"https:\/\/skinstudio.ee\/lv\/wp-json\/wp\/v2\/media?parent=70486"}],"wp:term":[{"taxonomy":"pwb-brand","embeddable":true,"href":"https:\/\/skinstudio.ee\/lv\/wp-json\/wp\/v2\/pwb-brand?post=70486"},{"taxonomy":"product_brand","embeddable":true,"href":"https:\/\/skinstudio.ee\/lv\/wp-json\/wp\/v2\/product_brand?post=70486"},{"taxonomy":"product_cat","embeddable":true,"href":"https:\/\/skinstudio.ee\/lv\/wp-json\/wp\/v2\/product_cat?post=70486"},{"taxonomy":"product_tag","embeddable":true,"href":"https:\/\/skinstudio.ee\/lv\/wp-json\/wp\/v2\/product_tag?post=70486"},{"taxonomy":"giftcard-category","embeddable":true,"href":"https:\/\/skinstudio.ee\/lv\/wp-json\/wp\/v2\/giftcard-category?post=70486"}],"curies":[{"name":"wp","href":"https:\/\/api.w.org\/{rel}","templated":true}]}}