{"id":70497,"date":"2023-05-24T17:57:01","date_gmt":"2023-05-24T17:57:01","guid":{"rendered":"https:\/\/skinstudio.ee\/?post_type=product&#038;p=70497"},"modified":"2025-12-24T12:25:56","modified_gmt":"2025-12-24T12:25:56","slug":"sunforgettable-total-protection-face-shield-classic","status":"publish","type":"product","link":"https:\/\/skinstudio.ee\/lv\/catalog\/colorescience-lv\/sunforgettable-total-protection-face-shield-classic\/","title":{"rendered":"Sunforgettable\u00ae Total Protection\u2122 Face Shield Classic"},"content":{"rendered":"<p data-start=\"287\" data-end=\"590\">Sunforgettable\u00ae Total Protection\u2122 Face Shield Classic ir \u016bdensiztur\u012bgs miner\u0101lais saules aizsargkr\u0113ms sejai, kas nodro\u0161ina augsta l\u012bme\u0146a aizsardz\u012bbu un ir piem\u0113rots visiem \u0101das to\u0146iem. Viegl\u0101 formula vienm\u0113r\u012bgi kl\u0101jas uz \u0101das, neatst\u0101j baltus nos\u0113dumus un nodro\u0161ina dabisku, gandr\u012bz neman\u0101mu p\u0101rkl\u0101jumu.<\/p>\n<p data-start=\"592\" data-end=\"862\">Formula izstr\u0101d\u0101ta, izmantojot patent\u0113to <strong data-start=\"633\" data-end=\"650\">EnviroScreen\u2122<\/strong> tehnolo\u0123iju, kas nodro\u0161ina pla\u0161a spektra aizsardz\u012bbu pret UVA un UVB starojumu, br\u012bvajiem radik\u0101\u013ciem un oksidat\u012bvo stresu. Antioksidanti pal\u012bdz uztur\u0113t \u0101das vesel\u012bbu un samazina priek\u0161laic\u012bgas noveco\u0161an\u0101s risku.<\/p>\n<p data-start=\"864\" data-end=\"1009\">Kr\u0113ma komfortabl\u0101 tekst\u016bra mitrina \u0101du un ir piem\u0113rota ikdienas lieto\u0161anai. Var lietot atsevi\u0161\u0137i vai kombin\u0113t ar citiem \u0101das kop\u0161anas l\u012bdzek\u013ciem.<\/p>\n<p data-start=\"1011\" data-end=\"1103\"><strong data-start=\"1011\" data-end=\"1030\">UV aizsardz\u012bba:<\/strong> SPF 50 \/ PA+++<br data-start=\"1045\" data-end=\"1048\" \/><strong data-start=\"1048\" data-end=\"1066\">\u016adensiztur\u012bba:<\/strong> l\u012bdz 40 min\u016bt\u0113m<br data-start=\"1082\" data-end=\"1085\" \/><strong data-start=\"1085\" data-end=\"1097\">Tilpums:<\/strong> 55 ml<\/p>\n","protected":false},"excerpt":{"rendered":"<p data-start=\"1304\" data-end=\"1336\">Sejas saules aizsargkr\u0113ms SPF 50<\/p>\n<h2 data-start=\"1338\" data-end=\"1669\"><strong data-start=\"1338\" data-end=\"1420\">\u012apa\u0161\u012bbas COLORESCIENCE &#8211; Sunforgettable\u00ae Total Protection\u2122 Face Shield Classic<\/strong><\/h2>\n<p data-start=\"1338\" data-end=\"1669\">\u2714\ufe0f Nodro\u0161ina miner\u0101lu SPF 50 pla\u0161a spektra aizsardz\u012bbu<br data-start=\"1477\" data-end=\"1480\" \/>\u2714\ufe0f Vienm\u0113r\u012bgi kl\u0101jas bez baltiem nos\u0113dumiem<br data-start=\"1523\" data-end=\"1526\" \/>\u2714\ufe0f Pal\u012bdz aizsarg\u0101t \u0101du no fotonoveco\u0161an\u0101s<br data-start=\"1568\" data-end=\"1571\" \/>\u2714\ufe0f Atbalsta \u0101das antioksidantu aizsardz\u012bbu<br data-start=\"1613\" data-end=\"1616\" \/>\u2714\ufe0f Piem\u0113rots ikdienas lieto\u0161anai visiem \u0101das to\u0146iem<\/p>\n","protected":false},"featured_media":70498,"template":"","meta":[],"pwb-brand":[1229],"product_brand":[],"product_cat":[770,745,749,751,739,731,747],"product_tag":[],"giftcard-category":[],"class_list":{"0":"post-70497","1":"product","2":"type-product","3":"status-publish","4":"has-post-thumbnail","6":"pwb-brand-colorescience-lv","7":"product_cat-grims","8":"product_cat-jutigai-adai","9":"product_cat-novecojosa-ada","10":"product_cat-pigmentacija-lv","11":"product_cat-sausai-adai","12":"product_cat-spf-aizsardziba","13":"product_cat-taukainai-adai","15":"first","16":"instock","17":"taxable","18":"shipping-taxable","19":"purchasable","20":"product-type-simple"},"acf":[],"brands":[{"id":1229,"name":"Colorescience","slug":"colorescience-lv"}],"_links":{"self":[{"href":"https:\/\/skinstudio.ee\/lv\/wp-json\/wp\/v2\/product\/70497","targetHints":{"allow":["GET"]}}],"collection":[{"href":"https:\/\/skinstudio.ee\/lv\/wp-json\/wp\/v2\/product"}],"about":[{"href":"https:\/\/skinstudio.ee\/lv\/wp-json\/wp\/v2\/types\/product"}],"version-history":[{"count":0,"href":"https:\/\/skinstudio.ee\/lv\/wp-json\/wp\/v2\/product\/70497\/revisions"}],"wp:featuredmedia":[{"embeddable":true,"href":"https:\/\/skinstudio.ee\/lv\/wp-json\/wp\/v2\/media\/70498"}],"wp:attachment":[{"href":"https:\/\/skinstudio.ee\/lv\/wp-json\/wp\/v2\/media?parent=70497"}],"wp:term":[{"taxonomy":"pwb-brand","embeddable":true,"href":"https:\/\/skinstudio.ee\/lv\/wp-json\/wp\/v2\/pwb-brand?post=70497"},{"taxonomy":"product_brand","embeddable":true,"href":"https:\/\/skinstudio.ee\/lv\/wp-json\/wp\/v2\/product_brand?post=70497"},{"taxonomy":"product_cat","embeddable":true,"href":"https:\/\/skinstudio.ee\/lv\/wp-json\/wp\/v2\/product_cat?post=70497"},{"taxonomy":"product_tag","embeddable":true,"href":"https:\/\/skinstudio.ee\/lv\/wp-json\/wp\/v2\/product_tag?post=70497"},{"taxonomy":"giftcard-category","embeddable":true,"href":"https:\/\/skinstudio.ee\/lv\/wp-json\/wp\/v2\/giftcard-category?post=70497"}],"curies":[{"name":"wp","href":"https:\/\/api.w.org\/{rel}","templated":true}]}}