{"id":70506,"date":"2023-05-24T17:57:01","date_gmt":"2023-05-24T17:57:01","guid":{"rendered":"https:\/\/skinstudio.ee\/?post_type=product&#038;p=70506"},"modified":"2025-12-24T12:25:56","modified_gmt":"2025-12-24T12:25:56","slug":"sunforgettable-total-protection-face-shield-bronze","status":"publish","type":"product","link":"https:\/\/skinstudio.ee\/lv\/catalog\/colorescience-lv\/sunforgettable-total-protection-face-shield-bronze\/","title":{"rendered":"Sunforgettable\u00ae Total Protection\u2122 Face Shield Bronze"},"content":{"rendered":"<p data-start=\"284\" data-end=\"583\">Sunforgettable\u00ae Total Protection\u2122 Face Shield Bronze ir \u016bdensiztur\u012bgs miner\u0101lais saules aizsargkr\u0113ms sejai, kas nodro\u0161ina augsta l\u012bme\u0146a aizsardz\u012bbu un pie\u0161\u0137ir \u0101dai vieglu iedeguma toni ar maigu perlamutra mirdzumu. L\u012bdzeklis vizu\u0101li izl\u012bdzina \u0101das toni, padarot sejas \u0101du svaigu, koptu un starojo\u0161u.<\/p>\n<p data-start=\"585\" data-end=\"891\">Formula izstr\u0101d\u0101ta, izmantojot patent\u0113to <strong data-start=\"626\" data-end=\"643\">EnviroScreen\u2122<\/strong> tehnolo\u0123iju, kas nodro\u0161ina pla\u0161a spektra aizsardz\u012bbu pret UVA un UVB starojumu, br\u012bvajiem radik\u0101\u013ciem, oksidat\u012bvo stresu un apk\u0101rt\u0113j\u0101s vides ietekmi. Antioksidantu komplekss pal\u012bdz uztur\u0113t \u0101das vesel\u012bbu un samazina priek\u0161laic\u012bgas noveco\u0161an\u0101s risku.<\/p>\n<p data-start=\"893\" data-end=\"1068\">Kr\u0113m\u012bg\u0101 tekst\u016bra viegli kl\u0101jas uz \u0101das, nerada smaguma saj\u016btu un ir piem\u0113rota ikdienas lieto\u0161anai. Var lietot patst\u0101v\u012bgi vai kombin\u0113t ar citiem Face Shield l\u012bnijas produktiem.<\/p>\n<p data-start=\"1070\" data-end=\"1162\"><strong data-start=\"1070\" data-end=\"1089\">UV aizsardz\u012bba:<\/strong> SPF 50 \/ PA+++<br data-start=\"1104\" data-end=\"1107\" \/><strong data-start=\"1107\" data-end=\"1125\">\u016adensiztur\u012bba:<\/strong> l\u012bdz 40 min\u016bt\u0113m<br data-start=\"1141\" data-end=\"1144\" \/><strong data-start=\"1144\" data-end=\"1156\">Tilpums:<\/strong> 55 ml<\/p>\n","protected":false},"excerpt":{"rendered":"<p data-start=\"1421\" data-end=\"1453\">Sejas saules aizsargkr\u0113ms SPF 50<\/p>\n<h2 data-start=\"1455\" data-end=\"1778\"><strong data-start=\"1455\" data-end=\"1536\">\u012apa\u0161\u012bbas COLORESCIENCE &#8211; Sunforgettable\u00ae Total Protection\u2122 Face Shield Bronze<\/strong><\/h2>\n<p data-start=\"1455\" data-end=\"1778\">\u2714\ufe0f Izl\u012bdzina \u0101das toni un pie\u0161\u0137ir iedeguma efektu<br data-start=\"1588\" data-end=\"1591\" \/>\u2714\ufe0f Nodro\u0161ina miner\u0101lu SPF 50 pla\u0161a spektra aizsardz\u012bbu<br data-start=\"1645\" data-end=\"1648\" \/>\u2714\ufe0f Pal\u012bdz aizsarg\u0101t \u0101du no fotonoveco\u0161an\u0101s<br data-start=\"1690\" data-end=\"1693\" \/>\u2714\ufe0f Atbalsta \u0101das antioksidantu aizsardz\u012bbu<br data-start=\"1735\" data-end=\"1738\" \/>\u2714\ufe0f Piem\u0113rots ikdienas lieto\u0161anai sejai<\/p>\n","protected":false},"featured_media":70507,"template":"","meta":[],"pwb-brand":[1229],"product_brand":[],"product_cat":[770,745,749,751,739,731,747],"product_tag":[],"giftcard-category":[],"class_list":{"0":"post-70506","1":"product","2":"type-product","3":"status-publish","4":"has-post-thumbnail","6":"pwb-brand-colorescience-lv","7":"product_cat-grims","8":"product_cat-jutigai-adai","9":"product_cat-novecojosa-ada","10":"product_cat-pigmentacija-lv","11":"product_cat-sausai-adai","12":"product_cat-spf-aizsardziba","13":"product_cat-taukainai-adai","15":"first","16":"instock","17":"sale","18":"taxable","19":"shipping-taxable","20":"purchasable","21":"product-type-simple"},"acf":[],"brands":[{"id":1229,"name":"Colorescience","slug":"colorescience-lv"}],"_links":{"self":[{"href":"https:\/\/skinstudio.ee\/lv\/wp-json\/wp\/v2\/product\/70506","targetHints":{"allow":["GET"]}}],"collection":[{"href":"https:\/\/skinstudio.ee\/lv\/wp-json\/wp\/v2\/product"}],"about":[{"href":"https:\/\/skinstudio.ee\/lv\/wp-json\/wp\/v2\/types\/product"}],"version-history":[{"count":0,"href":"https:\/\/skinstudio.ee\/lv\/wp-json\/wp\/v2\/product\/70506\/revisions"}],"wp:featuredmedia":[{"embeddable":true,"href":"https:\/\/skinstudio.ee\/lv\/wp-json\/wp\/v2\/media\/70507"}],"wp:attachment":[{"href":"https:\/\/skinstudio.ee\/lv\/wp-json\/wp\/v2\/media?parent=70506"}],"wp:term":[{"taxonomy":"pwb-brand","embeddable":true,"href":"https:\/\/skinstudio.ee\/lv\/wp-json\/wp\/v2\/pwb-brand?post=70506"},{"taxonomy":"product_brand","embeddable":true,"href":"https:\/\/skinstudio.ee\/lv\/wp-json\/wp\/v2\/product_brand?post=70506"},{"taxonomy":"product_cat","embeddable":true,"href":"https:\/\/skinstudio.ee\/lv\/wp-json\/wp\/v2\/product_cat?post=70506"},{"taxonomy":"product_tag","embeddable":true,"href":"https:\/\/skinstudio.ee\/lv\/wp-json\/wp\/v2\/product_tag?post=70506"},{"taxonomy":"giftcard-category","embeddable":true,"href":"https:\/\/skinstudio.ee\/lv\/wp-json\/wp\/v2\/giftcard-category?post=70506"}],"curies":[{"name":"wp","href":"https:\/\/api.w.org\/{rel}","templated":true}]}}