{"id":70533,"date":"2023-05-24T17:56:26","date_gmt":"2023-05-24T17:56:26","guid":{"rendered":"https:\/\/skinstudio.ee\/?post_type=product&#038;p=70533"},"modified":"2025-12-24T12:25:56","modified_gmt":"2025-12-24T12:25:56","slug":"aq-active-serum","status":"publish","type":"product","link":"https:\/\/skinstudio.ee\/lv\/catalog\/aq-skin-solutions-lv\/aq-active-serum\/","title":{"rendered":"AQ Active Serum"},"content":{"rendered":"<p data-start=\"239\" data-end=\"503\">AQ Active Serum no AQ Skin Solutions ir profesion\u0101ls akt\u012bvais serums, kas izstr\u0101d\u0101ts, lai atbalst\u012btu \u0101das dabiskos atjauno\u0161an\u0101s procesus un uzlabotu t\u0101s kop\u0113jo izskatu. Seruma formula pal\u012bdz saglab\u0101t \u0101das svaig\u0101ku, glud\u0101ku un kopt\u0101ku izskatu, regul\u0101ri to lietojot.<\/p>\n<p data-start=\"505\" data-end=\"856\">AQ Active Serum sast\u0101v\u0101 ir aug\u0161anas faktori, kas ieg\u016bti no \u012bpa\u0161i t\u012briem fibroblastiem un ir \u0123en\u0113tiski l\u012bdz\u012bgi tiem, kurus dabiski ra\u017eo cilv\u0113ka organisms. \u0160\u012bs akt\u012bv\u0101s sast\u0101vda\u013cas veicina \u0101das \u0161\u016bnu aktivit\u0101ti, pal\u012bdzot uzlabot \u0101das tekst\u016bru, bl\u012bvumu un vizu\u0101lo gludumu. Regul\u0101ri lietojot, \u0101da izskat\u0101s elast\u012bg\u0101ka, savuk\u0101rt \u0101das tonis k\u013c\u016bst vienm\u0113r\u012bg\u0101ks.<\/p>\n<p data-start=\"858\" data-end=\"1092\">AQ Active Serum ir piem\u0113rots lieto\u0161anai sejas, kakla un dekolt\u0113 zonas \u0101dai. Serumu var iek\u013caut gan ikdienas \u0101das kop\u0161anas rut\u012bn\u0101, gan profesion\u0101l\u0101s kop\u0161anas programm\u0101s, kuru m\u0113r\u0137is ir redzama \u0101das atjauno\u0161ana un kvalit\u0101tes uzlabo\u0161ana.<\/p>\n<p data-start=\"1094\" data-end=\"1243\">Serums ir ieteicams norm\u0101lai, sausai, kombin\u0113tai un nobriedu\u0161ai \u0101dai, k\u0101 ar\u012b \u0101dai ar noguruma paz\u012bm\u0113m, samazin\u0101tu elast\u012bbu un nevienm\u0113r\u012bgu \u0101das toni.<\/p>\n<p data-start=\"1245\" data-end=\"1263\"><strong data-start=\"1245\" data-end=\"1257\">Tilpums:<\/strong> 30 ml<\/p>\n","protected":false},"excerpt":{"rendered":"<p data-start=\"1533\" data-end=\"1551\">Atjaunojo\u0161s serums<\/p>\n<h2 data-start=\"1553\" data-end=\"1601\"><strong data-start=\"1553\" data-end=\"1601\">\u012apa\u0161\u012bbas AQ Skin Solutions &#8211; AQ Active Serum<\/strong><\/h2>\n<p data-start=\"1603\" data-end=\"1810\">\u2714\ufe0f Atbalsta dabiskos \u0101das atjauno\u0161an\u0101s procesus<br data-start=\"1650\" data-end=\"1653\" \/>\u2714\ufe0f Uzlabo \u0101das bl\u012bvumu un elast\u012bbu<br data-start=\"1687\" data-end=\"1690\" \/>\u2714\ufe0f Veicina vienm\u0113r\u012bg\u0101ku \u0101das toni<br data-start=\"1723\" data-end=\"1726\" \/>\u2714\ufe0f Samazina noveco\u0161an\u0101s paz\u012bmju redzam\u012bbu<br data-start=\"1767\" data-end=\"1770\" \/>\u2714\ufe0f Pal\u012bdz uzlabot r\u0113tu vizu\u0101lo izskatu<\/p>\n","protected":false},"featured_media":63234,"template":"","meta":[],"pwb-brand":[1231],"product_brand":[],"product_cat":[741,737,749,743,751,739,723,747],"product_tag":[],"giftcard-category":[],"class_list":{"0":"post-70533","1":"product","2":"type-product","3":"status-publish","4":"has-post-thumbnail","6":"pwb-brand-aq-skin-solutions-lv","7":"product_cat-izsitumi","8":"product_cat-mitrinasana","9":"product_cat-novecojosa-ada","10":"product_cat-paplasinatas-poras","11":"product_cat-pigmentacija-lv","12":"product_cat-sausai-adai","13":"product_cat-serumi","14":"product_cat-taukainai-adai","16":"first","17":"instock","18":"taxable","19":"shipping-taxable","20":"purchasable","21":"product-type-simple"},"acf":[],"brands":[{"id":1231,"name":"AQ SKIN SOLUTIONS","slug":"aq-skin-solutions-lv"}],"_links":{"self":[{"href":"https:\/\/skinstudio.ee\/lv\/wp-json\/wp\/v2\/product\/70533","targetHints":{"allow":["GET"]}}],"collection":[{"href":"https:\/\/skinstudio.ee\/lv\/wp-json\/wp\/v2\/product"}],"about":[{"href":"https:\/\/skinstudio.ee\/lv\/wp-json\/wp\/v2\/types\/product"}],"version-history":[{"count":0,"href":"https:\/\/skinstudio.ee\/lv\/wp-json\/wp\/v2\/product\/70533\/revisions"}],"wp:featuredmedia":[{"embeddable":true,"href":"https:\/\/skinstudio.ee\/lv\/wp-json\/wp\/v2\/media\/63234"}],"wp:attachment":[{"href":"https:\/\/skinstudio.ee\/lv\/wp-json\/wp\/v2\/media?parent=70533"}],"wp:term":[{"taxonomy":"pwb-brand","embeddable":true,"href":"https:\/\/skinstudio.ee\/lv\/wp-json\/wp\/v2\/pwb-brand?post=70533"},{"taxonomy":"product_brand","embeddable":true,"href":"https:\/\/skinstudio.ee\/lv\/wp-json\/wp\/v2\/product_brand?post=70533"},{"taxonomy":"product_cat","embeddable":true,"href":"https:\/\/skinstudio.ee\/lv\/wp-json\/wp\/v2\/product_cat?post=70533"},{"taxonomy":"product_tag","embeddable":true,"href":"https:\/\/skinstudio.ee\/lv\/wp-json\/wp\/v2\/product_tag?post=70533"},{"taxonomy":"giftcard-category","embeddable":true,"href":"https:\/\/skinstudio.ee\/lv\/wp-json\/wp\/v2\/giftcard-category?post=70533"}],"curies":[{"name":"wp","href":"https:\/\/api.w.org\/{rel}","templated":true}]}}