{"id":70540,"date":"2023-05-24T17:56:26","date_gmt":"2023-05-24T17:56:26","guid":{"rendered":"https:\/\/skinstudio.ee\/?post_type=product&#038;p=70540"},"modified":"2025-12-24T12:25:56","modified_gmt":"2025-12-24T12:25:56","slug":"aq-eye-serum","status":"publish","type":"product","link":"https:\/\/skinstudio.ee\/lv\/catalog\/aq-skin-solutions-lv\/aq-eye-serum\/","title":{"rendered":"AQ Eye Serum"},"content":{"rendered":"<p data-start=\"166\" data-end=\"455\"><strong>AQ Eye<\/strong> <strong>Serum<\/strong> no AQ Skin Solutions ir profesion\u0101ls serums, kas paredz\u0113ts maigai \u0101das kop\u0161anai acu zon\u0101 un dabisko \u0101das atjauno\u0161an\u0101s procesu atbalstam. T\u0101 saudz\u012bg\u0101 formula pal\u012bdz vizu\u0101li izl\u012bdzin\u0101t \u0101du, uzlabot t\u0101s bl\u012bvumu un saglab\u0101t svaigu, atp\u016btu\u0161os izskatu regul\u0101ras lieto\u0161anas gad\u012bjum\u0101.<\/p>\n<p data-start=\"457\" data-end=\"866\">AQ Eye Serum formula balst\u0101s uz aug\u0161anas faktoru izmanto\u0161anu kombin\u0101cij\u0101 ar akt\u012bvaj\u0101m sast\u0101vda\u013c\u0101m, kas ietekm\u0113 procesus, kas saist\u012bti ar tum\u0161o loku veido\u0161anos zem ac\u012bm. \u0160\u012bs sast\u0101vda\u013cas atbalsta dabisko mikrocirkul\u0101ciju un pal\u012bdz \u0101dai izskat\u012bties vienm\u0113r\u012bg\u0101kai, glud\u0101kai un kopt\u0101kai. M\u012bkstino\u0161ie pept\u012bdi pal\u012bdz uztur\u0113t acu zonas \u0101du, veicinot t\u0101s tekst\u016bras uzlabo\u0161anos un vecuma paz\u012bmju redzam\u012bbas mazin\u0101\u0161anos.<\/p>\n<p data-start=\"868\" data-end=\"1166\">AQ Eye Serum pal\u012bdz uzlabot apak\u0161\u0113j\u0101 plaksti\u0146a zonas izskatu, padarot \u0101du vizu\u0101li tvirt\u0101ku un svaig\u0101ku. Viegl\u0101 tekst\u016bra \u0101tri ies\u016bcas, neatst\u0101j taukainu sp\u012bdumu un neaizsprosto poras, t\u0101p\u0113c serums ir piem\u0113rots ikdienas lieto\u0161anai. Formula ir izstr\u0101d\u0101ta, \u0146emot v\u0113r\u0101 jut\u012bg\u0101s acu zonas \u0101das vajadz\u012bbas.<\/p>\n<p data-start=\"1168\" data-end=\"1394\">Serums ir ieteicams acu zonas kop\u0161anai pie noguruma paz\u012bm\u0113m, samazin\u0101tas \u0101das tvirtuma, s\u012bk\u0101m l\u012bnij\u0101m un krunci\u0146\u0101m, k\u0101 ar\u012b noslieces uz tum\u0161ajiem lokiem un piet\u016bkumu. Piem\u0113rots norm\u0101lai, sausai, kombin\u0113tai un nobriedu\u0161ai \u0101dai.<\/p>\n<p data-start=\"1396\" data-end=\"1414\"><strong data-start=\"1396\" data-end=\"1408\">Tilpums:<\/strong> 15 ml<\/p>\n","protected":false},"excerpt":{"rendered":"<p data-start=\"1725\" data-end=\"1754\">Atjaunojo\u0161a kop\u0161ana acu zonai<\/p>\n<h2 data-start=\"1756\" data-end=\"1801\"><strong data-start=\"1756\" data-end=\"1801\">\u012apa\u0161\u012bbas AQ Skin Solutions &#8211; AQ Eye Serum<\/strong><\/h2>\n<p data-start=\"1803\" data-end=\"1974\">\u2714\ufe0f Izl\u012bdzina \u0101du ap ac\u012bm<br data-start=\"1827\" data-end=\"1830\" \/>\u2714\ufe0f Uzlabo \u0101das bl\u012bvumu un tvirtumu<br data-start=\"1864\" data-end=\"1867\" \/>\u2714\ufe0f Samazina tum\u0161o loku redzam\u012bbu<br data-start=\"1899\" data-end=\"1902\" \/>\u2714\ufe0f Mazina smalko l\u012bniju izskatu<br data-start=\"1933\" data-end=\"1936\" \/>\u2714\ufe0f Mazina acu zonas noguruma paz\u012bmes<\/p>\n","protected":false},"featured_media":63229,"template":"","meta":[],"pwb-brand":[1231],"product_brand":[],"product_cat":[733,737,749,723],"product_tag":[],"giftcard-category":[],"class_list":{"0":"post-70540","1":"product","2":"type-product","3":"status-publish","4":"has-post-thumbnail","6":"pwb-brand-aq-skin-solutions-lv","7":"product_cat-ada-ap-acim","8":"product_cat-mitrinasana","9":"product_cat-novecojosa-ada","10":"product_cat-serumi","12":"first","13":"instock","14":"taxable","15":"shipping-taxable","16":"purchasable","17":"product-type-simple"},"acf":[],"brands":[{"id":1231,"name":"AQ SKIN SOLUTIONS","slug":"aq-skin-solutions-lv"}],"_links":{"self":[{"href":"https:\/\/skinstudio.ee\/lv\/wp-json\/wp\/v2\/product\/70540","targetHints":{"allow":["GET"]}}],"collection":[{"href":"https:\/\/skinstudio.ee\/lv\/wp-json\/wp\/v2\/product"}],"about":[{"href":"https:\/\/skinstudio.ee\/lv\/wp-json\/wp\/v2\/types\/product"}],"version-history":[{"count":0,"href":"https:\/\/skinstudio.ee\/lv\/wp-json\/wp\/v2\/product\/70540\/revisions"}],"wp:featuredmedia":[{"embeddable":true,"href":"https:\/\/skinstudio.ee\/lv\/wp-json\/wp\/v2\/media\/63229"}],"wp:attachment":[{"href":"https:\/\/skinstudio.ee\/lv\/wp-json\/wp\/v2\/media?parent=70540"}],"wp:term":[{"taxonomy":"pwb-brand","embeddable":true,"href":"https:\/\/skinstudio.ee\/lv\/wp-json\/wp\/v2\/pwb-brand?post=70540"},{"taxonomy":"product_brand","embeddable":true,"href":"https:\/\/skinstudio.ee\/lv\/wp-json\/wp\/v2\/product_brand?post=70540"},{"taxonomy":"product_cat","embeddable":true,"href":"https:\/\/skinstudio.ee\/lv\/wp-json\/wp\/v2\/product_cat?post=70540"},{"taxonomy":"product_tag","embeddable":true,"href":"https:\/\/skinstudio.ee\/lv\/wp-json\/wp\/v2\/product_tag?post=70540"},{"taxonomy":"giftcard-category","embeddable":true,"href":"https:\/\/skinstudio.ee\/lv\/wp-json\/wp\/v2\/giftcard-category?post=70540"}],"curies":[{"name":"wp","href":"https:\/\/api.w.org\/{rel}","templated":true}]}}