{"id":70547,"date":"2023-05-24T17:56:26","date_gmt":"2023-05-24T17:56:26","guid":{"rendered":"https:\/\/skinstudio.ee\/?post_type=product&#038;p=70547"},"modified":"2025-12-24T12:25:56","modified_gmt":"2025-12-24T12:25:56","slug":"aq-lash","status":"publish","type":"product","link":"https:\/\/skinstudio.ee\/lv\/catalog\/aq-skin-solutions-lv\/aq-lash\/","title":{"rendered":"AQ Lash"},"content":{"rendered":"<p data-start=\"177\" data-end=\"499\">AQ Lash no AQ Skin Solutions ir profesion\u0101ls serums skropstu un uzacu kop\u0161anai, kas izstr\u0101d\u0101ts, lai atbalst\u012btu to dabisko aug\u0161anas ciklu un uzlabotu kop\u0113jo izskatu. Produkta formula pal\u012bdz atjaunot mati\u0146u vitalit\u0101ti un padara skropstas un uzacis vizu\u0101li kupl\u0101kas, stipr\u0101kas un izteiksm\u012bg\u0101kas regul\u0101ras lieto\u0161anas gad\u012bjum\u0101.<\/p>\n<p data-start=\"501\" data-end=\"874\">AQ Lash sast\u0101v\u0101 ir patent\u0113ts aug\u0161anas faktoru komplekss, kas atbalsta matu folikulu aktivit\u0101ti un rada labv\u0113l\u012bgus apst\u0101k\u013cus vesel\u012bgai skropstu un uzacu aug\u0161anai. Serums iedarbojas uz matu matric\u0101m, pal\u012bdzot uzlabot mati\u0146u kvalit\u0101ti, bl\u012bvumu un iztur\u012bbu, neizmantojot prostagland\u012bnus. T\u0101d\u0113j\u0101di produkts neietekm\u0113 acu kr\u0101su vai \u0101das toni un ir piem\u0113rots ilgsto\u0161ai lieto\u0161anai.<\/p>\n<p data-start=\"876\" data-end=\"1157\">Viegl\u0101 tekst\u016bra \u0101tri ies\u016bcas un nodro\u0161ina komfortablu lieto\u0161anu ikdien\u0101 bez kairin\u0101juma. Vienreizlietojamie aplikatori nodro\u0161ina prec\u012bzu un higi\u0113nisku uzkl\u0101\u0161anu skropstu l\u012bnijai un uzacu zonai. Regul\u0101ri lietojot, skropstas un uzacis izskat\u0101s kopt\u0101kas, kupl\u0101kas un vizu\u0101li bl\u012bv\u0101kas.<\/p>\n<p data-start=\"1159\" data-end=\"1410\">Serums ir ieteicams nov\u0101jin\u0101t\u0101m, trausl\u0101m vai l\u0113ni augo\u0161\u0101m skropst\u0101m un uzac\u012bm, k\u0101 ar\u012b p\u0113c kosm\u0113tisk\u0101m proced\u016br\u0101m, piem\u0113ram, pieaudz\u0113\u0161anas, kr\u0101so\u0161anas vai bie\u017eas dekorat\u012bv\u0101s kosm\u0113tikas lieto\u0161anas. Piem\u0113rots jut\u012bgai acu zonas \u0101dai un ikdienas kop\u0161anai.<\/p>\n<p data-start=\"1412\" data-end=\"1445\"><strong data-start=\"1412\" data-end=\"1424\">Tilpums:<\/strong> 7 ml + 30 aplikatori<\/p>\n","protected":false},"excerpt":{"rendered":"<p data-start=\"2000\" data-end=\"2039\">Atjaunojo\u0161a kop\u0161ana skropst\u0101m un uzac\u012bm<\/p>\n<h2 data-start=\"2041\" data-end=\"2081\"><strong data-start=\"2041\" data-end=\"2081\">\u012apa\u0161\u012bbas AQ Skin Solutions &#8211; AQ Lash<\/strong><\/h2>\n<p data-start=\"2083\" data-end=\"2268\">\u2714\ufe0f Stimul\u0113 dabisku skropstu aug\u0161anu<br data-start=\"2118\" data-end=\"2121\" \/>\u2714\ufe0f Veicina mati\u0146u liel\u0101ku bl\u012bvumu<br data-start=\"2154\" data-end=\"2157\" \/>\u2714\ufe0f Stiprina skropstas un uzacis<br data-start=\"2188\" data-end=\"2191\" \/>\u2714\ufe0f Uzlabo uzacu kop\u0113jo izskatu<br data-start=\"2221\" data-end=\"2224\" \/>\u2714\ufe0f Atbalsta vesel\u012bgu matu folikulu darb\u012bbu<\/p>\n","protected":false},"featured_media":63219,"template":"","meta":[],"pwb-brand":[1231],"product_brand":[],"product_cat":[733,762,723],"product_tag":[],"giftcard-category":[],"class_list":{"0":"post-70547","1":"product","2":"type-product","3":"status-publish","4":"has-post-thumbnail","6":"pwb-brand-aq-skin-solutions-lv","7":"product_cat-ada-ap-acim","8":"product_cat-matu-kopsana","9":"product_cat-serumi","11":"first","12":"instock","13":"taxable","14":"shipping-taxable","15":"purchasable","16":"product-type-simple"},"acf":[],"brands":[{"id":1231,"name":"AQ SKIN SOLUTIONS","slug":"aq-skin-solutions-lv"}],"_links":{"self":[{"href":"https:\/\/skinstudio.ee\/lv\/wp-json\/wp\/v2\/product\/70547","targetHints":{"allow":["GET"]}}],"collection":[{"href":"https:\/\/skinstudio.ee\/lv\/wp-json\/wp\/v2\/product"}],"about":[{"href":"https:\/\/skinstudio.ee\/lv\/wp-json\/wp\/v2\/types\/product"}],"version-history":[{"count":0,"href":"https:\/\/skinstudio.ee\/lv\/wp-json\/wp\/v2\/product\/70547\/revisions"}],"wp:featuredmedia":[{"embeddable":true,"href":"https:\/\/skinstudio.ee\/lv\/wp-json\/wp\/v2\/media\/63219"}],"wp:attachment":[{"href":"https:\/\/skinstudio.ee\/lv\/wp-json\/wp\/v2\/media?parent=70547"}],"wp:term":[{"taxonomy":"pwb-brand","embeddable":true,"href":"https:\/\/skinstudio.ee\/lv\/wp-json\/wp\/v2\/pwb-brand?post=70547"},{"taxonomy":"product_brand","embeddable":true,"href":"https:\/\/skinstudio.ee\/lv\/wp-json\/wp\/v2\/product_brand?post=70547"},{"taxonomy":"product_cat","embeddable":true,"href":"https:\/\/skinstudio.ee\/lv\/wp-json\/wp\/v2\/product_cat?post=70547"},{"taxonomy":"product_tag","embeddable":true,"href":"https:\/\/skinstudio.ee\/lv\/wp-json\/wp\/v2\/product_tag?post=70547"},{"taxonomy":"giftcard-category","embeddable":true,"href":"https:\/\/skinstudio.ee\/lv\/wp-json\/wp\/v2\/giftcard-category?post=70547"}],"curies":[{"name":"wp","href":"https:\/\/api.w.org\/{rel}","templated":true}]}}