{"id":70555,"date":"2023-05-24T17:56:26","date_gmt":"2023-05-24T17:56:26","guid":{"rendered":"https:\/\/skinstudio.ee\/?post_type=product&#038;p=70555"},"modified":"2025-12-24T12:25:56","modified_gmt":"2025-12-24T12:25:56","slug":"aq-intensive-moisturizing-repair-mask","status":"publish","type":"product","link":"https:\/\/skinstudio.ee\/lv\/catalog\/aq-skin-solutions-lv\/aq-intensive-moisturizing-repair-mask\/","title":{"rendered":"AQ Intensive Moisturizing Repair Mask"},"content":{"rendered":"<p data-start=\"237\" data-end=\"555\"><strong>AQ Intensive Moisturizing Repair Mask no AQ Skin Solutions<\/strong> ir profesion\u0101la h\u012bdrog\u0113la maska, kas paredz\u0113ta intens\u012bvai \u0101das mitrin\u0101\u0161anai, atjauno\u0161anai un komforta saj\u016btas uzlabo\u0161anai. Masku var izmantot regul\u0101ri gan k\u0101 patst\u0101v\u012bgu soli m\u0101jas kop\u0161anas rut\u012bn\u0101, gan profesion\u0101lu proced\u016bru ietvaros to efekta pastiprin\u0101\u0161anai.<\/p>\n<p data-start=\"557\" data-end=\"869\">H\u012bdrog\u0113la maskas tehnolo\u0123ija nodro\u0161ina cie\u0161u kontaktu ar \u0101du, pal\u012bdzot saglab\u0101t mitrumu un uzlabot akt\u012bvo sast\u0101vda\u013cu uzs\u016bk\u0161anos. Formula ir v\u0113rsta uz optim\u0101la \u0101das mitruma l\u012bme\u0146a uztur\u0113\u0161anu, savelkuma saj\u016btas mazin\u0101\u0161anu un kop\u0113j\u0101 \u0101das izskata uzlabo\u0161anu. P\u0113c lieto\u0161anas \u0101da izskat\u0101s glud\u0101ka, svaig\u0101ka un kopt\u0101ka.<\/p>\n<p data-start=\"871\" data-end=\"1173\">Maskas sast\u0101v\u0101 ir mitrino\u0161i un atjaunojo\u0161i komponenti, tostarp niacinam\u012bds, keram\u012bdi un augu ekstrakti. \u0160\u012bs sast\u0101vda\u013cas pal\u012bdz atbalst\u012bt \u0101das aizsargbarjeru, uzlabot komforta saj\u016btu un veicina vesel\u012bgu, mirdzo\u0161u \u0101das izskatu. Regul\u0101ri lietojot, \u0101da izskat\u0101s l\u012bdzsvarot\u0101ka, lab\u0101k mitrin\u0101ta un atjaunota.<\/p>\n<p data-start=\"1175\" data-end=\"1459\">AQ Intensive Moisturizing Repair Mask ir \u012bpa\u0161i piem\u0113rota bl\u0101vai, sausai un dehidrat\u0113tai \u0101dai, k\u0101 ar\u012b \u0101dai, kas piedz\u012bvojusi stresu p\u0113c kosm\u0113tisk\u0101m proced\u016br\u0101m. Masku var izmantot, lai uztur\u0113tu koptu \u0101das izskatu un sniegtu papildu kop\u0161anu pastiprin\u0101ta sausuma vai diskomforta periodos.<\/p>\n","protected":false},"excerpt":{"rendered":"<p data-start=\"1702\" data-end=\"1745\">Mitrino\u0161a, nomierino\u0161a un atjaunojo\u0161a maska<\/p>\n<h2 data-start=\"1747\" data-end=\"1817\"><strong data-start=\"1747\" data-end=\"1817\">\u012apa\u0161\u012bbas AQ Skin Solutions &#8211; AQ Intensive Moisturizing Repair Mask<\/strong><\/h2>\n<p data-start=\"1819\" data-end=\"2019\">\u2714\ufe0f Intens\u012bvi mitrina un m\u012bkstina \u0101du<br data-start=\"1855\" data-end=\"1858\" \/>\u2714\ufe0f Nomierina \u0101du un mazina diskomfortu<br data-start=\"1896\" data-end=\"1899\" \/>\u2714\ufe0f Atbalsta \u0101das aizsargbarjeras atjauno\u0161anu<br data-start=\"1943\" data-end=\"1946\" \/>\u2714\ufe0f Uzlabo bl\u0101vas \u0101das izskatu<br data-start=\"1975\" data-end=\"1978\" \/>\u2714\ufe0f Veicina akt\u012bvo sast\u0101vda\u013cu uzs\u016bk\u0161anos<\/p>\n","protected":false},"featured_media":63224,"template":"","meta":[],"pwb-brand":[1231],"product_brand":[],"product_cat":[741,745,725,737,749,739,747],"product_tag":[],"giftcard-category":[],"class_list":{"0":"post-70555","1":"product","2":"type-product","3":"status-publish","4":"has-post-thumbnail","6":"pwb-brand-aq-skin-solutions-lv","7":"product_cat-izsitumi","8":"product_cat-jutigai-adai","9":"product_cat-maskas","10":"product_cat-mitrinasana","11":"product_cat-novecojosa-ada","12":"product_cat-sausai-adai","13":"product_cat-taukainai-adai","15":"first","16":"instock","17":"taxable","18":"shipping-taxable","19":"purchasable","20":"product-type-simple"},"acf":[],"brands":[{"id":1231,"name":"AQ SKIN SOLUTIONS","slug":"aq-skin-solutions-lv"}],"_links":{"self":[{"href":"https:\/\/skinstudio.ee\/lv\/wp-json\/wp\/v2\/product\/70555","targetHints":{"allow":["GET"]}}],"collection":[{"href":"https:\/\/skinstudio.ee\/lv\/wp-json\/wp\/v2\/product"}],"about":[{"href":"https:\/\/skinstudio.ee\/lv\/wp-json\/wp\/v2\/types\/product"}],"version-history":[{"count":0,"href":"https:\/\/skinstudio.ee\/lv\/wp-json\/wp\/v2\/product\/70555\/revisions"}],"wp:featuredmedia":[{"embeddable":true,"href":"https:\/\/skinstudio.ee\/lv\/wp-json\/wp\/v2\/media\/63224"}],"wp:attachment":[{"href":"https:\/\/skinstudio.ee\/lv\/wp-json\/wp\/v2\/media?parent=70555"}],"wp:term":[{"taxonomy":"pwb-brand","embeddable":true,"href":"https:\/\/skinstudio.ee\/lv\/wp-json\/wp\/v2\/pwb-brand?post=70555"},{"taxonomy":"product_brand","embeddable":true,"href":"https:\/\/skinstudio.ee\/lv\/wp-json\/wp\/v2\/product_brand?post=70555"},{"taxonomy":"product_cat","embeddable":true,"href":"https:\/\/skinstudio.ee\/lv\/wp-json\/wp\/v2\/product_cat?post=70555"},{"taxonomy":"product_tag","embeddable":true,"href":"https:\/\/skinstudio.ee\/lv\/wp-json\/wp\/v2\/product_tag?post=70555"},{"taxonomy":"giftcard-category","embeddable":true,"href":"https:\/\/skinstudio.ee\/lv\/wp-json\/wp\/v2\/giftcard-category?post=70555"}],"curies":[{"name":"wp","href":"https:\/\/api.w.org\/{rel}","templated":true}]}}