{"id":70564,"date":"2023-05-24T17:56:26","date_gmt":"2023-05-24T17:56:26","guid":{"rendered":"https:\/\/skinstudio.ee\/?post_type=product&#038;p=70564"},"modified":"2025-12-24T12:25:56","modified_gmt":"2025-12-24T12:25:56","slug":"aq-hair-complex","status":"publish","type":"product","link":"https:\/\/skinstudio.ee\/lv\/catalog\/aq-skin-solutions-lv\/aq-hair-complex\/","title":{"rendered":"AQ Hair Complex"},"content":{"rendered":"<p data-start=\"193\" data-end=\"491\">AQ Hair Complex no AQ Skin Solutions ir profesion\u0101ls ampulu komplekss, kas izstr\u0101d\u0101ts, lai atbalst\u012btu dabisku matu aug\u0161anu un uzlabotu galvas \u0101das un matu folikulu visp\u0101r\u0113jo st\u0101vokli. Formula ir paredz\u0113ta ar vecumu saist\u012btu izmai\u0146u, nov\u0101jin\u0101tu matu sak\u0146u un trauc\u0113ta matu aug\u0161anas cikla gad\u012bjumiem.<\/p>\n<p data-start=\"493\" data-end=\"844\">AQ Hair Complex pamat\u0101 ir inovat\u012bva pieeja, kas apvieno aug\u0161anas faktorus ar barojo\u0161iem un kopjo\u0161iem komponentiem. \u0160\u012bs sast\u0101vda\u013cas atbalsta matu folikulu cilmes \u0161\u016bnu vesel\u012bgu darb\u012bbu, kam ir b\u016btiska noz\u012bme stipru, iztur\u012bgu un vesel\u012bgi izskato\u0161u matu saglab\u0101\u0161an\u0101. Komplekss pal\u012bdz rad\u012bt labv\u0113l\u012bgus apst\u0101k\u013cus matu aug\u0161anai un uzlabo to kop\u0113jo kvalit\u0101ti.<\/p>\n<p data-start=\"846\" data-end=\"1158\">Formula ir bag\u0101tin\u0101ta ar aug\u013cu e\u013c\u013c\u0101m un citiem akt\u012bvajiem komponentiem, kas baro galvas \u0101du, atbalsta boj\u0101tu matu folikulu atjauno\u0161anos un pal\u012bdz saglab\u0101t \u0101das komfortu. Regul\u0101ra lieto\u0161ana veicina galvas \u0101das st\u0101vok\u013ca uzlabo\u0161anos, atbalsta dabisku mikrocirkul\u0101ciju un pal\u012bdz atjaunot norm\u0101lu matu aug\u0161anas ciklu.<\/p>\n<p data-start=\"1160\" data-end=\"1428\">AQ Hair Complex ir piem\u0113rots lieto\u0161anai pastiprin\u0101tas matu izkri\u0161anas, matu retin\u0101\u0161an\u0101s, nov\u0101jin\u0101tu sak\u0146u un samazin\u0101ta matu bl\u012bvuma gad\u012bjumos. Ampulu kurss var tikt izmantots gan k\u0101 intens\u012bva kop\u0161ana, gan k\u0101 uzturo\u0161s risin\u0101jums matu kvalit\u0101tes un izskata uzlabo\u0161anai.<\/p>\n<p data-start=\"1430\" data-end=\"1459\"><strong data-start=\"1430\" data-end=\"1442\">Tilpums:<\/strong> 5 \u00d7 6 ml ampulas<\/p>\n","protected":false},"excerpt":{"rendered":"<p data-start=\"1836\" data-end=\"1867\">Matu aug\u0161anu stimul\u0113jo\u0161s serums<\/p>\n<h2 data-start=\"1869\" data-end=\"1917\"><strong data-start=\"1869\" data-end=\"1917\">\u012apa\u0161\u012bbas AQ Skin Solutions &#8211; AQ Hair Complex<\/strong><\/h2>\n<p data-start=\"1919\" data-end=\"2104\">\u2714\ufe0f Atbalsta dabisku matu aug\u0161anu<br data-start=\"1951\" data-end=\"1954\" \/>\u2714\ufe0f Samazina matu izkri\u0161anas redzam\u012bbu<br data-start=\"1991\" data-end=\"1994\" \/>\u2714\ufe0f Uzlabo galvas \u0101das st\u0101vokli<br data-start=\"2024\" data-end=\"2027\" \/>\u2714\ufe0f Veicina matu folikulu atjauno\u0161anos<br data-start=\"2064\" data-end=\"2067\" \/>\u2714\ufe0f Uzlabo matu bl\u012bvumu un kvalit\u0101ti<\/p>\n","protected":false},"featured_media":63214,"template":"","meta":[],"pwb-brand":[1231],"product_brand":[],"product_cat":[757,762],"product_tag":[],"giftcard-category":[],"class_list":{"0":"post-70564","1":"product","2":"type-product","3":"status-publish","4":"has-post-thumbnail","6":"pwb-brand-aq-skin-solutions-lv","7":"product_cat-kermena-kopsana","8":"product_cat-matu-kopsana","10":"first","11":"instock","12":"taxable","13":"shipping-taxable","14":"purchasable","15":"product-type-simple"},"acf":[],"brands":[{"id":1231,"name":"AQ SKIN SOLUTIONS","slug":"aq-skin-solutions-lv"}],"_links":{"self":[{"href":"https:\/\/skinstudio.ee\/lv\/wp-json\/wp\/v2\/product\/70564","targetHints":{"allow":["GET"]}}],"collection":[{"href":"https:\/\/skinstudio.ee\/lv\/wp-json\/wp\/v2\/product"}],"about":[{"href":"https:\/\/skinstudio.ee\/lv\/wp-json\/wp\/v2\/types\/product"}],"version-history":[{"count":0,"href":"https:\/\/skinstudio.ee\/lv\/wp-json\/wp\/v2\/product\/70564\/revisions"}],"wp:featuredmedia":[{"embeddable":true,"href":"https:\/\/skinstudio.ee\/lv\/wp-json\/wp\/v2\/media\/63214"}],"wp:attachment":[{"href":"https:\/\/skinstudio.ee\/lv\/wp-json\/wp\/v2\/media?parent=70564"}],"wp:term":[{"taxonomy":"pwb-brand","embeddable":true,"href":"https:\/\/skinstudio.ee\/lv\/wp-json\/wp\/v2\/pwb-brand?post=70564"},{"taxonomy":"product_brand","embeddable":true,"href":"https:\/\/skinstudio.ee\/lv\/wp-json\/wp\/v2\/product_brand?post=70564"},{"taxonomy":"product_cat","embeddable":true,"href":"https:\/\/skinstudio.ee\/lv\/wp-json\/wp\/v2\/product_cat?post=70564"},{"taxonomy":"product_tag","embeddable":true,"href":"https:\/\/skinstudio.ee\/lv\/wp-json\/wp\/v2\/product_tag?post=70564"},{"taxonomy":"giftcard-category","embeddable":true,"href":"https:\/\/skinstudio.ee\/lv\/wp-json\/wp\/v2\/giftcard-category?post=70564"}],"curies":[{"name":"wp","href":"https:\/\/api.w.org\/{rel}","templated":true}]}}