{"id":70571,"date":"2023-05-24T17:56:26","date_gmt":"2023-05-24T17:56:26","guid":{"rendered":"https:\/\/skinstudio.ee\/?post_type=product&#038;p=70571"},"modified":"2025-12-24T12:25:56","modified_gmt":"2025-12-24T12:25:56","slug":"aq-vaginal-rejuvenation-system","status":"publish","type":"product","link":"https:\/\/skinstudio.ee\/lv\/catalog\/aq-skin-solutions-lv\/aq-vaginal-rejuvenation-system\/","title":{"rendered":"AQ Vaginal Rejuvenation System"},"content":{"rendered":"<p data-start=\"247\" data-end=\"584\"><strong>AQ Vaginal Rejuvenation System no AQ Skin Solutions<\/strong> ir nehormon\u0101ls vagin\u0101lais serums, kas izstr\u0101d\u0101ts, lai atbalst\u012btu dabiskos \u0161\u016bnu atjauno\u0161an\u0101s procesus un uzlabotu maksts audu st\u0101vokli. Produkts pal\u012bdz atjaunot komfortu, mitrin\u0101\u0161anu un elast\u012bbu int\u012bmaj\u0101 zon\u0101, \u012bpa\u0161i paaugstin\u0101tas sausuma saj\u016btas vai ar vecumu saist\u012btu izmai\u0146u periodos.<\/p>\n<p data-start=\"586\" data-end=\"911\">AQ Vaginal Rejuvenation System formula balst\u0101s uz patent\u0113tu aug\u0161anas faktoru tehnolo\u0123iju, kas atbalsta maksts g\u013cot\u0101das re\u0123ener\u0101cijas procesus. \u0160\u012bs sast\u0101vda\u013cas pal\u012bdz saglab\u0101t audu strukt\u016bru, uzlabot elast\u012bbu un rad\u012bt labv\u0113l\u012bgus apst\u0101k\u013cus dabiskai atjauno\u0161anai. Regul\u0101ra lieto\u0161ana pal\u012bdz mazin\u0101t sausuma saj\u016btu un diskomfortu.<\/p>\n<p data-start=\"913\" data-end=\"1181\">Serums veicina ar\u012b maksts audu dabisk\u0101 mitruma l\u012bdzsvara uztur\u0113\u0161anu un pal\u012bdz uzlabot maksts sieni\u0146u elast\u012bbu. Rezult\u0101t\u0101 palielin\u0101s visp\u0101r\u0113jais komforts int\u012bmaj\u0101 zon\u0101. Formula nesatur hormonus un ir piem\u0113rota lieto\u0161anai gan k\u0101 intens\u012bvs kurss, gan k\u0101 uzturo\u0161a kop\u0161ana.<\/p>\n<p data-start=\"1183\" data-end=\"1477\">AQ Vaginal Rejuvenation System ir ieteicams sieviet\u0113m, kuras saskaras ar maksts sausumu, elast\u012bbas samazin\u0101\u0161anos vai int\u012bmu diskomfortu, tostarp p\u0113c dzemd\u012bb\u0101m, hormon\u0101lu izmai\u0146u laik\u0101 vai ar vecumu saist\u012btos p\u0101rejas periodos. Piem\u0113rots regul\u0101rai lieto\u0161anai atbilsto\u0161i individu\u0101laj\u0101m vajadz\u012bb\u0101m.<\/p>\n<p data-start=\"1479\" data-end=\"1508\"><strong data-start=\"1479\" data-end=\"1491\">Tilpums:<\/strong> 6 \u00d7 4 ml t\u016bbi\u0146as<\/p>\n","protected":false},"excerpt":{"rendered":"<p data-start=\"2002\" data-end=\"2033\">Vagin\u0101lais atjaunojo\u0161ais serums<\/p>\n<h2 data-start=\"2035\" data-end=\"2098\"><strong data-start=\"2035\" data-end=\"2098\">\u012apa\u0161\u012bbas AQ Skin Solutions &#8211; AQ Vaginal Rejuvenation System<\/strong><\/h2>\n<p data-start=\"2100\" data-end=\"2299\">\u2714\ufe0f Mazina maksts sausumu un diskomfortu<br data-start=\"2139\" data-end=\"2142\" \/>\u2714\ufe0f Atbalsta maksts audu mitrin\u0101\u0161anu<br data-start=\"2177\" data-end=\"2180\" \/>\u2714\ufe0f Uzlabo int\u012bm\u0101s zonas elast\u012bbu<br data-start=\"2212\" data-end=\"2215\" \/>\u2714\ufe0f Veicina dabiskus atjauno\u0161an\u0101s procesus<br data-start=\"2256\" data-end=\"2259\" \/>\u2714\ufe0f Palielina visp\u0101r\u0113jo int\u012bmo komfortu<\/p>\n","protected":false},"featured_media":63209,"template":"","meta":[],"pwb-brand":[1231],"product_brand":[],"product_cat":[757,749],"product_tag":[],"giftcard-category":[],"class_list":{"0":"post-70571","1":"product","2":"type-product","3":"status-publish","4":"has-post-thumbnail","6":"pwb-brand-aq-skin-solutions-lv","7":"product_cat-kermena-kopsana","8":"product_cat-novecojosa-ada","10":"first","11":"instock","12":"taxable","13":"shipping-taxable","14":"purchasable","15":"product-type-simple"},"acf":[],"brands":[{"id":1231,"name":"AQ SKIN SOLUTIONS","slug":"aq-skin-solutions-lv"}],"_links":{"self":[{"href":"https:\/\/skinstudio.ee\/lv\/wp-json\/wp\/v2\/product\/70571","targetHints":{"allow":["GET"]}}],"collection":[{"href":"https:\/\/skinstudio.ee\/lv\/wp-json\/wp\/v2\/product"}],"about":[{"href":"https:\/\/skinstudio.ee\/lv\/wp-json\/wp\/v2\/types\/product"}],"version-history":[{"count":0,"href":"https:\/\/skinstudio.ee\/lv\/wp-json\/wp\/v2\/product\/70571\/revisions"}],"wp:featuredmedia":[{"embeddable":true,"href":"https:\/\/skinstudio.ee\/lv\/wp-json\/wp\/v2\/media\/63209"}],"wp:attachment":[{"href":"https:\/\/skinstudio.ee\/lv\/wp-json\/wp\/v2\/media?parent=70571"}],"wp:term":[{"taxonomy":"pwb-brand","embeddable":true,"href":"https:\/\/skinstudio.ee\/lv\/wp-json\/wp\/v2\/pwb-brand?post=70571"},{"taxonomy":"product_brand","embeddable":true,"href":"https:\/\/skinstudio.ee\/lv\/wp-json\/wp\/v2\/product_brand?post=70571"},{"taxonomy":"product_cat","embeddable":true,"href":"https:\/\/skinstudio.ee\/lv\/wp-json\/wp\/v2\/product_cat?post=70571"},{"taxonomy":"product_tag","embeddable":true,"href":"https:\/\/skinstudio.ee\/lv\/wp-json\/wp\/v2\/product_tag?post=70571"},{"taxonomy":"giftcard-category","embeddable":true,"href":"https:\/\/skinstudio.ee\/lv\/wp-json\/wp\/v2\/giftcard-category?post=70571"}],"curies":[{"name":"wp","href":"https:\/\/api.w.org\/{rel}","templated":true}]}}