{"id":70575,"date":"2025-10-03T08:18:42","date_gmt":"2025-10-03T08:18:42","guid":{"rendered":"https:\/\/skinstudio.ee\/?post_type=product&#038;p=70575"},"modified":"2025-12-24T12:25:56","modified_gmt":"2025-12-24T12:25:56","slug":"ohhira-cream-mask-with-postbiotics","status":"publish","type":"product","link":"https:\/\/skinstudio.ee\/lv\/catalog\/dr-ohhira-lv\/ohhira-cream-mask-with-postbiotics\/","title":{"rendered":"Ohhira Cream Mask with Postbiotics"},"content":{"rendered":"<p data-start=\"0\" data-end=\"134\">Atkl\u0101j mirdzo\u0161as \u0101das nosl\u0113pumu ar auduma masku Dr.OHHIRA\u00ae MIZUKI, kas rad\u012bta, apvienojot r\u016bp\u012bgi atlas\u012btas dab\u012bgas sast\u0101vda\u013cas.<\/p>\n<p data-start=\"136\" data-end=\"342\">Dr.OHHIRA\u00ae &#8211; Cream Mask with Postbiotics sast\u0101v no trim sl\u0101\u0146iem: pirmais sl\u0101nis notur mitrumu un akt\u012bv\u0101s vielas, otrais t\u0101s pak\u0101peniski atbr\u012bvo \u0101d\u0101, bet tre\u0161ais nov\u0113r\u0161 notec\u0113\u0161anu, nodro\u0161inot \u0113rtu lieto\u0161anu.<\/p>\n<p data-start=\"344\" data-end=\"602\">Maskas akt\u012bv\u0101s sast\u0101vda\u013cas pal\u012bdz samazin\u0101t grumbas, padara \u0101du z\u012bdaini gludu, mitrin\u0101tu un maigu. Produkts ir izstr\u0101d\u0101ts, lai uztur\u0113tu \u0101das elast\u012bbu, pasarg\u0101tu no sausuma, k\u0101 ar\u012b pal\u012bdz\u0113tu nov\u0113rst grumbi\u0146as un tvirtuma zudumu &#8211; galven\u0101s noveco\u0161an\u0101s paz\u012bmes.<\/p>\n<p data-start=\"604\" data-end=\"825\">T\u0101 ir emulsijas formula, kas izveidota ar \u012bpa\u0161u tehnolo\u0123iju maksim\u0101lai mitrino\u0161\u0101 kr\u0113ma uzs\u016bk\u0161anai. Sast\u0101v\u0101 ir postbioti\u0137i vesel\u012bga \u0101das mikrobioma atbalstam un funkcion\u0101lie komponenti ar zin\u0101tniski pier\u0101d\u012btu efektivit\u0101ti.<\/p>\n<p data-start=\"827\" data-end=\"902\">Maska mitrina un izl\u012bdzina \u0101du, uzlabo t\u0101s toni un man\u0101mi samazina grumbas.<\/p>\n<p data-start=\"904\" data-end=\"923\"><strong data-start=\"904\" data-end=\"916\">Tilpums:<\/strong> 1 gab.<\/p>\n","protected":false},"excerpt":{"rendered":"<p data-start=\"1128\" data-end=\"1183\">Auduma maska dzi\u013cai mitrin\u0101\u0161anai un \u0101das izl\u012bdzin\u0101\u0161anai<\/p>\n<h2 data-start=\"1185\" data-end=\"1468\"><strong data-start=\"1185\" data-end=\"1238\">\u012apa\u0161\u012bbas Dr.OHHIRA\u00ae &#8211; Cream Mask with Postbiotics<\/strong><\/h2>\n<p data-start=\"1185\" data-end=\"1468\">\u2714\ufe0f Intens\u012bvi mitrina un m\u012bkstina \u0101du<br data-start=\"1277\" data-end=\"1280\" \/>\u2714\ufe0f Izl\u012bdzina grumbas un uzlabo sejas toni<br data-start=\"1321\" data-end=\"1324\" \/>\u2714\ufe0f Uztur \u0101das elast\u012bbu un tvirtumu<br data-start=\"1358\" data-end=\"1361\" \/>\u2714\ufe0f Aizsarg\u0101 no sausuma un pirmaj\u0101m noveco\u0161an\u0101s paz\u012bm\u0113m<br data-start=\"1415\" data-end=\"1418\" \/>\u2714\ufe0f Satur postbioti\u0137us vesel\u012bgam \u0101das mikrobiomam<\/p>\n","protected":false},"featured_media":63404,"template":"","meta":[],"pwb-brand":[1233],"product_brand":[],"product_cat":[725,737,749],"product_tag":[],"giftcard-category":[],"class_list":{"0":"post-70575","1":"product","2":"type-product","3":"status-publish","4":"has-post-thumbnail","6":"pwb-brand-dr-ohhira-lv","7":"product_cat-maskas","8":"product_cat-mitrinasana","9":"product_cat-novecojosa-ada","11":"first","12":"instock","13":"taxable","14":"shipping-taxable","15":"purchasable","16":"product-type-simple"},"acf":[],"brands":[{"id":1233,"name":"Dr. Ohhira","slug":"dr-ohhira-lv"}],"_links":{"self":[{"href":"https:\/\/skinstudio.ee\/lv\/wp-json\/wp\/v2\/product\/70575","targetHints":{"allow":["GET"]}}],"collection":[{"href":"https:\/\/skinstudio.ee\/lv\/wp-json\/wp\/v2\/product"}],"about":[{"href":"https:\/\/skinstudio.ee\/lv\/wp-json\/wp\/v2\/types\/product"}],"version-history":[{"count":0,"href":"https:\/\/skinstudio.ee\/lv\/wp-json\/wp\/v2\/product\/70575\/revisions"}],"wp:featuredmedia":[{"embeddable":true,"href":"https:\/\/skinstudio.ee\/lv\/wp-json\/wp\/v2\/media\/63404"}],"wp:attachment":[{"href":"https:\/\/skinstudio.ee\/lv\/wp-json\/wp\/v2\/media?parent=70575"}],"wp:term":[{"taxonomy":"pwb-brand","embeddable":true,"href":"https:\/\/skinstudio.ee\/lv\/wp-json\/wp\/v2\/pwb-brand?post=70575"},{"taxonomy":"product_brand","embeddable":true,"href":"https:\/\/skinstudio.ee\/lv\/wp-json\/wp\/v2\/product_brand?post=70575"},{"taxonomy":"product_cat","embeddable":true,"href":"https:\/\/skinstudio.ee\/lv\/wp-json\/wp\/v2\/product_cat?post=70575"},{"taxonomy":"product_tag","embeddable":true,"href":"https:\/\/skinstudio.ee\/lv\/wp-json\/wp\/v2\/product_tag?post=70575"},{"taxonomy":"giftcard-category","embeddable":true,"href":"https:\/\/skinstudio.ee\/lv\/wp-json\/wp\/v2\/giftcard-category?post=70575"}],"curies":[{"name":"wp","href":"https:\/\/api.w.org\/{rel}","templated":true}]}}