{"id":70581,"date":"2024-09-05T09:19:28","date_gmt":"2024-09-05T09:19:28","guid":{"rendered":"https:\/\/skinstudio.ee\/?post_type=product&#038;p=70581"},"modified":"2026-04-29T12:13:58","modified_gmt":"2026-04-29T12:13:58","slug":"dr-ohhira-deluxe-5-years-of-fermentation","status":"publish","type":"product","link":"https:\/\/skinstudio.ee\/lv\/catalog\/dr-ohhira\/dr-ohhira-deluxe-5-years-of-fermentation\/","title":{"rendered":"Deluxe 5 Years Of Fermentation"},"content":{"rendered":"<p data-start=\"104\" data-end=\"220\"><strong data-start=\"104\" data-end=\"220\">Dr.OHHIRA\u00ae DELUXE 5 Years Of Fermentation no Dr.OHHIRA\u00ae &#8211; uztura bag\u0101tin\u0101t\u0101js ar ferment\u0113tu probiotisko formulu.<\/strong><\/p>\n<p data-start=\"222\" data-end=\"471\">Formula izstr\u0101d\u0101ta, balstoties uz ilgsto\u0161u augu izcelsmes sast\u0101vda\u013cu ferment\u0101cijas procesu, izmantojot piensk\u0101bes bakt\u0113riju celmus. Ferment\u0101cijas laik\u0101 veidojas da\u017e\u0101du savienojumu komplekss, tostarp organisk\u0101s sk\u0101bes, aminosk\u0101bes un citi komponenti.<\/p>\n<p data-start=\"473\" data-end=\"684\">Produkts satur probiotisko kult\u016bru, ferment\u0113tu augu sast\u0101vda\u013cu un papildu savienojumu kombin\u0101ciju, kas veidojas ferment\u0101cijas proces\u0101. Kapsulu forma nodro\u0161ina \u0113rtu lieto\u0161anu un ir piem\u0113rota regul\u0101rai lieto\u0161anai.<\/p>\n<p data-start=\"686\" data-end=\"903\"><strong data-start=\"686\" data-end=\"704\">Ra\u017eots Jap\u0101n\u0101.<\/strong><br data-start=\"704\" data-end=\"707\" \/><strong data-start=\"707\" data-end=\"728\">Der\u012bguma termi\u0146\u0161:<\/strong> skat\u012bt uz iepakojuma<br data-start=\"749\" data-end=\"752\" \/><strong data-start=\"752\" data-end=\"778\">Uzglab\u0101\u0161anas apst\u0101k\u013ci:<\/strong> uzglab\u0101t istabas temperat\u016br\u0101 saus\u0101 viet\u0101, prom no tie\u0161iem saules stariem. Neuzglab\u0101t ledusskap\u012b<br data-start=\"874\" data-end=\"877\" \/><strong data-start=\"877\" data-end=\"889\">Tilpums:<\/strong> 30 kapsulas<\/p>\n","protected":false},"excerpt":{"rendered":"<p data-start=\"1432\" data-end=\"1461\">Kapsulu uztura bag\u0101tin\u0101t\u0101js<\/p>\n<h2 data-start=\"1463\" data-end=\"1519\"><strong data-start=\"1463\" data-end=\"1519\">\u012apa\u0161\u012bbas Dr.OHHIRA\u00ae &#8211; DELUXE 5 Years Of Fermentation<\/strong><\/h2>\n<p data-start=\"1521\" data-end=\"1729\">\u2714\ufe0f Balst\u012bts uz ilgsto\u0161u ferment\u0101cijas procesu<br data-start=\"1566\" data-end=\"1569\" \/>\u2714\ufe0f Satur piensk\u0101bes bakt\u0113riju celmus<br data-start=\"1605\" data-end=\"1608\" \/>\u2714\ufe0f Ietver ferment\u0113tas augu izcelsmes sast\u0101vda\u013cas<br data-start=\"1656\" data-end=\"1659\" \/>\u2714\ufe0f Kapsulu forma \u0113rtai lieto\u0161anai<br data-start=\"1692\" data-end=\"1695\" \/>\u2714\ufe0f Piem\u0113rots ikdienas lieto\u0161anai<\/p>\n","protected":false},"featured_media":63409,"template":"","meta":[],"pwb-brand":[1233],"product_brand":[],"product_cat":[768],"product_tag":[],"giftcard-category":[],"class_list":{"0":"post-70581","1":"product","2":"type-product","3":"status-publish","4":"has-post-thumbnail","6":"pwb-brand-dr-ohhira","7":"product_cat-vitamini","9":"first","10":"instock","11":"taxable","12":"shipping-taxable","13":"purchasable","14":"product-type-variable"},"acf":[],"brands":[{"id":1233,"name":"Dr. Ohhira","slug":"dr-ohhira"}],"_links":{"self":[{"href":"https:\/\/skinstudio.ee\/lv\/wp-json\/wp\/v2\/product\/70581","targetHints":{"allow":["GET"]}}],"collection":[{"href":"https:\/\/skinstudio.ee\/lv\/wp-json\/wp\/v2\/product"}],"about":[{"href":"https:\/\/skinstudio.ee\/lv\/wp-json\/wp\/v2\/types\/product"}],"version-history":[{"count":2,"href":"https:\/\/skinstudio.ee\/lv\/wp-json\/wp\/v2\/product\/70581\/revisions"}],"predecessor-version":[{"id":90955,"href":"https:\/\/skinstudio.ee\/lv\/wp-json\/wp\/v2\/product\/70581\/revisions\/90955"}],"wp:featuredmedia":[{"embeddable":true,"href":"https:\/\/skinstudio.ee\/lv\/wp-json\/wp\/v2\/media\/63409"}],"wp:attachment":[{"href":"https:\/\/skinstudio.ee\/lv\/wp-json\/wp\/v2\/media?parent=70581"}],"wp:term":[{"taxonomy":"pwb-brand","embeddable":true,"href":"https:\/\/skinstudio.ee\/lv\/wp-json\/wp\/v2\/pwb-brand?post=70581"},{"taxonomy":"product_brand","embeddable":true,"href":"https:\/\/skinstudio.ee\/lv\/wp-json\/wp\/v2\/product_brand?post=70581"},{"taxonomy":"product_cat","embeddable":true,"href":"https:\/\/skinstudio.ee\/lv\/wp-json\/wp\/v2\/product_cat?post=70581"},{"taxonomy":"product_tag","embeddable":true,"href":"https:\/\/skinstudio.ee\/lv\/wp-json\/wp\/v2\/product_tag?post=70581"},{"taxonomy":"giftcard-category","embeddable":true,"href":"https:\/\/skinstudio.ee\/lv\/wp-json\/wp\/v2\/giftcard-category?post=70581"}],"curies":[{"name":"wp","href":"https:\/\/api.w.org\/{rel}","templated":true}]}}