{"id":70610,"date":"2024-09-04T13:16:57","date_gmt":"2024-09-04T13:16:57","guid":{"rendered":"https:\/\/skinstudio.ee\/?post_type=product&#038;p=70610"},"modified":"2026-04-29T12:23:27","modified_gmt":"2026-04-29T12:23:27","slug":"dr-ohhira-collagen","status":"publish","type":"product","link":"https:\/\/skinstudio.ee\/lv\/catalog\/dr-ohhira\/dr-ohhira-collagen\/","title":{"rendered":"Collagen+"},"content":{"rendered":"<p data-start=\"86\" data-end=\"193\"><strong data-start=\"86\" data-end=\"193\">Dr.OHHIRA\u00ae Collagen+ no Dr.OHHIRA\u00ae &#8211; uztura bag\u0101tin\u0101t\u0101js ar kolag\u0113na kompleksu un papildu komponentiem.<\/strong><\/p>\n<p data-start=\"195\" data-end=\"428\">Formula paredz\u0113ta ikdienas lieto\u0161anai un satur j\u016bras kolag\u0113nu, elast\u012bnu, hialuronsk\u0101bi, C vitam\u012bnu, koenz\u012bmu Q10 un ferment\u0113tus augu izcelsmes komponentus. \u0160\u0137idr\u0101 forma nodro\u0161ina \u0113rtu lieto\u0161anu un ir piem\u0113rota lieto\u0161anai kursa veid\u0101.<\/p>\n<p data-start=\"430\" data-end=\"593\">Sast\u0101v\u0101 ir da\u017e\u0101du tipu kolag\u0113ns, elast\u012bns, hialuronsk\u0101be, C vitam\u012bns, koenz\u012bms Q10 un ferment\u0113tais komplekss OM-X\u00ae. Produkts piem\u0113rots iek\u013cau\u0161anai ikdienas uztur\u0101.<\/p>\n<p data-start=\"595\" data-end=\"811\"><strong data-start=\"595\" data-end=\"613\">Ra\u017eots Jap\u0101n\u0101.<\/strong><br data-start=\"613\" data-end=\"616\" \/><strong data-start=\"616\" data-end=\"637\">Der\u012bguma termi\u0146\u0161:<\/strong> skat\u012bt uz iepakojuma<br data-start=\"658\" data-end=\"661\" \/><strong data-start=\"661\" data-end=\"687\">Uzglab\u0101\u0161anas apst\u0101k\u013ci:<\/strong> uzglab\u0101t istabas temperat\u016br\u0101 saus\u0101 viet\u0101, prom no tie\u0161iem saules stariem. Neuzglab\u0101t ledusskap\u012b<br data-start=\"783\" data-end=\"786\" \/><strong data-start=\"786\" data-end=\"798\">Tilpums:<\/strong> 10 \u00d7 20 ml<\/p>\n","protected":false},"excerpt":{"rendered":"<p data-start=\"1337\" data-end=\"1365\">\u0160\u0137idrs uztura bag\u0101tin\u0101t\u0101js<\/p>\n<h2 data-start=\"1367\" data-end=\"1402\"><strong data-start=\"1367\" data-end=\"1402\">\u012apa\u0161\u012bbas Dr.OHHIRA\u00ae &#8211; Collagen+<\/strong><\/h2>\n<p data-start=\"1404\" data-end=\"1602\">\u2714\ufe0f Satur kolag\u0113nu un papildu komponentus<br data-start=\"1444\" data-end=\"1447\" \/>\u2714\ufe0f Ietver elast\u012bnu un hialuronsk\u0101bi<br data-start=\"1482\" data-end=\"1485\" \/>\u2714\ufe0f Papildin\u0101ts ar C vitam\u012bnu un koenz\u012bmu Q10<br data-start=\"1529\" data-end=\"1532\" \/>\u2714\ufe0f \u0160\u0137idr\u0101 forma \u0113rtai lieto\u0161anai<br data-start=\"1564\" data-end=\"1567\" \/>\u2714\ufe0f Piem\u0113rots regul\u0101rai lieto\u0161anai<\/p>\n","protected":false},"featured_media":63414,"template":"","meta":[],"pwb-brand":[1233],"product_brand":[],"product_cat":[768],"product_tag":[],"giftcard-category":[],"class_list":{"0":"post-70610","1":"product","2":"type-product","3":"status-publish","4":"has-post-thumbnail","6":"pwb-brand-dr-ohhira","7":"product_cat-vitamini","9":"first","10":"instock","11":"taxable","12":"shipping-taxable","13":"purchasable","14":"product-type-simple"},"acf":[],"brands":[{"id":1233,"name":"Dr. Ohhira","slug":"dr-ohhira"}],"_links":{"self":[{"href":"https:\/\/skinstudio.ee\/lv\/wp-json\/wp\/v2\/product\/70610","targetHints":{"allow":["GET"]}}],"collection":[{"href":"https:\/\/skinstudio.ee\/lv\/wp-json\/wp\/v2\/product"}],"about":[{"href":"https:\/\/skinstudio.ee\/lv\/wp-json\/wp\/v2\/types\/product"}],"version-history":[{"count":2,"href":"https:\/\/skinstudio.ee\/lv\/wp-json\/wp\/v2\/product\/70610\/revisions"}],"predecessor-version":[{"id":90965,"href":"https:\/\/skinstudio.ee\/lv\/wp-json\/wp\/v2\/product\/70610\/revisions\/90965"}],"wp:featuredmedia":[{"embeddable":true,"href":"https:\/\/skinstudio.ee\/lv\/wp-json\/wp\/v2\/media\/63414"}],"wp:attachment":[{"href":"https:\/\/skinstudio.ee\/lv\/wp-json\/wp\/v2\/media?parent=70610"}],"wp:term":[{"taxonomy":"pwb-brand","embeddable":true,"href":"https:\/\/skinstudio.ee\/lv\/wp-json\/wp\/v2\/pwb-brand?post=70610"},{"taxonomy":"product_brand","embeddable":true,"href":"https:\/\/skinstudio.ee\/lv\/wp-json\/wp\/v2\/product_brand?post=70610"},{"taxonomy":"product_cat","embeddable":true,"href":"https:\/\/skinstudio.ee\/lv\/wp-json\/wp\/v2\/product_cat?post=70610"},{"taxonomy":"product_tag","embeddable":true,"href":"https:\/\/skinstudio.ee\/lv\/wp-json\/wp\/v2\/product_tag?post=70610"},{"taxonomy":"giftcard-category","embeddable":true,"href":"https:\/\/skinstudio.ee\/lv\/wp-json\/wp\/v2\/giftcard-category?post=70610"}],"curies":[{"name":"wp","href":"https:\/\/api.w.org\/{rel}","templated":true}]}}