{"id":70625,"date":"2025-08-07T11:31:35","date_gmt":"2025-08-07T11:31:35","guid":{"rendered":"https:\/\/skinstudio.ee\/?post_type=product&#038;p=70625"},"modified":"2025-12-24T12:25:56","modified_gmt":"2025-12-24T12:25:56","slug":"skin-purifier","status":"publish","type":"product","link":"https:\/\/skinstudio.ee\/lv\/catalog\/clinisept-lv\/skin-purifier\/","title":{"rendered":"Skin Purifier"},"content":{"rendered":"<p data-start=\"237\" data-end=\"509\">Clinisoothe Skin Purifier no Clinisept+ ir daudzfunkcion\u0101ls att\u012bro\u0161s un nomierino\u0161s mists, kas paredz\u0113ts ikdienas kop\u0161anai jut\u012bgai, reakt\u012bvai un problem\u0101tiskai \u0101dai. Formula pal\u012bdz uztur\u0113t \u0101das higi\u0113nu, mazin\u0101t diskomfortu un atbalst\u012bt \u0101das dabiskos atjauno\u0161an\u0101s procesus.<\/p>\n<p data-start=\"511\" data-end=\"799\">Clinisoothe maigi att\u012bra \u0101du, neboj\u0101jot t\u0101s aizsargbarjeru, un pal\u012bdz samazin\u0101t aps\u0101rtumu, kairin\u0101jumu un savilkuma saj\u016btu. Mists ir piem\u0113rots \u0101dai ar noslieci uz izsitumiem, iekaisumu un paaugstin\u0101tu jut\u012bbu, k\u0101 ar\u012b lieto\u0161anai p\u0113c kosm\u0113tisk\u0101m proced\u016br\u0101m, lai nodro\u0161in\u0101tu papildu komfortu.<\/p>\n<p data-start=\"801\" data-end=\"1055\">Darbojoties k\u0101 aizsarg\u0101jo\u0161s vairogs, Clinisoothe pal\u012bdz pasarg\u0101t \u0101du no apk\u0101rt\u0113j\u0101s vides negat\u012bv\u0101s ietekmes, tostarp pies\u0101r\u0146ota gaisa un prooksidat\u012bviem faktoriem. Regul\u0101ra lieto\u0161ana pal\u012bdz saglab\u0101t \u0101du mier\u012bgu, svaigu un l\u012bdzsvarotu visas dienas garum\u0101.<\/p>\n<p data-start=\"1057\" data-end=\"1218\">Produkts ir piem\u0113rots lieto\u0161anai uz sejas, kakla un lok\u0101l\u0101s kairin\u0101juma zon\u0101s. Nesatur spirtu, nesausina \u0101du un ir piem\u0113rots bie\u017eai lieto\u0161anai, ar\u012b jut\u012bgai \u0101dai.<\/p>\n<p data-start=\"1220\" data-end=\"1248\"><strong data-start=\"1220\" data-end=\"1232\">Tilpums:<\/strong> 100 ml \/ 250 ml<\/p>\n<p data-start=\"2872\" data-end=\"3089\">\n","protected":false},"excerpt":{"rendered":"<p data-start=\"1481\" data-end=\"1520\">Nomierino\u0161s att\u012bro\u0161s mists jut\u012bgai \u0101dai<\/p>\n<h2 data-start=\"1522\" data-end=\"1573\"><strong data-start=\"1522\" data-end=\"1573\">\u012apa\u0161\u012bbas Clinisept+ &#8211; Skin Purifier<\/strong><\/h2>\n<p data-start=\"1575\" data-end=\"1760\">\u2714\ufe0f Nomierina un m\u012bkstina jut\u012bgu \u0101du<br data-start=\"1610\" data-end=\"1613\" \/>\u2714\ufe0f Samazina aps\u0101rtumu un diskomfortu<br data-start=\"1649\" data-end=\"1652\" \/>\u2714\ufe0f Atbalsta \u0101das t\u012br\u012bbu<br data-start=\"1675\" data-end=\"1678\" \/>\u2714\ufe0f Pal\u012bdz aizsarg\u0101t no \u0101r\u0113j\u0101s vides faktoriem<br data-start=\"1723\" data-end=\"1726\" \/>\u2714\ufe0f Piem\u0113rots ikdienas lieto\u0161anai<\/p>\n","protected":false},"featured_media":65512,"template":"","meta":[],"pwb-brand":[1235],"product_brand":[],"product_cat":[715],"product_tag":[],"giftcard-category":[],"class_list":{"0":"post-70625","1":"product","2":"type-product","3":"status-publish","4":"has-post-thumbnail","6":"pwb-brand-clinisept-lv","7":"product_cat-attirisana","9":"first","10":"instock","11":"taxable","12":"shipping-taxable","13":"purchasable","14":"product-type-variable"},"acf":[],"brands":[{"id":1235,"name":"Clinisept+","slug":"clinisept-lv"}],"_links":{"self":[{"href":"https:\/\/skinstudio.ee\/lv\/wp-json\/wp\/v2\/product\/70625","targetHints":{"allow":["GET"]}}],"collection":[{"href":"https:\/\/skinstudio.ee\/lv\/wp-json\/wp\/v2\/product"}],"about":[{"href":"https:\/\/skinstudio.ee\/lv\/wp-json\/wp\/v2\/types\/product"}],"version-history":[{"count":0,"href":"https:\/\/skinstudio.ee\/lv\/wp-json\/wp\/v2\/product\/70625\/revisions"}],"wp:featuredmedia":[{"embeddable":true,"href":"https:\/\/skinstudio.ee\/lv\/wp-json\/wp\/v2\/media\/65512"}],"wp:attachment":[{"href":"https:\/\/skinstudio.ee\/lv\/wp-json\/wp\/v2\/media?parent=70625"}],"wp:term":[{"taxonomy":"pwb-brand","embeddable":true,"href":"https:\/\/skinstudio.ee\/lv\/wp-json\/wp\/v2\/pwb-brand?post=70625"},{"taxonomy":"product_brand","embeddable":true,"href":"https:\/\/skinstudio.ee\/lv\/wp-json\/wp\/v2\/product_brand?post=70625"},{"taxonomy":"product_cat","embeddable":true,"href":"https:\/\/skinstudio.ee\/lv\/wp-json\/wp\/v2\/product_cat?post=70625"},{"taxonomy":"product_tag","embeddable":true,"href":"https:\/\/skinstudio.ee\/lv\/wp-json\/wp\/v2\/product_tag?post=70625"},{"taxonomy":"giftcard-category","embeddable":true,"href":"https:\/\/skinstudio.ee\/lv\/wp-json\/wp\/v2\/giftcard-category?post=70625"}],"curies":[{"name":"wp","href":"https:\/\/api.w.org\/{rel}","templated":true}]}}