{"id":70637,"date":"2025-08-07T11:31:12","date_gmt":"2025-08-07T11:31:12","guid":{"rendered":"https:\/\/skinstudio.ee\/?post_type=product&#038;p=70637"},"modified":"2025-12-24T12:25:56","modified_gmt":"2025-12-24T12:25:56","slug":"cleansing-antimicrobial-skin-care","status":"publish","type":"product","link":"https:\/\/skinstudio.ee\/lv\/catalog\/clinisept-lv\/cleansing-antimicrobial-skin-care\/","title":{"rendered":"Cleansing Antimicrobial Skin Care"},"content":{"rendered":"<p data-start=\"252\" data-end=\"557\">Clinisept+ Cleansing Antimicrobial Skin Care ir inovat\u012bvs jaun\u0101s paaudzes l\u012bdzeklis uz hipohlor\u012bg\u0101s sk\u0101bes b\u0101zes, kas nodro\u0161ina augstu \u0101das higi\u0113nas l\u012bmeni bez kairin\u0101juma un dedzino\u0161as saj\u016btas. Formula ir izstr\u0101d\u0101ta maigai \u0101das kop\u0161anai pirms, proced\u016bru laik\u0101 un p\u0113c kosm\u0113tisk\u0101m un est\u0113tisk\u0101m proced\u016br\u0101m.<\/p>\n<p data-start=\"559\" data-end=\"851\">L\u012bdzeklis \u0101tri nomierina \u0101du, pal\u012bdz mazin\u0101t diskomfortu un atbalsta optim\u0101lus apst\u0101k\u013cus \u0101das dabiskai atjauno\u0161anai p\u0113c invaz\u012bv\u0101m un aparat\u016bras proced\u016br\u0101m. Cleansing Antimicrobial Skin Care ir piem\u0113rots ar\u012b \u013coti jut\u012bgai un reakt\u012bvai \u0101dai, tostarp \u0101dai ar noslieci uz aps\u0101rtumu un kairin\u0101jumu.<\/p>\n<p data-start=\"853\" data-end=\"1103\">Viegl\u0101, uz \u016bdens b\u0101zes veidot\u0101 tekst\u016bra neboj\u0101 \u0101das aizsargbarjeru, nesausina \u0101du un neatst\u0101j lip\u012bguma saj\u016btu. L\u012bdzeklis ir piem\u0113rots gan profesion\u0101lai lieto\u0161anai, gan ikdienas kop\u0161anai m\u0101jas apst\u0101k\u013cos, lai uztur\u0113tu \u0101das t\u012br\u012bbu, komfortu un svaigumu.<\/p>\n<p data-start=\"1105\" data-end=\"1124\"><strong data-start=\"1105\" data-end=\"1117\">Tilpums:<\/strong> 100 ml<\/p>\n<p data-start=\"1126\" data-end=\"1540\">\n","protected":false},"excerpt":{"rendered":"<p data-start=\"1542\" data-end=\"1610\">Viegls antimikrobi\u0101ls att\u012bro\u0161s l\u012bdzeklis jut\u012bgai \u0101dai<\/p>\n<h2 data-start=\"1612\" data-end=\"1671\"><strong data-start=\"1612\" data-end=\"1671\">\u012apa\u0161\u012bbas Clinisept+ &#8211; Cleansing Antimicrobial Skin Care<\/strong><\/h2>\n<p data-start=\"1673\" data-end=\"1877\">\u2714\ufe0f Nodro\u0161ina augstu \u0101das higi\u0113nas l\u012bmeni<br data-start=\"1713\" data-end=\"1716\" \/>\u2714\ufe0f Piem\u0113rots lieto\u0161anai pirms un p\u0113c proced\u016br\u0101m<br data-start=\"1763\" data-end=\"1766\" \/>\u2714\ufe0f Nomierina \u0101du un mazina diskomfortu<br data-start=\"1804\" data-end=\"1807\" \/>\u2714\ufe0f Neizraisa dedzin\u0101\u0161anu vai kairin\u0101jumu<br data-start=\"1847\" data-end=\"1850\" \/>\u2714\ufe0f Piem\u0113rots jut\u012bgai \u0101dai<\/p>\n","protected":false},"featured_media":65517,"template":"","meta":[],"pwb-brand":[1235],"product_brand":[],"product_cat":[715],"product_tag":[],"giftcard-category":[],"class_list":{"0":"post-70637","1":"product","2":"type-product","3":"status-publish","4":"has-post-thumbnail","6":"pwb-brand-clinisept-lv","7":"product_cat-attirisana","9":"first","10":"instock","11":"taxable","12":"shipping-taxable","13":"purchasable","14":"product-type-simple"},"acf":[],"brands":[{"id":1235,"name":"Clinisept+","slug":"clinisept-lv"}],"_links":{"self":[{"href":"https:\/\/skinstudio.ee\/lv\/wp-json\/wp\/v2\/product\/70637","targetHints":{"allow":["GET"]}}],"collection":[{"href":"https:\/\/skinstudio.ee\/lv\/wp-json\/wp\/v2\/product"}],"about":[{"href":"https:\/\/skinstudio.ee\/lv\/wp-json\/wp\/v2\/types\/product"}],"version-history":[{"count":0,"href":"https:\/\/skinstudio.ee\/lv\/wp-json\/wp\/v2\/product\/70637\/revisions"}],"wp:featuredmedia":[{"embeddable":true,"href":"https:\/\/skinstudio.ee\/lv\/wp-json\/wp\/v2\/media\/65517"}],"wp:attachment":[{"href":"https:\/\/skinstudio.ee\/lv\/wp-json\/wp\/v2\/media?parent=70637"}],"wp:term":[{"taxonomy":"pwb-brand","embeddable":true,"href":"https:\/\/skinstudio.ee\/lv\/wp-json\/wp\/v2\/pwb-brand?post=70637"},{"taxonomy":"product_brand","embeddable":true,"href":"https:\/\/skinstudio.ee\/lv\/wp-json\/wp\/v2\/product_brand?post=70637"},{"taxonomy":"product_cat","embeddable":true,"href":"https:\/\/skinstudio.ee\/lv\/wp-json\/wp\/v2\/product_cat?post=70637"},{"taxonomy":"product_tag","embeddable":true,"href":"https:\/\/skinstudio.ee\/lv\/wp-json\/wp\/v2\/product_tag?post=70637"},{"taxonomy":"giftcard-category","embeddable":true,"href":"https:\/\/skinstudio.ee\/lv\/wp-json\/wp\/v2\/giftcard-category?post=70637"}],"curies":[{"name":"wp","href":"https:\/\/api.w.org\/{rel}","templated":true}]}}