{"id":70654,"date":"2025-09-27T11:32:53","date_gmt":"2025-09-27T11:32:53","guid":{"rendered":"https:\/\/skinstudio.ee\/?post_type=product&#038;p=70654"},"modified":"2025-12-24T12:25:56","modified_gmt":"2025-12-24T12:25:56","slug":"wiqo-prx-therapy-skin-care-set","status":"publish","type":"product","link":"https:\/\/skinstudio.ee\/lv\/catalog\/wiqo-lv\/wiqo-prx-therapy-skin-care-set\/","title":{"rendered":"PRX-Therapy Skin Care Set"},"content":{"rendered":"<p data-start=\"127\" data-end=\"463\"><strong data-start=\"127\" data-end=\"161\">WIQO PRX-Therapy Skin Care Set<\/strong> komplekt\u0101 ietilpst serums <strong data-start=\"188\" data-end=\"214\">Facial Smoothing Fluid<\/strong> un kr\u0113ms <strong data-start=\"224\" data-end=\"274\">Nourishing and Moisturizing Cream For Dry Skin<\/strong>. To ir izstr\u0101d\u0101ju\u0161as WiQO laboratorijas k\u0101 ide\u0101lu papildin\u0101jumu profesion\u0101lajai PRX-T33 proced\u016brai un\/vai k\u0101 patst\u0101v\u012bgu kop\u0161anu \u0101dai ar noslieci uz sausumu, \u013cenganumu vai elast\u012bbas zudumu.<\/p>\n<p data-start=\"465\" data-end=\"496\"><strong data-start=\"465\" data-end=\"496\">Kas padara komplektu \u012bpa\u0161u:<\/strong><\/p>\n<p data-start=\"498\" data-end=\"670\">Serums (<strong data-start=\"506\" data-end=\"532\">Facial Smoothing Fluid<\/strong>) darbojas k\u0101 \u0101das atjauno\u0161an\u0101s stimulators \u2013 izl\u012bdzina \u0101das tekst\u016bru, samazina smalko krunci\u0146u redzam\u012bbu un atbalsta \u0101das aizsargbarjeru.<\/p>\n<p data-start=\"672\" data-end=\"828\">Kr\u0113ms <strong data-start=\"678\" data-end=\"728\">Nourishing and Moisturizing Cream For Dry Skin<\/strong> atjauno hidrolip\u012bdu barjeru, dzi\u013ci mitrina \u0101du, nov\u0113r\u0161 savilkuma saj\u016btu un pie\u0161\u0137ir z\u012bdainu maigumu.<\/p>\n<p data-start=\"830\" data-end=\"930\">Lietojot kop\u0101, tie darbojas siner\u0123iski: serums stimul\u0113, bet kr\u0113ms aizsarg\u0101 un \u201cnosl\u0113dz\u201d mitrumu \u0101d\u0101.<\/p>\n<p data-start=\"932\" data-end=\"1071\">Kl\u012bniski pier\u0101d\u012bts, ka jau p\u0113c da\u017e\u0101m regul\u0101ras lieto\u0161anas ned\u0113\u013c\u0101m uzlabojas \u0101das mitrin\u0101\u0161anas l\u012bmenis, bl\u012bvums un tekst\u016bra (ra\u017eot\u0101ja dati).<\/p>\n<p data-start=\"1073\" data-end=\"1204\"><strong data-start=\"1073\" data-end=\"1087\">Tekst\u016bras:<\/strong> serums \u2013 viegls, \u0101tri ies\u016bcas, ar vieglu \u201cliftinga\u201d efektu; kr\u0113ms \u2013 bag\u0101t\u012bg\u0101ks, \u012bpa\u0161i komfortabls saus\u0101m \u0101das zon\u0101m.<\/p>\n<p data-start=\"1206\" data-end=\"1304\"><strong data-start=\"1206\" data-end=\"1218\">Tilpums:<\/strong> Facial Smoothing Fluid 30 ml un Nourishing and Moisturizing Cream For Dry Skin 50 ml.<\/p>\n","protected":false},"excerpt":{"rendered":"<p data-start=\"1584\" data-end=\"1612\">Atjaunojo\u0161s duets sejas \u0101dai<\/p>\n<h2 data-start=\"1614\" data-end=\"1668\"><strong data-start=\"1614\" data-end=\"1668\">WIQO PRX-Therapy Skin Care Set komplekt\u0101 ietilpst:<\/strong><\/h2>\n<p data-start=\"1670\" data-end=\"1761\">\u2714\ufe0f Facial Smoothing Fluid 30 ml<br data-start=\"1701\" data-end=\"1704\" \/>\u2714\ufe0f Nourishing and Moisturizing Cream For Dry Skin 50 ml<\/p>\n","protected":false},"featured_media":65487,"template":"","meta":[],"pwb-brand":[1237],"product_brand":[],"product_cat":[755],"product_tag":[],"giftcard-category":[],"class_list":{"0":"post-70654","1":"product","2":"type-product","3":"status-publish","4":"has-post-thumbnail","6":"pwb-brand-wiqo-lv","7":"product_cat-komplekts","9":"first","10":"instock","11":"sale","12":"taxable","13":"shipping-taxable","14":"purchasable","15":"product-type-simple"},"acf":[],"brands":[{"id":1237,"name":"WiQO","slug":"wiqo-lv"}],"_links":{"self":[{"href":"https:\/\/skinstudio.ee\/lv\/wp-json\/wp\/v2\/product\/70654","targetHints":{"allow":["GET"]}}],"collection":[{"href":"https:\/\/skinstudio.ee\/lv\/wp-json\/wp\/v2\/product"}],"about":[{"href":"https:\/\/skinstudio.ee\/lv\/wp-json\/wp\/v2\/types\/product"}],"version-history":[{"count":0,"href":"https:\/\/skinstudio.ee\/lv\/wp-json\/wp\/v2\/product\/70654\/revisions"}],"wp:featuredmedia":[{"embeddable":true,"href":"https:\/\/skinstudio.ee\/lv\/wp-json\/wp\/v2\/media\/65487"}],"wp:attachment":[{"href":"https:\/\/skinstudio.ee\/lv\/wp-json\/wp\/v2\/media?parent=70654"}],"wp:term":[{"taxonomy":"pwb-brand","embeddable":true,"href":"https:\/\/skinstudio.ee\/lv\/wp-json\/wp\/v2\/pwb-brand?post=70654"},{"taxonomy":"product_brand","embeddable":true,"href":"https:\/\/skinstudio.ee\/lv\/wp-json\/wp\/v2\/product_brand?post=70654"},{"taxonomy":"product_cat","embeddable":true,"href":"https:\/\/skinstudio.ee\/lv\/wp-json\/wp\/v2\/product_cat?post=70654"},{"taxonomy":"product_tag","embeddable":true,"href":"https:\/\/skinstudio.ee\/lv\/wp-json\/wp\/v2\/product_tag?post=70654"},{"taxonomy":"giftcard-category","embeddable":true,"href":"https:\/\/skinstudio.ee\/lv\/wp-json\/wp\/v2\/giftcard-category?post=70654"}],"curies":[{"name":"wp","href":"https:\/\/api.w.org\/{rel}","templated":true}]}}