{"id":70662,"date":"2025-04-26T15:12:52","date_gmt":"2025-04-26T15:12:52","guid":{"rendered":"https:\/\/skinstudio.ee\/?post_type=product&#038;p=70662"},"modified":"2025-12-24T12:25:56","modified_gmt":"2025-12-24T12:25:56","slug":"wiqo-nourishing-and-moisturizing-cream-dry-skins","status":"publish","type":"product","link":"https:\/\/skinstudio.ee\/lv\/catalog\/wiqo-lv\/wiqo-nourishing-and-moisturizing-cream-dry-skins\/","title":{"rendered":"Nourishing and Moisturizing Cream Dry Skins"},"content":{"rendered":"<p data-start=\"199\" data-end=\"461\"><strong data-start=\"199\" data-end=\"262\">WIQO Nourishing and Moisturizing Cream Dry Skins by WIQO<\/strong> ir barojo\u0161s kr\u0113ms, kas izstr\u0101d\u0101ts intens\u012bvai sausas, dehidr\u0113tas un jut\u012bgas \u0101das kop\u0161anai. Ar \u0161\u012b sviestu bag\u0101tin\u0101t\u0101 formula pal\u012bdz atjaunot \u0101das komfortu, nodro\u0161inot ilgsto\u0161u baro\u0161anu un mitrin\u0101\u0161anu.<\/p>\n<p data-start=\"463\" data-end=\"708\">Kr\u0113ms atbalsta \u0101das aizsargfunkcijas un pal\u012bdz mazin\u0101t jut\u012bbu pret \u0101r\u0113jiem stresa faktoriem, pateicoties augstajai ehin\u0101cijas ekstrakta koncentr\u0101cijai. Regul\u0101ra lieto\u0161ana veicina \u0101das barjeras stiprin\u0101\u0161anu un optim\u0101la mitruma l\u012bme\u0146a saglab\u0101\u0161anu.<\/p>\n<p data-start=\"710\" data-end=\"915\">Maig\u0101 un viegl\u0101 tekst\u016bra vienm\u0113r\u012bgi kl\u0101jas, \u0101tri ies\u016bcas un neatst\u0101j taukainu k\u0101rti\u0146u. Jau p\u0113c 2\u20133 min\u016bt\u0113m iesp\u0113jams uzkl\u0101t dekorat\u012bvo kosm\u0113tiku, nebaidoties no t\u0101s izsm\u0113r\u0113\u0161an\u0101s vai nevienm\u0113r\u012bga rezult\u0101ta.<\/p>\n<p data-start=\"917\" data-end=\"1084\">Kr\u0113ms ir piem\u0113rots lieto\u0161anai jebkur\u0101 diennakts laik\u0101. To var lietot ar\u012b papildus p\u0113c ilgsto\u0161as uztur\u0113\u0161an\u0101s saul\u0113 vai gad\u012bjumos, kad \u0101da j\u016btas sausa un diskomfortabla.<\/p>\n<p data-start=\"1086\" data-end=\"1104\"><strong data-start=\"1086\" data-end=\"1098\">Tilpums:<\/strong> 50 ml<\/p>\n","protected":false},"excerpt":{"rendered":"<p data-start=\"1388\" data-end=\"1405\">Kr\u0113ms sausai \u0101dai<\/p>\n<h2 data-start=\"1407\" data-end=\"1473\"><strong data-start=\"1407\" data-end=\"1473\">\u012apa\u0161\u012bbas WIQO Nourishing and Moisturizing Cream Dry Skins<\/strong><\/h2>\n<p data-start=\"1475\" data-end=\"1709\">\u2714\ufe0f Nodro\u0161ina ilgsto\u0161u baro\u0161anu un \u0101das komfortu<br data-start=\"1522\" data-end=\"1525\" \/>\u2714\ufe0f Atbalsta \u0101das aizsargbarjeras funkcijas<br data-start=\"1567\" data-end=\"1570\" \/>\u2714\ufe0f Pal\u012bdz mazin\u0101t \u0101das reaktivit\u0101ti un sausumu<br data-start=\"1616\" data-end=\"1619\" \/>\u2714\ufe0f Uzlabo \u0101das gludumu un koptu izskatu<br data-start=\"1658\" data-end=\"1661\" \/>\u2714\ufe0f Piem\u0113rots ikdienas un p\u0113cproced\u016bru kop\u0161anai<\/p>\n","protected":false},"featured_media":65492,"template":"","meta":[],"pwb-brand":[1237],"product_brand":[],"product_cat":[737,749,739],"product_tag":[],"giftcard-category":[],"class_list":{"0":"post-70662","1":"product","2":"type-product","3":"status-publish","4":"has-post-thumbnail","6":"pwb-brand-wiqo-lv","7":"product_cat-mitrinasana","8":"product_cat-novecojosa-ada","9":"product_cat-sausai-adai","11":"first","12":"instock","13":"taxable","14":"shipping-taxable","15":"purchasable","16":"product-type-simple"},"acf":[],"brands":[{"id":1237,"name":"WiQO","slug":"wiqo-lv"}],"_links":{"self":[{"href":"https:\/\/skinstudio.ee\/lv\/wp-json\/wp\/v2\/product\/70662","targetHints":{"allow":["GET"]}}],"collection":[{"href":"https:\/\/skinstudio.ee\/lv\/wp-json\/wp\/v2\/product"}],"about":[{"href":"https:\/\/skinstudio.ee\/lv\/wp-json\/wp\/v2\/types\/product"}],"version-history":[{"count":0,"href":"https:\/\/skinstudio.ee\/lv\/wp-json\/wp\/v2\/product\/70662\/revisions"}],"wp:featuredmedia":[{"embeddable":true,"href":"https:\/\/skinstudio.ee\/lv\/wp-json\/wp\/v2\/media\/65492"}],"wp:attachment":[{"href":"https:\/\/skinstudio.ee\/lv\/wp-json\/wp\/v2\/media?parent=70662"}],"wp:term":[{"taxonomy":"pwb-brand","embeddable":true,"href":"https:\/\/skinstudio.ee\/lv\/wp-json\/wp\/v2\/pwb-brand?post=70662"},{"taxonomy":"product_brand","embeddable":true,"href":"https:\/\/skinstudio.ee\/lv\/wp-json\/wp\/v2\/product_brand?post=70662"},{"taxonomy":"product_cat","embeddable":true,"href":"https:\/\/skinstudio.ee\/lv\/wp-json\/wp\/v2\/product_cat?post=70662"},{"taxonomy":"product_tag","embeddable":true,"href":"https:\/\/skinstudio.ee\/lv\/wp-json\/wp\/v2\/product_tag?post=70662"},{"taxonomy":"giftcard-category","embeddable":true,"href":"https:\/\/skinstudio.ee\/lv\/wp-json\/wp\/v2\/giftcard-category?post=70662"}],"curies":[{"name":"wp","href":"https:\/\/api.w.org\/{rel}","templated":true}]}}