{"id":70671,"date":"2023-11-30T10:45:09","date_gmt":"2023-11-30T10:45:09","guid":{"rendered":"https:\/\/skinstudio.ee\/?post_type=product&#038;p=70671"},"modified":"2025-12-24T12:25:57","modified_gmt":"2025-12-24T12:25:57","slug":"wiqo-balancing-cream","status":"publish","type":"product","link":"https:\/\/skinstudio.ee\/lv\/catalog\/wiqo-lv\/wiqo-balancing-cream\/","title":{"rendered":"Balancing Cream"},"content":{"rendered":"<p data-start=\"174\" data-end=\"447\"><strong data-start=\"174\" data-end=\"206\">WiQO Balancing Cream by WIQO<\/strong> ir balans\u0113jo\u0161s kr\u0113ms, kas paredz\u0113ts kosm\u0113tiskai kop\u0161anai taukainai un uz akni tend\u0113tai \u0101dai ar sebuma p\u0101rpalikumu, melnajiem punktiem un papla\u0161in\u0101t\u0101m por\u0101m. Formula pal\u012bdz atjaunot \u0101das komfortu un saglab\u0101t koptu izskatu, nep\u0101rslogojot \u0101du.<\/p>\n<p data-start=\"449\" data-end=\"782\">Pateicoties mikroniz\u0113t\u0101s azela\u012bnsk\u0101bes, inkapsul\u0113t\u0101s salicilsk\u0101bes un ferment\u0113tu augu ekstraktu kombin\u0101cijai, kr\u0113ms pal\u012bdz samazin\u0101t nev\u0113lamu sp\u012bdumu, atbalsta vienm\u0113r\u012bg\u0101ku \u0101das tekst\u016bru un veicina poru redzam\u012bbas vizu\u0101lu samazin\u0101\u0161anos. Produkts ir piem\u0113rots regul\u0101rai lieto\u0161anai kursa veid\u0101 un ikdienas kop\u0161anai problem\u0101tiskai \u0101dai.<\/p>\n<p data-start=\"784\" data-end=\"1027\">WiQO Balancing Cream by WIQO darbojas maigi, atbalstot \u0101das dabisk\u0101s aizsargfunkcijas un pal\u012bdzot saglab\u0101t l\u012bdzsvaru ar\u012b p\u0113c profesion\u0101l\u0101m proced\u016br\u0101m. Viegl\u0101 tekst\u016bra viegli kl\u0101jas, \u0101tri ies\u016bcas un nodro\u0161ina svaigu, komfortablu saj\u016btu uz \u0101das.<\/p>\n<p data-start=\"1029\" data-end=\"1250\"><strong data-start=\"1029\" data-end=\"1053\">Akt\u012bv\u0101s sast\u0101vda\u013cas:<\/strong> mikroniz\u0113ta azela\u012bnsk\u0101be, inkapsul\u0113ta salicilsk\u0101be, piensk\u0101bes bakt\u0113riju ekstrakts, ferment\u0113ti augu ekstrakti, folijsk\u0101be, vitam\u012bns E, vitam\u012bns B3 (niacinam\u012bds), azelamidopropildimetilam\u012bns (ADA).<\/p>\n<p data-start=\"1252\" data-end=\"1270\"><strong data-start=\"1252\" data-end=\"1264\">Tilpums:<\/strong> 30 ml<\/p>\n","protected":false},"excerpt":{"rendered":"<p data-start=\"1462\" data-end=\"1497\">Balans\u0113jo\u0161s sebuma regul\u0113jo\u0161s kr\u0113ms<\/p>\n<h2 data-start=\"1499\" data-end=\"1534\"><strong data-start=\"1499\" data-end=\"1534\">\u012apa\u0161\u012bbas WIQO &#8211; Balancing Cream<\/strong><\/h2>\n<p data-start=\"1536\" data-end=\"1736\">\u2714\ufe0f Atjauno \u0101das l\u012bdzsvaru<br data-start=\"1561\" data-end=\"1564\" \/>\u2714\ufe0f Nomierina aps\u0101rtumu un kairin\u0101jumu<br data-start=\"1601\" data-end=\"1604\" \/>\u2714\ufe0f Aizsarg\u0101 \u0101du no dehidrat\u0101cijas<br data-start=\"1637\" data-end=\"1640\" \/>\u2714\ufe0f Stiprina \u0101das dabisk\u0101s aizsargfunkcijas<br data-start=\"1682\" data-end=\"1685\" \/>\u2714\ufe0f Pal\u012bdz kontrol\u0113t sp\u012bdumu un sebuma izdal\u012b\u0161anos<\/p>\n","protected":false},"featured_media":70672,"template":"","meta":[],"pwb-brand":[1237],"product_brand":[],"product_cat":[741,737,743,747],"product_tag":[],"giftcard-category":[],"class_list":{"0":"post-70671","1":"product","2":"type-product","3":"status-publish","4":"has-post-thumbnail","6":"pwb-brand-wiqo-lv","7":"product_cat-izsitumi","8":"product_cat-mitrinasana","9":"product_cat-paplasinatas-poras","10":"product_cat-taukainai-adai","12":"first","13":"instock","14":"taxable","15":"shipping-taxable","16":"purchasable","17":"product-type-simple"},"acf":[],"brands":[{"id":1237,"name":"WiQO","slug":"wiqo-lv"}],"_links":{"self":[{"href":"https:\/\/skinstudio.ee\/lv\/wp-json\/wp\/v2\/product\/70671","targetHints":{"allow":["GET"]}}],"collection":[{"href":"https:\/\/skinstudio.ee\/lv\/wp-json\/wp\/v2\/product"}],"about":[{"href":"https:\/\/skinstudio.ee\/lv\/wp-json\/wp\/v2\/types\/product"}],"version-history":[{"count":0,"href":"https:\/\/skinstudio.ee\/lv\/wp-json\/wp\/v2\/product\/70671\/revisions"}],"wp:featuredmedia":[{"embeddable":true,"href":"https:\/\/skinstudio.ee\/lv\/wp-json\/wp\/v2\/media\/70672"}],"wp:attachment":[{"href":"https:\/\/skinstudio.ee\/lv\/wp-json\/wp\/v2\/media?parent=70671"}],"wp:term":[{"taxonomy":"pwb-brand","embeddable":true,"href":"https:\/\/skinstudio.ee\/lv\/wp-json\/wp\/v2\/pwb-brand?post=70671"},{"taxonomy":"product_brand","embeddable":true,"href":"https:\/\/skinstudio.ee\/lv\/wp-json\/wp\/v2\/product_brand?post=70671"},{"taxonomy":"product_cat","embeddable":true,"href":"https:\/\/skinstudio.ee\/lv\/wp-json\/wp\/v2\/product_cat?post=70671"},{"taxonomy":"product_tag","embeddable":true,"href":"https:\/\/skinstudio.ee\/lv\/wp-json\/wp\/v2\/product_tag?post=70671"},{"taxonomy":"giftcard-category","embeddable":true,"href":"https:\/\/skinstudio.ee\/lv\/wp-json\/wp\/v2\/giftcard-category?post=70671"}],"curies":[{"name":"wp","href":"https:\/\/api.w.org\/{rel}","templated":true}]}}