{"id":70726,"date":"2025-12-23T11:33:16","date_gmt":"2025-12-23T11:33:16","guid":{"rendered":"https:\/\/skinstudio.ee\/?post_type=product&#038;p=70726"},"modified":"2026-02-12T08:38:07","modified_gmt":"2026-02-12T08:38:07","slug":"azelaic-br-13","status":"publish","type":"product","link":"https:\/\/skinstudio.ee\/lv\/catalog\/noon-aesthetics\/azelaic-br-13\/","title":{"rendered":"Azelaic-Br 13%"},"content":{"rendered":"<p data-start=\"157\" data-end=\"478\">Azelaic-Br 13% no NOON Aesthetics ir profesion\u0101ls l\u012bdzeklis hiperpigment\u0101cijas un melasmas korekcijai, kas izstr\u0101d\u0101ts ilgsto\u0161ai un dro\u0161ai lieto\u0161anai. Produkts ir paredz\u0113ts darbam ar nevienm\u0113r\u012bgu \u0101das toni, tum\u0161iem plankumiem un aps\u0101rtumu, nodro\u0161inot redzamu \u0101das izskata uzlabo\u0161anos bez kairin\u0101juma un fotosensitivit\u0101tes.<\/p>\n<p data-start=\"480\" data-end=\"822\">Produkta formula balst\u0101s uz biopieejamu azela\u012bnsk\u0101bi 13% koncentr\u0101cij\u0101, kas \u013cauj efekt\u012bvi ietekm\u0113t p\u0101rm\u0113r\u012bgas melan\u012bna veido\u0161an\u0101s procesus un uztur\u0113t \u0101das komfortu regul\u0101ras lieto\u0161anas laik\u0101. Azelaic-Br 13% no NOON Aesthetics ir piem\u0113rots gan pigment\u0101cijas ra\u0161an\u0101s profilaksei, gan ilgsto\u0161ai kop\u0161anai jau eso\u0161u pigment\u0101cijas izmai\u0146u gad\u012bjum\u0101.<\/p>\n<p data-start=\"824\" data-end=\"1091\">L\u012bdzeklis ir piem\u0113rots \u0101dai ar hiperpigment\u0101ciju, melasmu un nevienm\u0113r\u012bgu toni, tostarp jut\u012bgai \u0101dai. To var lietot \u0101dai ar noslieci uz aps\u0101rtumu, k\u0101 ar\u012b ilgsto\u0161as uzturo\u0161as kop\u0161anas ietvaros. Jut\u012bgas \u0101das gad\u012bjum\u0101 ieteicams pak\u0101peniski palielin\u0101t lieto\u0161anas bie\u017eumu.<\/p>\n<p data-start=\"1093\" data-end=\"1734\"><strong data-start=\"1093\" data-end=\"1116\">Akt\u012bv\u0101s sast\u0101vda\u013cas<\/strong><br data-start=\"1116\" data-end=\"1119\" \/><strong data-start=\"1119\" data-end=\"1135\">Azela\u012bnsk\u0101be<\/strong> \u2013 pal\u012bdz izl\u012bdzin\u0101t \u0101das toni un samazin\u0101t pigment\u0101cijas izpausmes, kontrol\u0113jot p\u0101rm\u0113r\u012bgu melan\u012bna veido\u0161anos.<br data-start=\"1246\" data-end=\"1249\" \/><strong data-start=\"1249\" data-end=\"1263\">Glabrid\u012bns<\/strong> \u2013 no lakricas saknes ieg\u016bta sast\u0101vda\u013ca, kas pal\u012bdz mazin\u0101t tum\u0161o plankumu redzam\u012bbu un atbalsta \u0101das aizsardz\u012bbu pret oksidat\u012bvo stresu.<br data-start=\"1400\" data-end=\"1403\" \/><strong data-start=\"1403\" data-end=\"1430\">Oktadec\u0113ndiokarbonsk\u0101be<\/strong> \u2013 piedal\u0101s \u0101das izgaismo\u0161an\u0101 un uzlabo t\u0101s kop\u0113jo izskatu.<br data-start=\"1489\" data-end=\"1492\" \/><strong data-start=\"1492\" data-end=\"1506\">Vitam\u012bns E<\/strong> \u2013 nodro\u0161ina antioksidantu atbalstu, pal\u012bdz aizsarg\u0101t \u0101du un mazin\u0101t aps\u0101rtumu.<br data-start=\"1585\" data-end=\"1588\" \/><strong data-start=\"1588\" data-end=\"1618\">DermShield\u2122 un DermXtreme\u2122<\/strong> \u2013 patent\u0113tas tehnolo\u0123ijas, kas palielina akt\u012bvo sast\u0101vda\u013cu efektivit\u0101ti un biopieejam\u012bbu, saglab\u0101jot \u0101das komfortu.<\/p>\n<p data-start=\"1736\" data-end=\"1754\"><strong data-start=\"1736\" data-end=\"1748\">Tilpums:<\/strong> <span data-start=\"1965\" data-end=\"1974\"><strong>15 ml<\/strong> \/ <\/span><strong data-start=\"1975\" data-end=\"1984\">50 ml<\/strong><\/p>\n","protected":false},"excerpt":{"rendered":"<p data-start=\"2064\" data-end=\"2105\">\u0100das pigment\u0101cijas izgaismojo\u0161s l\u012bdzeklis<\/p>\n<h2 data-start=\"2107\" data-end=\"2152\"><strong data-start=\"2107\" data-end=\"2152\">\u012bpa\u0161\u012bbas <\/strong><strong data-start=\"2107\" data-end=\"2152\">NOON Aesthetics &#8211; Azelaic-Br 13%<\/strong><\/h2>\n<p data-start=\"2154\" data-end=\"2395\">\u2714\ufe0f Izgaismo pigment\u0101ciju un izl\u012bdzina \u0101das toni<br data-start=\"2201\" data-end=\"2204\" \/>\u2714\ufe0f Samazina melasmas un tum\u0161o plankumu redzam\u012bbu<br data-start=\"2252\" data-end=\"2255\" \/>\u2714\ufe0f Mazina aps\u0101rtumu un uzlabo \u0101das kop\u0113jo izskatu<br data-start=\"2304\" data-end=\"2307\" \/>\u2714\ufe0f Atjauno \u0101das virsmu un padara to glud\u0101ku<br data-start=\"2350\" data-end=\"2353\" \/>\u2714\ufe0f Atbalsta ilgsto\u0161u izgaismojo\u0161u efektu<\/p>\n","protected":false},"featured_media":70717,"template":"","meta":[],"pwb-brand":[790],"product_brand":[],"product_cat":[745,1149,749,751,723,747,753],"product_tag":[],"giftcard-category":[],"class_list":{"0":"post-70726","1":"product","2":"type-product","3":"status-publish","4":"has-post-thumbnail","6":"pwb-brand-noon-aesthetics","7":"product_cat-jutigai-adai","8":"product_cat-noon-aesthetics-lv","9":"product_cat-novecojosa-ada","10":"product_cat-pigmentacija-lv","11":"product_cat-serumi","12":"product_cat-taukainai-adai","13":"product_cat-travel-size-lv","14":"pa_suurus-15ml-lv","15":"pa_suurus-50ml-lv","17":"first","18":"outofstock","19":"taxable","20":"shipping-taxable","21":"purchasable","22":"product-type-variable"},"acf":[],"brands":[{"id":790,"name":"NOON Aesthetics","slug":"noon-aesthetics"}],"_links":{"self":[{"href":"https:\/\/skinstudio.ee\/lv\/wp-json\/wp\/v2\/product\/70726","targetHints":{"allow":["GET"]}}],"collection":[{"href":"https:\/\/skinstudio.ee\/lv\/wp-json\/wp\/v2\/product"}],"about":[{"href":"https:\/\/skinstudio.ee\/lv\/wp-json\/wp\/v2\/types\/product"}],"version-history":[{"count":1,"href":"https:\/\/skinstudio.ee\/lv\/wp-json\/wp\/v2\/product\/70726\/revisions"}],"predecessor-version":[{"id":80054,"href":"https:\/\/skinstudio.ee\/lv\/wp-json\/wp\/v2\/product\/70726\/revisions\/80054"}],"wp:featuredmedia":[{"embeddable":true,"href":"https:\/\/skinstudio.ee\/lv\/wp-json\/wp\/v2\/media\/70717"}],"wp:attachment":[{"href":"https:\/\/skinstudio.ee\/lv\/wp-json\/wp\/v2\/media?parent=70726"}],"wp:term":[{"taxonomy":"pwb-brand","embeddable":true,"href":"https:\/\/skinstudio.ee\/lv\/wp-json\/wp\/v2\/pwb-brand?post=70726"},{"taxonomy":"product_brand","embeddable":true,"href":"https:\/\/skinstudio.ee\/lv\/wp-json\/wp\/v2\/product_brand?post=70726"},{"taxonomy":"product_cat","embeddable":true,"href":"https:\/\/skinstudio.ee\/lv\/wp-json\/wp\/v2\/product_cat?post=70726"},{"taxonomy":"product_tag","embeddable":true,"href":"https:\/\/skinstudio.ee\/lv\/wp-json\/wp\/v2\/product_tag?post=70726"},{"taxonomy":"giftcard-category","embeddable":true,"href":"https:\/\/skinstudio.ee\/lv\/wp-json\/wp\/v2\/giftcard-category?post=70726"}],"curies":[{"name":"wp","href":"https:\/\/api.w.org\/{rel}","templated":true}]}}