{"id":70741,"date":"2025-12-23T11:47:09","date_gmt":"2025-12-23T11:47:09","guid":{"rendered":"https:\/\/skinstudio.ee\/?post_type=product&#038;p=70741"},"modified":"2026-02-12T08:32:31","modified_gmt":"2026-02-12T08:32:31","slug":"azelaic-s-13","status":"publish","type":"product","link":"https:\/\/skinstudio.ee\/lv\/catalog\/noon-aesthetics\/azelaic-s-13\/","title":{"rendered":"Azelaic-S 13%"},"content":{"rendered":"<p data-start=\"151\" data-end=\"491\">Azelaic-S 13% no NOON Aesthetics ir profesion\u0101ls l\u012bdzeklis \u0101das kop\u0161anai, kas ir pak\u013cauta izsitumiem un postinflamatorai hiperpigment\u0101cijai. Produkts ir izstr\u0101d\u0101ts ilgsto\u0161ai un dro\u0161ai lieto\u0161anai un ir v\u0113rsts uz \u0101das st\u0101vok\u013ca uzlabo\u0161anu iekaisuma elementu, nevienm\u0113r\u012bgas tekst\u016bras un aps\u0101rtuma gad\u012bjum\u0101 bez kairin\u0101juma un fotosensitivit\u0101tes.<\/p>\n<p data-start=\"493\" data-end=\"811\">Produkta formula balst\u0101s uz biopieejamu azela\u012bnsk\u0101bi 13% koncentr\u0101cij\u0101 kombin\u0101cij\u0101 ar salicilsk\u0101bi un NOON Aesthetics patent\u0113taj\u0101m tehnolo\u0123ij\u0101m. \u0160\u0101da kombin\u0101cija \u013cauj efekt\u012bvi iedarboties uz iekaisuma procesiem, p\u0101rm\u0113r\u012bgu sebuma izdal\u012b\u0161anos un poru aizs\u0113r\u0113\u0161anu, saglab\u0101jot \u0101das komfortu pat regul\u0101ras lieto\u0161anas laik\u0101.<\/p>\n<p data-start=\"813\" data-end=\"1056\">Azelaic-S 13% no NOON Aesthetics pal\u012bdz uzlabot \u0101das izskatu aknes, roz\u0101cijas, seborejas un st\u0101vok\u013cu gad\u012bjum\u0101, kurus pavada iekaisums un nevienm\u0113r\u012bga \u0101das virsma. Regul\u0101ras lieto\u0161anas laik\u0101 \u0101da izskat\u0101s t\u012br\u0101ka, glud\u0101ka un vizu\u0101li vienm\u0113r\u012bg\u0101ka.<\/p>\n<p data-start=\"1058\" data-end=\"1336\">L\u012bdzeklis ir piem\u0113rots \u0101dai, kas ir pak\u013cauta izsitumiem, postinflamatorai hiperpigment\u0101cijai, aps\u0101rtumam un iekaisuma reakcij\u0101m, tostarp jut\u012bgai \u0101dai. To var lietot ilgsto\u0161as uzturo\u0161as kop\u0161anas ietvaros. Jut\u012bgas \u0101das gad\u012bjum\u0101 ieteicams pak\u0101peniski palielin\u0101t lieto\u0161anas bie\u017eumu.<\/p>\n<p data-start=\"1338\" data-end=\"2008\"><strong data-start=\"1338\" data-end=\"1361\">Akt\u012bv\u0101s sast\u0101vda\u013cas<\/strong><br data-start=\"1361\" data-end=\"1364\" \/><strong>Azela\u012bnsk\u0101be<\/strong> \u2013 pal\u012bdz mazin\u0101t iekaisumus, izl\u012bdzin\u0101t \u0101das toni un samazin\u0101t postinflamator\u0101s pigment\u0101cijas izteikt\u012bbu.<br data-start=\"1482\" data-end=\"1485\" \/><strong>Salicilsk\u0101be<\/strong> \u2013 maigi noloba, pal\u012bdz att\u012br\u012bt poras un samazina noslieci uz izsitumiem.<br data-start=\"1570\" data-end=\"1573\" \/><strong>Glabrid\u012bns<\/strong> \u2013 no lakricas saknes ieg\u016bta sast\u0101vda\u013ca, kas pal\u012bdz samazin\u0101t tum\u0161o plankumu redzam\u012bbu un atbalsta \u0101das aizsardz\u012bbu pret oksidat\u012bvo stresu.<br data-start=\"1722\" data-end=\"1725\" \/><strong>Augu ekstrakti<\/strong> \u2013 aug\u013cu un augu ekstraktu komplekss ar pretiekaisuma iedarb\u012bbu, kas pal\u012bdz samazin\u0101t ar akni saist\u012bto bakt\u0113riju aktivit\u0101ti.<br data-start=\"1863\" data-end=\"1866\" \/><strong>DermShield\u2122 un DermXtreme\u2122<\/strong> \u2013 patent\u0113tas tehnolo\u0123ijas, kas palielina akt\u012bvo sast\u0101vda\u013cu efektivit\u0101ti un biopieejam\u012bbu, saglab\u0101jot \u0101das komfortu.<\/p>\n<p data-start=\"2010\" data-end=\"2028\"><strong data-start=\"2010\" data-end=\"2022\">Tilpums:<\/strong> 15 ml \/ 50 ml<\/p>\n","protected":false},"excerpt":{"rendered":"<p data-start=\"2365\" data-end=\"2411\">\u0100du izgaismojo\u0161s l\u012bdzeklis problem\u0101tiskai \u0101dai<\/p>\n<h2 data-start=\"2413\" data-end=\"2457\"><strong data-start=\"2413\" data-end=\"2457\">\u012apa\u0161\u012bbas NOON Aesthetics &#8211; Azelaic-S 13%<\/strong><\/h2>\n<p data-start=\"2459\" data-end=\"2654\">\u2714\ufe0f Samazina \u0101das iekaisuma aktivit\u0101ti<br data-start=\"2496\" data-end=\"2499\" \/>\u2714\ufe0f Kori\u0123\u0113 postinflamatoro pigment\u0101ciju<br data-start=\"2537\" data-end=\"2540\" \/>\u2714\ufe0f Uzlabo poru t\u012br\u012bbu un st\u0101vokli<br data-start=\"2573\" data-end=\"2576\" \/>\u2714\ufe0f L\u012bdzsvaro sebuma izdal\u012b\u0161anos un \u0101das procesus<br data-start=\"2624\" data-end=\"2627\" \/>\u2714\ufe0f Izl\u012bdzina \u0101das reljefu<\/p>\n","protected":false},"featured_media":70748,"template":"","meta":[],"pwb-brand":[790],"product_brand":[],"product_cat":[745,1149,749,751,723,747,753],"product_tag":[],"giftcard-category":[],"class_list":{"0":"post-70741","1":"product","2":"type-product","3":"status-publish","4":"has-post-thumbnail","6":"pwb-brand-noon-aesthetics","7":"product_cat-jutigai-adai","8":"product_cat-noon-aesthetics-lv","9":"product_cat-novecojosa-ada","10":"product_cat-pigmentacija-lv","11":"product_cat-serumi","12":"product_cat-taukainai-adai","13":"product_cat-travel-size-lv","14":"pa_suurus-15ml-lv","15":"pa_suurus-50ml-lv","17":"first","18":"outofstock","19":"taxable","20":"shipping-taxable","21":"purchasable","22":"product-type-variable"},"acf":[],"brands":[{"id":790,"name":"NOON Aesthetics","slug":"noon-aesthetics"}],"_links":{"self":[{"href":"https:\/\/skinstudio.ee\/lv\/wp-json\/wp\/v2\/product\/70741","targetHints":{"allow":["GET"]}}],"collection":[{"href":"https:\/\/skinstudio.ee\/lv\/wp-json\/wp\/v2\/product"}],"about":[{"href":"https:\/\/skinstudio.ee\/lv\/wp-json\/wp\/v2\/types\/product"}],"version-history":[{"count":1,"href":"https:\/\/skinstudio.ee\/lv\/wp-json\/wp\/v2\/product\/70741\/revisions"}],"predecessor-version":[{"id":80028,"href":"https:\/\/skinstudio.ee\/lv\/wp-json\/wp\/v2\/product\/70741\/revisions\/80028"}],"wp:featuredmedia":[{"embeddable":true,"href":"https:\/\/skinstudio.ee\/lv\/wp-json\/wp\/v2\/media\/70748"}],"wp:attachment":[{"href":"https:\/\/skinstudio.ee\/lv\/wp-json\/wp\/v2\/media?parent=70741"}],"wp:term":[{"taxonomy":"pwb-brand","embeddable":true,"href":"https:\/\/skinstudio.ee\/lv\/wp-json\/wp\/v2\/pwb-brand?post=70741"},{"taxonomy":"product_brand","embeddable":true,"href":"https:\/\/skinstudio.ee\/lv\/wp-json\/wp\/v2\/product_brand?post=70741"},{"taxonomy":"product_cat","embeddable":true,"href":"https:\/\/skinstudio.ee\/lv\/wp-json\/wp\/v2\/product_cat?post=70741"},{"taxonomy":"product_tag","embeddable":true,"href":"https:\/\/skinstudio.ee\/lv\/wp-json\/wp\/v2\/product_tag?post=70741"},{"taxonomy":"giftcard-category","embeddable":true,"href":"https:\/\/skinstudio.ee\/lv\/wp-json\/wp\/v2\/giftcard-category?post=70741"}],"curies":[{"name":"wp","href":"https:\/\/api.w.org\/{rel}","templated":true}]}}