{"id":70761,"date":"2025-12-23T11:59:16","date_gmt":"2025-12-23T11:59:16","guid":{"rendered":"https:\/\/skinstudio.ee\/?post_type=product&#038;p=70761"},"modified":"2026-02-19T10:09:20","modified_gmt":"2026-02-19T10:09:20","slug":"deflame-cream","status":"publish","type":"product","link":"https:\/\/skinstudio.ee\/lv\/catalog\/noon-aesthetics\/deflame-cream\/","title":{"rendered":"DeFlame Cream"},"content":{"rendered":"<p data-start=\"160\" data-end=\"464\">DeFlame Cream no NOON Aesthetics ir profesion\u0101ls nomierino\u0161s kr\u0113ms \u0101dai ar aps\u0101rtumu, kairin\u0101jumu un pav\u0101jin\u0101tu \u0101das barjeras funkciju. Produkts ir paredz\u0113ts \u0101trai \u0101das st\u0101vok\u013ca atvieglo\u0161anai rosacejas, seborejas un ekz\u0113mas gad\u012bjum\u0101, k\u0101 ar\u012b atvese\u013co\u0161an\u0101s period\u0101 p\u0113c est\u0113tisk\u0101m un kosm\u0113tisk\u0101m proced\u016br\u0101m.<\/p>\n<p data-start=\"466\" data-end=\"784\">Formulas darb\u012bba ir v\u0113rsta uz iekaisuma, t\u016bskas, dedzin\u0101\u0161anas saj\u016btas un diskomforta mazin\u0101\u0161anu. Kr\u0113ms s\u0101k darboties gandr\u012bz uzreiz p\u0113c uzkl\u0101\u0161anas, pal\u012bdzot \u0101dai \u0101tr\u0101k atjaunoties un sa\u012bsinot atvese\u013co\u0161an\u0101s periodu. Regul\u0101ras lieto\u0161anas gad\u012bjum\u0101 \u0101da izskat\u0101s mier\u012bg\u0101ka, kopt\u0101ka un notur\u012bg\u0101ka pret \u0101r\u0113jiem kairin\u0101t\u0101jiem.<\/p>\n<p data-start=\"786\" data-end=\"991\">L\u012bdzekli var lietot gan p\u0113capstr\u0101des period\u0101, gan ikdienas \u0101das kop\u0161an\u0101. Tas pal\u012bdz uztur\u0113t stabilu \u0101das st\u0101vokli starp iekaisuma epizod\u0113m un samazina postinflamatoru izmai\u0146u, tostarp pigment\u0101cijas, risku.<\/p>\n<p data-start=\"993\" data-end=\"1139\">L\u012bdzeklis ir piem\u0113rots visiem \u0101das tipiem, tostarp jut\u012bgai un reakt\u012bvai \u0101dai, \u012bpa\u0161i p\u0113c kosm\u0113tisk\u0101m proced\u016br\u0101m vai \u0137irur\u0123isk\u0101m iejauk\u0161an\u0101s reiz\u0113m.<\/p>\n<p data-start=\"1141\" data-end=\"1766\"><strong data-start=\"1141\" data-end=\"1164\">Akt\u012bv\u0101s sast\u0101vda\u013cas<\/strong><br data-start=\"1164\" data-end=\"1167\" \/><strong data-start=\"1167\" data-end=\"1188\">Arnikas ekstrakts<\/strong> &#8211; veicina audu atjauno\u0161anos, pal\u012bdz mazin\u0101t t\u016bsku un pa\u0101trina \u0101das dz\u012b\u0161anu.<br data-start=\"1264\" data-end=\"1267\" \/><strong data-start=\"1267\" data-end=\"1293\">Seanergy\u2122 (SPS un DPG)<\/strong> &#8211; patent\u0113ts komplekss, kas paredz\u0113ts \u0101trai iekaisuma procesu nom\u0101k\u0161anai p\u0113c proced\u016br\u0101m un kairin\u0101juma mazin\u0101\u0161anai.<br data-start=\"1408\" data-end=\"1411\" \/><strong data-start=\"1411\" data-end=\"1425\">Allanto\u012bns<\/strong> &#8211; nomierina \u0101du, atbalsta dz\u012b\u0161anas procesus, pal\u012bdz atjaunot \u0101das barjeru un mitrina \u0101du.<br data-start=\"1515\" data-end=\"1518\" \/><strong data-start=\"1518\" data-end=\"1580\">Aug\u0161anas faktori (EGF, IGF-1, Acidic FGF, Basic FGF, VEGF)<\/strong> &#8211; piedal\u0101s re\u0123ener\u0101cijas procesos, audu atjauno\u0161an\u0101 un atbalsta \u0101das dz\u012bvotsp\u0113ju.<br data-start=\"1662\" data-end=\"1665\" \/><strong data-start=\"1665\" data-end=\"1680\">DermShield\u2122<\/strong> &#8211; tehnolo\u0123ija, kas nodro\u0161ina akt\u012bvo sast\u0101vda\u013cu komfortablu iedarb\u012bbu bez kairin\u0101juma.<\/p>\n<p data-start=\"1768\" data-end=\"1786\"><strong data-start=\"1768\" data-end=\"1780\">Tilpums:<\/strong> 15 ml \/ 50 ml<\/p>\n","protected":false},"excerpt":{"rendered":"<p data-start=\"2108\" data-end=\"2137\">Nomierino\u0161s atjaunojo\u0161s kr\u0113ms<\/p>\n<h2 data-start=\"2139\" data-end=\"2183\"><strong data-start=\"2139\" data-end=\"2183\">\u012apa\u0161\u012bbas NOON Aesthetics &#8211; DeFlame Cream<\/strong><\/h2>\n<p data-start=\"2185\" data-end=\"2381\">\u2714\ufe0f Samazina \u0101das aps\u0101rtumu un iekaisumu<br data-start=\"2224\" data-end=\"2227\" \/>\u2714\ufe0f Pa\u0101trina atjauno\u0161anos p\u0113c proced\u016br\u0101m<br data-start=\"2266\" data-end=\"2269\" \/>\u2714\ufe0f Mazina t\u016bsku un diskomfortu<br data-start=\"2299\" data-end=\"2302\" \/>\u2714\ufe0f Atbalsta \u0101das re\u0123ener\u0101ciju un dz\u012b\u0161anu<br data-start=\"2342\" data-end=\"2345\" \/>\u2714\ufe0f Stiprina \u0101das barjeras funkciju<\/p>\n","protected":false},"featured_media":70754,"template":"","meta":[],"pwb-brand":[790],"product_brand":[],"product_cat":[745,737,1149,749,753],"product_tag":[],"giftcard-category":[],"class_list":{"0":"post-70761","1":"product","2":"type-product","3":"status-publish","4":"has-post-thumbnail","6":"pwb-brand-noon-aesthetics","7":"product_cat-jutigai-adai","8":"product_cat-mitrinasana","9":"product_cat-noon-aesthetics-lv","10":"product_cat-novecojosa-ada","11":"product_cat-travel-size-lv","12":"pa_suurus-15ml-lv","13":"pa_suurus-50ml-lv","15":"first","16":"instock","17":"taxable","18":"shipping-taxable","19":"purchasable","20":"product-type-variable"},"acf":[],"brands":[{"id":790,"name":"NOON Aesthetics","slug":"noon-aesthetics"}],"_links":{"self":[{"href":"https:\/\/skinstudio.ee\/lv\/wp-json\/wp\/v2\/product\/70761","targetHints":{"allow":["GET"]}}],"collection":[{"href":"https:\/\/skinstudio.ee\/lv\/wp-json\/wp\/v2\/product"}],"about":[{"href":"https:\/\/skinstudio.ee\/lv\/wp-json\/wp\/v2\/types\/product"}],"version-history":[{"count":1,"href":"https:\/\/skinstudio.ee\/lv\/wp-json\/wp\/v2\/product\/70761\/revisions"}],"predecessor-version":[{"id":81013,"href":"https:\/\/skinstudio.ee\/lv\/wp-json\/wp\/v2\/product\/70761\/revisions\/81013"}],"wp:featuredmedia":[{"embeddable":true,"href":"https:\/\/skinstudio.ee\/lv\/wp-json\/wp\/v2\/media\/70754"}],"wp:attachment":[{"href":"https:\/\/skinstudio.ee\/lv\/wp-json\/wp\/v2\/media?parent=70761"}],"wp:term":[{"taxonomy":"pwb-brand","embeddable":true,"href":"https:\/\/skinstudio.ee\/lv\/wp-json\/wp\/v2\/pwb-brand?post=70761"},{"taxonomy":"product_brand","embeddable":true,"href":"https:\/\/skinstudio.ee\/lv\/wp-json\/wp\/v2\/product_brand?post=70761"},{"taxonomy":"product_cat","embeddable":true,"href":"https:\/\/skinstudio.ee\/lv\/wp-json\/wp\/v2\/product_cat?post=70761"},{"taxonomy":"product_tag","embeddable":true,"href":"https:\/\/skinstudio.ee\/lv\/wp-json\/wp\/v2\/product_tag?post=70761"},{"taxonomy":"giftcard-category","embeddable":true,"href":"https:\/\/skinstudio.ee\/lv\/wp-json\/wp\/v2\/giftcard-category?post=70761"}],"curies":[{"name":"wp","href":"https:\/\/api.w.org\/{rel}","templated":true}]}}