{"id":70776,"date":"2025-12-23T12:13:21","date_gmt":"2025-12-23T12:13:21","guid":{"rendered":"https:\/\/skinstudio.ee\/?post_type=product&#038;p=70776"},"modified":"2025-12-30T17:05:11","modified_gmt":"2025-12-30T17:05:11","slug":"pre-procedure-program","status":"publish","type":"product","link":"https:\/\/skinstudio.ee\/lv\/catalog\/noon-aesthetics\/pre-procedure-program\/","title":{"rendered":"Pre-Procedure Program"},"content":{"rendered":"<p data-start=\"297\" data-end=\"692\">Pre-Procedure Program no NOON Aesthetics ir profesion\u0101ls sagatavo\u0161anas komplekss, kas izstr\u0101d\u0101ts \u0101das stiprin\u0101\u0161anai un risku samazin\u0101\u0161anai pirms est\u0113tisk\u0101m un kosm\u0113tisk\u0101m proced\u016br\u0101m. Programma ir v\u0113rsta uz \u0101das notur\u012bbas palielin\u0101\u0161anu, barjerfunkcijas atbalst\u012b\u0161anu un optim\u0101la \u0101das st\u0101vok\u013ca izveidi pirms proced\u016br\u0101m, pal\u012bdzot samazin\u0101t iesp\u0113jam\u0101s komplik\u0101cijas un pagarin\u0101t proced\u016bru rezult\u0101tus.<\/p>\n<p data-start=\"694\" data-end=\"1017\">Kompleksu var izmantot gan pirms, gan p\u0113c est\u0113tisk\u0101m proced\u016br\u0101m, un tas ir piem\u0113rots visiem \u0101das tipiem. Regul\u0101ras lieto\u0161anas gad\u012bjum\u0101 programm\u0101 iek\u013cautie l\u012bdzek\u013ci veicina \u0101das tekst\u016bras uzlabo\u0161anos, to\u0146a izl\u012bdzin\u0101\u0161anu un \u0101das adapt\u012bvo sp\u0113ju palielin\u0101\u0161anu, kas ir \u012bpa\u0161i svar\u012bgi profesion\u0101l\u0101s kop\u0161anas sagatavo\u0161anas period\u0101.<\/p>\n<p data-start=\"1019\" data-end=\"1120\">Programmu ieteicams uzs\u0101kt 2\u20134 ned\u0113\u013cas pirms pl\u0101not\u0101s proced\u016bras saska\u0146\u0101 ar ieteikto kop\u0161anas re\u017e\u012bmu.<\/p>\n","protected":false},"excerpt":{"rendered":"<p data-start=\"2086\" data-end=\"2141\">Profesion\u0101la sagatavojo\u0161a \u0101das kop\u0161ana pirms proced\u016br\u0101m<\/p>\n<h2><strong>Komplekt\u0101 NOON Aesthetics &#8211; Pre-Procedure Program ietilpst:<\/strong><\/h2>\n<p data-start=\"2143\" data-end=\"2394\">\u2714\ufe0f C Foaming Cleanser 30 ml<br data-start=\"2236\" data-end=\"2239\" \/>\u2714\ufe0f Retinol Charisma 0.3% 15 ml<br data-start=\"2269\" data-end=\"2272\" \/>\u2714\ufe0f Lacto 10 15 ml<br data-start=\"2289\" data-end=\"2292\" \/>\u2714\ufe0f Optimal Moisturizing Guardian 15 ml<br data-start=\"2330\" data-end=\"2333\" \/>\u2714\ufe0f Vitamin C Serum 15 ml<br data-start=\"2357\" data-end=\"2360\" \/>\u2714\ufe0f TXA-Brightening Complex 15 ml<\/p>\n","protected":false},"featured_media":70769,"template":"","meta":[],"pwb-brand":[790],"product_brand":[],"product_cat":[755,1149],"product_tag":[],"giftcard-category":[],"class_list":{"0":"post-70776","1":"product","2":"type-product","3":"status-publish","4":"has-post-thumbnail","6":"pwb-brand-noon-aesthetics","7":"product_cat-komplekts","8":"product_cat-noon-aesthetics-lv","10":"first","11":"instock","12":"taxable","13":"shipping-taxable","14":"purchasable","15":"product-type-simple"},"acf":[],"brands":[{"id":790,"name":"NOON Aesthetics","slug":"noon-aesthetics"}],"_links":{"self":[{"href":"https:\/\/skinstudio.ee\/lv\/wp-json\/wp\/v2\/product\/70776","targetHints":{"allow":["GET"]}}],"collection":[{"href":"https:\/\/skinstudio.ee\/lv\/wp-json\/wp\/v2\/product"}],"about":[{"href":"https:\/\/skinstudio.ee\/lv\/wp-json\/wp\/v2\/types\/product"}],"version-history":[{"count":0,"href":"https:\/\/skinstudio.ee\/lv\/wp-json\/wp\/v2\/product\/70776\/revisions"}],"wp:featuredmedia":[{"embeddable":true,"href":"https:\/\/skinstudio.ee\/lv\/wp-json\/wp\/v2\/media\/70769"}],"wp:attachment":[{"href":"https:\/\/skinstudio.ee\/lv\/wp-json\/wp\/v2\/media?parent=70776"}],"wp:term":[{"taxonomy":"pwb-brand","embeddable":true,"href":"https:\/\/skinstudio.ee\/lv\/wp-json\/wp\/v2\/pwb-brand?post=70776"},{"taxonomy":"product_brand","embeddable":true,"href":"https:\/\/skinstudio.ee\/lv\/wp-json\/wp\/v2\/product_brand?post=70776"},{"taxonomy":"product_cat","embeddable":true,"href":"https:\/\/skinstudio.ee\/lv\/wp-json\/wp\/v2\/product_cat?post=70776"},{"taxonomy":"product_tag","embeddable":true,"href":"https:\/\/skinstudio.ee\/lv\/wp-json\/wp\/v2\/product_tag?post=70776"},{"taxonomy":"giftcard-category","embeddable":true,"href":"https:\/\/skinstudio.ee\/lv\/wp-json\/wp\/v2\/giftcard-category?post=70776"}],"curies":[{"name":"wp","href":"https:\/\/api.w.org\/{rel}","templated":true}]}}