{"id":70791,"date":"2025-12-23T12:21:20","date_gmt":"2025-12-23T12:21:20","guid":{"rendered":"https:\/\/skinstudio.ee\/?post_type=product&#038;p=70791"},"modified":"2025-12-30T17:05:11","modified_gmt":"2025-12-30T17:05:11","slug":"post-procedure-program","status":"publish","type":"product","link":"https:\/\/skinstudio.ee\/lv\/catalog\/noon-aesthetics\/post-procedure-program\/","title":{"rendered":"Post-Procedure Program"},"content":{"rendered":"<p data-start=\"150\" data-end=\"467\">Post-Procedure Program no NOON Aesthetics ir profesion\u0101ls atjaunojo\u0161s kop\u0161anas komplekss, kas izstr\u0101d\u0101ts, lai pa\u0101trin\u0101tu \u0101das atjauno\u0161anos p\u0113c est\u0113tisk\u0101m un kosm\u0113tisk\u0101m proced\u016br\u0101m. Programma ir v\u0113rsta uz aps\u0101rtuma, iekaisuma un diskomforta mazin\u0101\u0161anu, k\u0101 ar\u012b optim\u0101la \u0101das st\u0101vok\u013ca uztur\u0113\u0161anu rehabilit\u0101cijas period\u0101.<\/p>\n<p data-start=\"469\" data-end=\"745\">Komplekt\u0101 iek\u013cautie l\u012bdzek\u013ci pal\u012bdz nomierin\u0101t \u0101du, atbalst\u012bt atjauno\u0161an\u0101s procesus un saglab\u0101t veikto proced\u016bru rezult\u0101tus. DermShield\u2122 tehnolo\u0123ija nodro\u0161ina akt\u012bvo sast\u0101vda\u013cu komfortablu iedarb\u012bbu, samazinot kairin\u0101juma risku un atbalstot \u0101du jut\u012bgaj\u0101 p\u0113cproced\u016bras period\u0101.<\/p>\n<p data-start=\"747\" data-end=\"1034\">Programma ir piem\u0113rota visiem \u0101das tipiem un to var izmantot gan uzreiz p\u0113c proced\u016br\u0101m, gan uzturo\u0161as kop\u0161anas ietvaros. Regul\u0101ras lieto\u0161anas gad\u012bjum\u0101 \u0101da izskat\u0101s mier\u012bg\u0101ka, lab\u0101k mitrin\u0101ta un aizsarg\u0101t\u0101ka pret \u0101r\u0113jiem faktoriem, savuk\u0101rt atjauno\u0161an\u0101s norit vienm\u0113r\u012bg\u0101k un komfortabl\u0101k.<\/p>\n","protected":false},"excerpt":{"rendered":"<p data-start=\"2058\" data-end=\"2110\">Profesion\u0101la atjaunojo\u0161a \u0101das kop\u0161ana p\u0113c proced\u016br\u0101m<\/p>\n<h2><strong data-start=\"2112\" data-end=\"2176\">Komplekt\u0101 NOON Aesthetics &#8211; Post-Procedure Program ietilpst:<\/strong><\/h2>\n<p data-start=\"2112\" data-end=\"2360\">\u2714\ufe0f C Foaming Cleanser 30 ml<br data-start=\"2206\" data-end=\"2209\" \/>\u2714\ufe0f Smart Occlusive System 15 ml<br data-start=\"2240\" data-end=\"2243\" \/>\u2714\ufe0f Lacto 10 15 ml<br data-start=\"2260\" data-end=\"2263\" \/>\u2714\ufe0f HydroCalming + Vit Complex 15 ml<br data-start=\"2298\" data-end=\"2301\" \/>\u2714\ufe0f DeFlame 15 ml<br data-start=\"2317\" data-end=\"2320\" \/>\u2714\ufe0f MultiVit Sun Protector SPF 30 15 ml<\/p>\n","protected":false},"featured_media":70784,"template":"","meta":[],"pwb-brand":[790],"product_brand":[],"product_cat":[755,1149],"product_tag":[],"giftcard-category":[],"class_list":{"0":"post-70791","1":"product","2":"type-product","3":"status-publish","4":"has-post-thumbnail","6":"pwb-brand-noon-aesthetics","7":"product_cat-komplekti","8":"product_cat-noon-aesthetics","10":"first","11":"instock","12":"taxable","13":"shipping-taxable","14":"purchasable","15":"product-type-simple"},"acf":[],"brands":[{"id":790,"name":"NOON Aesthetics","slug":"noon-aesthetics"}],"_links":{"self":[{"href":"https:\/\/skinstudio.ee\/lv\/wp-json\/wp\/v2\/product\/70791","targetHints":{"allow":["GET"]}}],"collection":[{"href":"https:\/\/skinstudio.ee\/lv\/wp-json\/wp\/v2\/product"}],"about":[{"href":"https:\/\/skinstudio.ee\/lv\/wp-json\/wp\/v2\/types\/product"}],"version-history":[{"count":0,"href":"https:\/\/skinstudio.ee\/lv\/wp-json\/wp\/v2\/product\/70791\/revisions"}],"wp:featuredmedia":[{"embeddable":true,"href":"https:\/\/skinstudio.ee\/lv\/wp-json\/wp\/v2\/media\/70784"}],"wp:attachment":[{"href":"https:\/\/skinstudio.ee\/lv\/wp-json\/wp\/v2\/media?parent=70791"}],"wp:term":[{"taxonomy":"pwb-brand","embeddable":true,"href":"https:\/\/skinstudio.ee\/lv\/wp-json\/wp\/v2\/pwb-brand?post=70791"},{"taxonomy":"product_brand","embeddable":true,"href":"https:\/\/skinstudio.ee\/lv\/wp-json\/wp\/v2\/product_brand?post=70791"},{"taxonomy":"product_cat","embeddable":true,"href":"https:\/\/skinstudio.ee\/lv\/wp-json\/wp\/v2\/product_cat?post=70791"},{"taxonomy":"product_tag","embeddable":true,"href":"https:\/\/skinstudio.ee\/lv\/wp-json\/wp\/v2\/product_tag?post=70791"},{"taxonomy":"giftcard-category","embeddable":true,"href":"https:\/\/skinstudio.ee\/lv\/wp-json\/wp\/v2\/giftcard-category?post=70791"}],"curies":[{"name":"wp","href":"https:\/\/api.w.org\/{rel}","templated":true}]}}