{"id":71010,"date":"2025-12-23T15:29:13","date_gmt":"2025-12-23T15:29:13","guid":{"rendered":"https:\/\/skinstudio.ee\/?post_type=product&#038;p=71010"},"modified":"2025-12-29T09:56:27","modified_gmt":"2025-12-29T09:56:27","slug":"firming-transformation-mask","status":"publish","type":"product","link":"https:\/\/skinstudio.ee\/lv\/catalog\/image-skincare\/firming-transformation-mask\/","title":{"rendered":"Firming Transformation Mask"},"content":{"rendered":"<p data-start=\"230\" data-end=\"555\">Firming Transformation Mask no Image Skincare ir grezns, viegli mirdzo\u0161s nostiprino\u0161s sejas maskas l\u012bdzeklis, kas izstr\u0101d\u0101ts, lai atbalst\u012btu \u0101du, kas pak\u013cauta stresam un pirmaj\u0101m redzamaj\u0101m noveco\u0161an\u0101s paz\u012bm\u0113m. Formula pal\u012bdz atjaunot \u0101das l\u012bdzsvaru, uzlabot t\u0101s kop\u0113jo izskatu un pastiprin\u0101t \u0101das tvirtuma un bl\u012bvuma saj\u016btu.<\/p>\n<p data-start=\"557\" data-end=\"807\">Maska apvieno hialuronsk\u0101bes mitrino\u0161o iedarb\u012bbu ar augstas t\u012br\u012bbas pak\u0101pes m\u0101lu un jojobas lod\u012b\u0161u maigu pul\u0113jo\u0161u efektu, kas saudz\u012bgi no\u0146em bl\u0101vumu un uzlabo \u0101das tekst\u016bru. Ret\u0101 piparu ogu auga ekstrakts veicina \u0101das komfortu un visp\u0101r\u0113jo labsaj\u016btu.<\/p>\n<p data-start=\"809\" data-end=\"1006\"><strong data-start=\"809\" data-end=\"842\">Kl\u012bniski pier\u0101d\u012bti rezult\u0101ti:<\/strong><\/p>\n<ul>\n<li data-start=\"809\" data-end=\"1006\">97% lietot\u0101ju nor\u0101d\u012bja, ka \u0101da k\u013cuva tvirt\u0101ka*<\/li>\n<li data-start=\"809\" data-end=\"1006\">90% piekrita, ka \u0101da izskat\u012bj\u0101s atsvaidzin\u0101ta*<\/li>\n<li data-start=\"809\" data-end=\"1006\">90% zi\u0146oja, ka \u0101da izskat\u012bj\u0101s stingr\u0101ka un toniz\u0113t\u0101ka*<\/li>\n<\/ul>\n<p data-start=\"1008\" data-end=\"1135\">Regul\u0101ras lieto\u0161anas gad\u012bjum\u0101 \u0101da izskat\u0101s glud\u0101ka, svaig\u0101ka un kopt\u0101ka, bet \u0101das tonis un tekst\u016bra k\u013c\u016bst vizu\u0101li vienm\u0113r\u012bg\u0101ki.<\/p>\n<p data-start=\"1137\" data-end=\"1249\">Maska ir piem\u0113rota norm\u0101lai un sausai \u0101dai, \u012bpa\u0161i bl\u0101vas \u0101das, samazin\u0101ta tvirtuma un noguruma paz\u012bmju gad\u012bjum\u0101.<\/p>\n<p data-start=\"1251\" data-end=\"1272\"><strong data-start=\"1251\" data-end=\"1263\">Tilpums:<\/strong> <strong data-start=\"1264\" data-end=\"1272\">57 g<\/strong><\/p>\n","protected":false},"excerpt":{"rendered":"<p data-start=\"1487\" data-end=\"1520\">Nostiprino\u0161a un atjaunojo\u0161a maska<\/p>\n<h2 data-start=\"1522\" data-end=\"1585\"><strong data-start=\"1526\" data-end=\"1583\">\u012apa\u0161\u012bbas IMAGE Skincare &#8211; Firming Transformation Mask<\/strong><\/h2>\n<p data-start=\"1586\" data-end=\"1767\">\u2714\ufe0f Uzlabo \u0101das tvirtumu un bl\u012bvumu<br data-start=\"1620\" data-end=\"1623\" \/>\u2714\ufe0f M\u012bkstina smalko l\u012bniju redzam\u012bbu<br data-start=\"1658\" data-end=\"1661\" \/>\u2714\ufe0f Samazina bl\u0101vumu un noguruma paz\u012bmes<br data-start=\"1700\" data-end=\"1703\" \/>\u2714\ufe0f Uzlabo \u0101das tekst\u016bru un toni<br data-start=\"1734\" data-end=\"1737\" \/>\u2714\ufe0f Padara \u0101du gludu un koptu<\/p>\n","protected":false},"featured_media":71001,"template":"","meta":[],"pwb-brand":[1134],"product_brand":[],"product_cat":[725,749,739],"product_tag":[],"giftcard-category":[],"class_list":{"0":"post-71010","1":"product","2":"type-product","3":"status-publish","4":"has-post-thumbnail","6":"pwb-brand-image-skincare","7":"product_cat-maskas","8":"product_cat-novecojosa-ada","9":"product_cat-sausai-adai","11":"first","12":"instock","13":"taxable","14":"shipping-taxable","15":"purchasable","16":"product-type-simple"},"acf":[],"brands":[{"id":1134,"name":"Image Skincare","slug":"image-skincare"}],"_links":{"self":[{"href":"https:\/\/skinstudio.ee\/lv\/wp-json\/wp\/v2\/product\/71010","targetHints":{"allow":["GET"]}}],"collection":[{"href":"https:\/\/skinstudio.ee\/lv\/wp-json\/wp\/v2\/product"}],"about":[{"href":"https:\/\/skinstudio.ee\/lv\/wp-json\/wp\/v2\/types\/product"}],"version-history":[{"count":0,"href":"https:\/\/skinstudio.ee\/lv\/wp-json\/wp\/v2\/product\/71010\/revisions"}],"wp:featuredmedia":[{"embeddable":true,"href":"https:\/\/skinstudio.ee\/lv\/wp-json\/wp\/v2\/media\/71001"}],"wp:attachment":[{"href":"https:\/\/skinstudio.ee\/lv\/wp-json\/wp\/v2\/media?parent=71010"}],"wp:term":[{"taxonomy":"pwb-brand","embeddable":true,"href":"https:\/\/skinstudio.ee\/lv\/wp-json\/wp\/v2\/pwb-brand?post=71010"},{"taxonomy":"product_brand","embeddable":true,"href":"https:\/\/skinstudio.ee\/lv\/wp-json\/wp\/v2\/product_brand?post=71010"},{"taxonomy":"product_cat","embeddable":true,"href":"https:\/\/skinstudio.ee\/lv\/wp-json\/wp\/v2\/product_cat?post=71010"},{"taxonomy":"product_tag","embeddable":true,"href":"https:\/\/skinstudio.ee\/lv\/wp-json\/wp\/v2\/product_tag?post=71010"},{"taxonomy":"giftcard-category","embeddable":true,"href":"https:\/\/skinstudio.ee\/lv\/wp-json\/wp\/v2\/giftcard-category?post=71010"}],"curies":[{"name":"wp","href":"https:\/\/api.w.org\/{rel}","templated":true}]}}