{"id":71050,"date":"2023-05-24T17:56:42","date_gmt":"2023-05-24T17:56:42","guid":{"rendered":"https:\/\/skinstudio.ee\/?post_type=product&#038;p=71050"},"modified":"2025-12-24T12:25:57","modified_gmt":"2025-12-24T12:25:57","slug":"smoothing-face-fluid","status":"publish","type":"product","link":"https:\/\/skinstudio.ee\/lv\/catalog\/wiqo-lv\/smoothing-face-fluid\/","title":{"rendered":"Smoothing Face Fluid"},"content":{"rendered":"<p data-start=\"162\" data-end=\"479\">WiQO Smoothing Face Fluid ir pamata l\u012bdzeklis sejas \u0101das kop\u0161anai m\u0101jas apst\u0101k\u013cos, kas paredz\u0113ts intens\u012bvai mitrin\u0101\u0161anai un \u0101das fiziolo\u0123isk\u0101 l\u012bdzsvara atjauno\u0161anai. Flu\u012bds pal\u012bdz maigi pask\u0101bin\u0101t \u0101du un samazin\u0101t pH l\u012bmeni, nodro\u0161inot profesion\u0101l\u0101s PRX-T33 proced\u016bras biolo\u0123isk\u0101 darb\u012bbas meh\u0101nisma korektu nosl\u0113gumu.<\/p>\n<p data-start=\"481\" data-end=\"746\">L\u012bdzekli ieteicams lietot atjauno\u0161an\u0101s period\u0101 p\u0113c \u0137\u012bmiskajiem p\u012blingiem un cit\u0101m intens\u012bv\u0101m est\u0113tisk\u0101m proced\u016br\u0101m. Regul\u0101ras lieto\u0161anas gad\u012bjum\u0101 tas pal\u012bdz uztur\u0113t optim\u0101lu \u0101das st\u0101vokli, uzlabo t\u0101s kop\u0113jo izskatu un pastiprina profesion\u0101l\u0101s kop\u0161anas efektivit\u0101ti.<\/p>\n<p data-start=\"748\" data-end=\"770\"><strong data-start=\"748\" data-end=\"760\">Tilpums:<\/strong> <strong data-start=\"761\" data-end=\"770\">30 ml<\/strong><\/p>\n","protected":false},"excerpt":{"rendered":"<p data-start=\"897\" data-end=\"935\">Intens\u012bvi mitrino\u0161s atjaunojo\u0161s flu\u012bds<\/p>\n<h2 data-start=\"937\" data-end=\"983\"><strong data-start=\"941\" data-end=\"981\">\u012apa\u0161\u012bbas WiQO &#8211; Smoothing Face Fluid<\/strong><\/h2>\n<p data-start=\"984\" data-end=\"1182\">\u2714\ufe0f Stimul\u0113 \u0101das atjauno\u0161an\u0101s procesus<br data-start=\"1021\" data-end=\"1024\" \/>\u2714\ufe0f Izl\u012bdzina \u0101das tekst\u016bru un toni<br data-start=\"1058\" data-end=\"1061\" \/>\u2714\ufe0f Uzlabo \u0101das tvirtumu un elast\u012bbu<br data-start=\"1096\" data-end=\"1099\" \/>\u2714\ufe0f Pastiprina est\u0113tisko proced\u016bru efektivit\u0101ti<br data-start=\"1145\" data-end=\"1148\" \/>\u2714\ufe0f Padara \u0101du glud\u0101ku un kopt\u0101ku<\/p>\n","protected":false},"featured_media":71051,"template":"","meta":[],"pwb-brand":[1237],"product_brand":[],"product_cat":[741,737,749,743,751,739,723,719,747],"product_tag":[],"giftcard-category":[],"class_list":{"0":"post-71050","1":"product","2":"type-product","3":"status-publish","4":"has-post-thumbnail","6":"pwb-brand-wiqo-lv","7":"product_cat-izsitumi","8":"product_cat-mitrinasana","9":"product_cat-novecojosa-ada","10":"product_cat-paplasinatas-poras","11":"product_cat-pigmentacija-lv","12":"product_cat-sausai-adai","13":"product_cat-serumi","14":"product_cat-skrubji-un-pilingi","15":"product_cat-taukainai-adai","17":"first","18":"instock","19":"taxable","20":"shipping-taxable","21":"purchasable","22":"product-type-simple"},"acf":[],"brands":[{"id":1237,"name":"WiQO","slug":"wiqo-lv"}],"_links":{"self":[{"href":"https:\/\/skinstudio.ee\/lv\/wp-json\/wp\/v2\/product\/71050","targetHints":{"allow":["GET"]}}],"collection":[{"href":"https:\/\/skinstudio.ee\/lv\/wp-json\/wp\/v2\/product"}],"about":[{"href":"https:\/\/skinstudio.ee\/lv\/wp-json\/wp\/v2\/types\/product"}],"version-history":[{"count":0,"href":"https:\/\/skinstudio.ee\/lv\/wp-json\/wp\/v2\/product\/71050\/revisions"}],"wp:featuredmedia":[{"embeddable":true,"href":"https:\/\/skinstudio.ee\/lv\/wp-json\/wp\/v2\/media\/71051"}],"wp:attachment":[{"href":"https:\/\/skinstudio.ee\/lv\/wp-json\/wp\/v2\/media?parent=71050"}],"wp:term":[{"taxonomy":"pwb-brand","embeddable":true,"href":"https:\/\/skinstudio.ee\/lv\/wp-json\/wp\/v2\/pwb-brand?post=71050"},{"taxonomy":"product_brand","embeddable":true,"href":"https:\/\/skinstudio.ee\/lv\/wp-json\/wp\/v2\/product_brand?post=71050"},{"taxonomy":"product_cat","embeddable":true,"href":"https:\/\/skinstudio.ee\/lv\/wp-json\/wp\/v2\/product_cat?post=71050"},{"taxonomy":"product_tag","embeddable":true,"href":"https:\/\/skinstudio.ee\/lv\/wp-json\/wp\/v2\/product_tag?post=71050"},{"taxonomy":"giftcard-category","embeddable":true,"href":"https:\/\/skinstudio.ee\/lv\/wp-json\/wp\/v2\/giftcard-category?post=71050"}],"curies":[{"name":"wp","href":"https:\/\/api.w.org\/{rel}","templated":true}]}}