{"id":71063,"date":"2023-05-24T17:56:42","date_gmt":"2023-05-24T17:56:42","guid":{"rendered":"https:\/\/skinstudio.ee\/?post_type=product&#038;p=71063"},"modified":"2025-12-24T12:25:57","modified_gmt":"2025-12-24T12:25:57","slug":"firming-anti-drying-body-cream","status":"publish","type":"product","link":"https:\/\/skinstudio.ee\/lv\/catalog\/wiqo-lv\/firming-anti-drying-body-cream\/","title":{"rendered":"Firming Anti-Drying Body Cream"},"content":{"rendered":"<p data-start=\"178\" data-end=\"488\">WiQO Firming Anti-Drying Body Cream ir nostiprino\u0161s \u0137erme\u0146a kr\u0113ms, kas apvieno WiQO\u00ae izl\u012bdzino\u0161\u0101 flu\u012bda \u012bpa\u0161\u012bbas ar barojo\u0161a un mitrino\u0161a \u0137erme\u0146a kr\u0113ma iedarb\u012bbu. Formula ir izstr\u0101d\u0101ta visaptvero\u0161ai \u0137erme\u0146a \u0101das kop\u0161anai, ja \u0101da ir pak\u013cauta sausumam, elast\u012bbas zudumam un ar vecumu saist\u012btai \u0101das pl\u0101nin\u0101\u0161anai.<\/p>\n<p data-start=\"490\" data-end=\"705\">Zems pH l\u012bmenis veicina \u0101das bl\u012bvuma palielin\u0101\u0161anos un pal\u012bdz mazin\u0101t ar vecumu saist\u012btu \u0101das pl\u0101nin\u0101\u0161anos. Glikolsk\u0101be regul\u0113 raga sl\u0101\u0146a biezumu, uzlabojot \u0101das tekst\u016bru un veicinot vienm\u0113r\u012bg\u0101ku mitruma sadal\u012bjumu.<\/p>\n<p data-start=\"707\" data-end=\"947\">L\u012bdzeklis pal\u012bdz paaugstin\u0101t \u0101das elast\u012bbu un tvirtumu, izl\u012bdzina \u0101das reljefu un samazina striju veido\u0161an\u0101s risku. Pateicoties \u0161\u012bm \u012bpa\u0161\u012bb\u0101m, kr\u0113ms ir \u012bpa\u0161i piem\u0113rots akt\u012bvas \u0137erme\u0146a kop\u0161anas periodos un sagatavo\u0161anai vienm\u0113r\u012bgam iedegumam.<\/p>\n<p data-start=\"949\" data-end=\"972\"><strong data-start=\"949\" data-end=\"961\">Tilpums:<\/strong> <strong data-start=\"962\" data-end=\"972\">200 ml<\/strong><\/p>\n","protected":false},"excerpt":{"rendered":"<p data-start=\"1199\" data-end=\"1212\">\u0136erme\u0146a kr\u0113ms<\/p>\n<h2 data-start=\"1214\" data-end=\"1270\"><strong data-start=\"1218\" data-end=\"1268\">\u012apa\u0161\u012bbas WiQO &#8211; Firming Anti-Drying Body Cream<\/strong><\/h2>\n<p data-start=\"1271\" data-end=\"1477\">\u2714\ufe0f Intens\u012bvi mitrina un baro \u0137erme\u0146a \u0101du<br data-start=\"1311\" data-end=\"1314\" \/>\u2714\ufe0f Uzlabo \u0101das elast\u012bbu un tvirtumu<br data-start=\"1349\" data-end=\"1352\" \/>\u2714\ufe0f Pal\u012bdz atjaunot sausu un nov\u0101jin\u0101tu \u0101du<br data-start=\"1394\" data-end=\"1397\" \/>\u2714\ufe0f Atbalsta \u0101das aizsargbarjeras funkciju<br data-start=\"1438\" data-end=\"1441\" \/>\u2714\ufe0f Padara \u0101du gludu un komfortablu<\/p>\n","protected":false},"featured_media":65497,"template":"","meta":[],"pwb-brand":[1237],"product_brand":[],"product_cat":[757,737],"product_tag":[],"giftcard-category":[],"class_list":{"0":"post-71063","1":"product","2":"type-product","3":"status-publish","4":"has-post-thumbnail","6":"pwb-brand-wiqo-lv","7":"product_cat-kermena-kopsana","8":"product_cat-mitrinasana","10":"first","11":"instock","12":"taxable","13":"shipping-taxable","14":"purchasable","15":"product-type-simple"},"acf":[],"brands":[{"id":1237,"name":"WiQO","slug":"wiqo-lv"}],"_links":{"self":[{"href":"https:\/\/skinstudio.ee\/lv\/wp-json\/wp\/v2\/product\/71063","targetHints":{"allow":["GET"]}}],"collection":[{"href":"https:\/\/skinstudio.ee\/lv\/wp-json\/wp\/v2\/product"}],"about":[{"href":"https:\/\/skinstudio.ee\/lv\/wp-json\/wp\/v2\/types\/product"}],"version-history":[{"count":0,"href":"https:\/\/skinstudio.ee\/lv\/wp-json\/wp\/v2\/product\/71063\/revisions"}],"wp:featuredmedia":[{"embeddable":true,"href":"https:\/\/skinstudio.ee\/lv\/wp-json\/wp\/v2\/media\/65497"}],"wp:attachment":[{"href":"https:\/\/skinstudio.ee\/lv\/wp-json\/wp\/v2\/media?parent=71063"}],"wp:term":[{"taxonomy":"pwb-brand","embeddable":true,"href":"https:\/\/skinstudio.ee\/lv\/wp-json\/wp\/v2\/pwb-brand?post=71063"},{"taxonomy":"product_brand","embeddable":true,"href":"https:\/\/skinstudio.ee\/lv\/wp-json\/wp\/v2\/product_brand?post=71063"},{"taxonomy":"product_cat","embeddable":true,"href":"https:\/\/skinstudio.ee\/lv\/wp-json\/wp\/v2\/product_cat?post=71063"},{"taxonomy":"product_tag","embeddable":true,"href":"https:\/\/skinstudio.ee\/lv\/wp-json\/wp\/v2\/product_tag?post=71063"},{"taxonomy":"giftcard-category","embeddable":true,"href":"https:\/\/skinstudio.ee\/lv\/wp-json\/wp\/v2\/giftcard-category?post=71063"}],"curies":[{"name":"wp","href":"https:\/\/api.w.org\/{rel}","templated":true}]}}