{"id":71414,"date":"2025-12-30T12:43:26","date_gmt":"2025-12-30T12:43:26","guid":{"rendered":"https:\/\/skinstudio.ee\/?post_type=product&#038;p=71414"},"modified":"2025-12-30T12:46:48","modified_gmt":"2025-12-30T12:46:48","slug":"plumping-glow-jelly-pot","status":"publish","type":"product","link":"https:\/\/skinstudio.ee\/lv\/catalog\/telse\/plumping-glow-jelly-pot\/","title":{"rendered":"Plumping Glow Jelly Pot"},"content":{"rendered":"<p data-start=\"313\" data-end=\"570\"><strong data-start=\"313\" data-end=\"350\">Plumping Glow Jelly Pot no T&#8217;else<\/strong> ir \u017eelejveida l\u016bpu kop\u0161anas l\u012bdzeklis, kas rad\u012bts, lai pie\u0161\u0137irtu l\u016bp\u0101m vizu\u0101lu apjomu, gludumu un dabisku mirdzumu. Formula pal\u012bdz uztur\u0113t l\u016bpu komfortu, mazina sausuma saj\u016btu un padara l\u016bpas kopt\u0101kas un izteiksm\u012bg\u0101kas.<\/p>\n<p data-start=\"572\" data-end=\"789\">Viegla g\u0113lveida tekst\u016bra ir pat\u012bkama uz l\u016bp\u0101m, vienm\u0113r\u012bgi izkl\u0101jas un nodro\u0161ina maigu plumping efektu bez lip\u012bguma saj\u016btas. L\u012bdzeklis izce\u013c l\u016bpu dabisko toni, pie\u0161\u0137irot t\u0101m svaigu, koptu izskatu un vieglu glow efektu.<\/p>\n<p data-start=\"791\" data-end=\"993\"><strong data-start=\"791\" data-end=\"827\">T&#8217;else &#8211; Plumping Glow Jelly Pot<\/strong> ir piem\u0113rots ikdienas lieto\u0161anai. To var lietot k\u0101 patst\u0101v\u012bgu l\u016bpu kop\u0161anas l\u012bdzekli, k\u0101 grima nosl\u0113dzo\u0161o akcentu vai k\u0101 mitrino\u0161u b\u0101zi pirms l\u016bpu kr\u0101sas uzkl\u0101\u0161anas.<\/p>\n<p data-start=\"995\" data-end=\"1011\"><strong data-start=\"995\" data-end=\"1007\">Tilpums:<\/strong> 9 g<\/p>\n","protected":false},"excerpt":{"rendered":"<p data-start=\"1136\" data-end=\"1169\">Mitrino\u0161s l\u016bpu kop\u0161anas l\u012bdzeklis<\/p>\n<h2 data-start=\"1171\" data-end=\"1216\"><strong data-start=\"1171\" data-end=\"1216\">\u012apa\u0161\u012bbas T&#8217;else &#8211; Plumping Glow Jelly Pot<\/strong><\/h2>\n<p data-start=\"1218\" data-end=\"1405\">\u2714\ufe0f Mitrina un m\u012bkstina l\u016bpu \u0101du<br data-start=\"1249\" data-end=\"1252\" \/>\u2714\ufe0f Pie\u0161\u0137ir l\u016bp\u0101m vizu\u0101lu apjomu un gludumu<br data-start=\"1294\" data-end=\"1297\" \/>\u2714\ufe0f Rada dab\u012bga mirdzuma efektu<br data-start=\"1327\" data-end=\"1330\" \/>\u2714\ufe0f Padara l\u016bpas koptas un izteiksm\u012bgas<br data-start=\"1368\" data-end=\"1371\" \/>\u2714\ufe0f Piem\u0113rots ikdienas lieto\u0161anai<\/p>\n","protected":false},"featured_media":71407,"template":"","meta":[],"pwb-brand":[708],"product_brand":[],"product_cat":[759],"product_tag":[],"giftcard-category":[],"class_list":{"0":"post-71414","1":"product","2":"type-product","3":"status-publish","4":"has-post-thumbnail","6":"pwb-brand-telse","7":"product_cat-lupu-kopsana","9":"first","10":"instock","11":"taxable","12":"shipping-taxable","13":"purchasable","14":"product-type-simple"},"acf":[],"brands":[{"id":708,"name":"T'else","slug":"telse"}],"_links":{"self":[{"href":"https:\/\/skinstudio.ee\/lv\/wp-json\/wp\/v2\/product\/71414","targetHints":{"allow":["GET"]}}],"collection":[{"href":"https:\/\/skinstudio.ee\/lv\/wp-json\/wp\/v2\/product"}],"about":[{"href":"https:\/\/skinstudio.ee\/lv\/wp-json\/wp\/v2\/types\/product"}],"version-history":[{"count":1,"href":"https:\/\/skinstudio.ee\/lv\/wp-json\/wp\/v2\/product\/71414\/revisions"}],"predecessor-version":[{"id":71415,"href":"https:\/\/skinstudio.ee\/lv\/wp-json\/wp\/v2\/product\/71414\/revisions\/71415"}],"wp:featuredmedia":[{"embeddable":true,"href":"https:\/\/skinstudio.ee\/lv\/wp-json\/wp\/v2\/media\/71407"}],"wp:attachment":[{"href":"https:\/\/skinstudio.ee\/lv\/wp-json\/wp\/v2\/media?parent=71414"}],"wp:term":[{"taxonomy":"pwb-brand","embeddable":true,"href":"https:\/\/skinstudio.ee\/lv\/wp-json\/wp\/v2\/pwb-brand?post=71414"},{"taxonomy":"product_brand","embeddable":true,"href":"https:\/\/skinstudio.ee\/lv\/wp-json\/wp\/v2\/product_brand?post=71414"},{"taxonomy":"product_cat","embeddable":true,"href":"https:\/\/skinstudio.ee\/lv\/wp-json\/wp\/v2\/product_cat?post=71414"},{"taxonomy":"product_tag","embeddable":true,"href":"https:\/\/skinstudio.ee\/lv\/wp-json\/wp\/v2\/product_tag?post=71414"},{"taxonomy":"giftcard-category","embeddable":true,"href":"https:\/\/skinstudio.ee\/lv\/wp-json\/wp\/v2\/giftcard-category?post=71414"}],"curies":[{"name":"wp","href":"https:\/\/api.w.org\/{rel}","templated":true}]}}