{"id":71423,"date":"2025-08-27T13:03:07","date_gmt":"2025-08-27T13:03:07","guid":{"rendered":"https:\/\/skinstudio.ee\/?post_type=product&#038;p=71423"},"modified":"2026-04-03T09:35:20","modified_gmt":"2026-04-03T09:35:20","slug":"soothing-repair-postcream","status":"publish","type":"product","link":"https:\/\/skinstudio.ee\/lv\/catalog\/genosys-lv\/soothing-repair-postcream\/","title":{"rendered":"Soothing Repair PostCream"},"content":{"rendered":"<p data-start=\"217\" data-end=\"491\"><strong data-start=\"217\" data-end=\"257\">Soothing Repair PostCream no Genosys<\/strong> ir ultraintens\u012bvs nosl\u0113dzo\u0161ais kr\u0113ms, kas paredz\u0113ts \u0101das kop\u0161anai p\u0113c invaz\u012bv\u0101m est\u0113tisk\u0101m proced\u016br\u0101m. L\u012bdzeklis pal\u012bdz mazin\u0101t diskomfortu, atbalsta \u0101das atjauno\u0161anos un veicina l\u012bdzsvarotu, koptu \u0101das izskatu atvese\u013co\u0161an\u0101s period\u0101.<\/p>\n<p data-start=\"493\" data-end=\"821\">Kr\u0113ms ieteicams lieto\u0161anai p\u0113c mikroadatu terapijas, \u0137\u012bmiskajiem p\u012blingiem, injekcij\u0101m un l\u0101zera sl\u012bp\u0113\u0161anas proced\u016br\u0101m. Formula ir izstr\u0101d\u0101ta ar augstu dro\u0161\u012bbas l\u012bmeni un nesatur etanolu, parab\u0113nus, m\u0101ksl\u012bgus aromatiz\u0113t\u0101jus, pigmentus un sint\u0113tiskos virsmakt\u012bvos savienojumus, t\u0101p\u0113c ir piem\u0113rota ar\u012b nov\u0101jin\u0101tai un jut\u012bgai \u0101dai.<\/p>\n<p data-start=\"823\" data-end=\"964\">Formulas pamat\u0101 ir galven\u0101s akt\u012bv\u0101s sast\u0101vda\u013cas, kas tiek izmantotas visos Genosys kr\u0113mos un darbojas siner\u0123iski \u0101das atjauno\u0161anas atbalstam:<\/p>\n<ul data-start=\"965\" data-end=\"1473\">\n<li data-start=\"965\" data-end=\"1080\">\n<p data-start=\"967\" data-end=\"1080\"><strong data-start=\"967\" data-end=\"1009\">Vigna radiata (zelta pupi\u0146u) ekstrakts<\/strong> \u2013 nodro\u0161ina antioksidantu aizsardz\u012bbu un atbalsta \u0101das re\u0123ener\u0101ciju.<\/p>\n<\/li>\n<li data-start=\"1081\" data-end=\"1191\">\n<p data-start=\"1083\" data-end=\"1191\"><strong data-start=\"1083\" data-end=\"1116\">Jap\u0101nas b\u0113rza mizas ekstrakts<\/strong> \u2013 pal\u012bdz mazin\u0101t iekaisuma reakcijas un atbalsta \u0101das aizsargmeh\u0101nismus.<\/p>\n<\/li>\n<li data-start=\"1192\" data-end=\"1283\">\n<p data-start=\"1194\" data-end=\"1283\"><strong data-start=\"1194\" data-end=\"1233\">Cirtain\u0101s sk\u0101benes saknes ekstrakts<\/strong> \u2013 pal\u012bdz nomierin\u0101t kairin\u0101jumu un att\u012br\u012bt \u0101du.<\/p>\n<\/li>\n<li data-start=\"1284\" data-end=\"1403\">\n<p data-start=\"1286\" data-end=\"1403\"><strong data-start=\"1286\" data-end=\"1344\">Laktobakt\u0113rijas \/ \u0137irbja m\u012bkstuma ferment\u0113ts ekstrakts<\/strong> \u2013 pal\u012bdz nomierin\u0101t, m\u012bkstin\u0101t un uzlabot \u0101das komfortu.<\/p>\n<\/li>\n<li data-start=\"1404\" data-end=\"1473\">\n<p data-start=\"1406\" data-end=\"1473\"><strong data-start=\"1406\" data-end=\"1422\">Beta-glik\u0101ns<\/strong> \u2013 pal\u012bdz samazin\u0101t aps\u0101rtumu un \u0101das reaktivit\u0101ti.<\/p>\n<\/li>\n<\/ul>\n<p data-start=\"1475\" data-end=\"1627\">Piem\u0113rots visiem \u0101das tipiem, tostarp jut\u012bgai, reakt\u012bvai un nov\u0101jin\u0101tai \u0101dai, \u012bpa\u0161i ieteicams \u0101das atjauno\u0161anai p\u0113c profesion\u0101l\u0101m est\u0113tisk\u0101m proced\u016br\u0101m.<\/p>\n<p data-start=\"1629\" data-end=\"1648\"><strong data-start=\"1629\" data-end=\"1641\">Tilpums:<\/strong> 20 ml \/ 100 ml<\/p>\n","protected":false},"excerpt":{"rendered":"<p data-start=\"1857\" data-end=\"1899\">Atjaunojo\u0161s kr\u0113ms p\u0113c invaz\u012bv\u0101m proced\u016br\u0101m<\/p>\n<h2 data-start=\"1901\" data-end=\"1949\"><strong data-start=\"1901\" data-end=\"1949\">\u012apa\u0161\u012bbas Genosys &#8211; Soothing Repair PostCream<\/strong><\/h2>\n<p data-start=\"1951\" data-end=\"2168\">\u2714\ufe0f Pa\u0101trina \u0101das atjauno\u0161anos p\u0113c proced\u016br\u0101m<br data-start=\"1995\" data-end=\"1998\" \/>\u2714\ufe0f Samazina aps\u0101rtumu un \u0101das reaktivit\u0101ti<br data-start=\"2040\" data-end=\"2043\" \/>\u2714\ufe0f Nodro\u0161ina pretiekaisuma \u0101das atbalstu<br data-start=\"2083\" data-end=\"2086\" \/>\u2714\ufe0f Nomierina un m\u012bkstina jut\u012bgu \u0101du<br data-start=\"2121\" data-end=\"2124\" \/>\u2714\ufe0f Atbalsta \u0101das aizsargbarjeras funkcijas<\/p>\n","protected":false},"featured_media":61541,"template":"","meta":[],"pwb-brand":[1241],"product_brand":[],"product_cat":[745,737,739,753],"product_tag":[],"giftcard-category":[],"class_list":{"0":"post-71423","1":"product","2":"type-product","3":"status-publish","4":"has-post-thumbnail","6":"pwb-brand-genosys-lv","7":"product_cat-jutigai-adai","8":"product_cat-mitrinasana","9":"product_cat-sausai-adai","10":"product_cat-travel-size-lv","11":"pa_suurus-100ml-lv","12":"pa_suurus-20ml-lv","14":"first","15":"instock","16":"taxable","17":"shipping-taxable","18":"purchasable","19":"product-type-variable"},"acf":[],"brands":[{"id":1241,"name":"Genosys","slug":"genosys-lv"}],"_links":{"self":[{"href":"https:\/\/skinstudio.ee\/lv\/wp-json\/wp\/v2\/product\/71423","targetHints":{"allow":["GET"]}}],"collection":[{"href":"https:\/\/skinstudio.ee\/lv\/wp-json\/wp\/v2\/product"}],"about":[{"href":"https:\/\/skinstudio.ee\/lv\/wp-json\/wp\/v2\/types\/product"}],"version-history":[{"count":2,"href":"https:\/\/skinstudio.ee\/lv\/wp-json\/wp\/v2\/product\/71423\/revisions"}],"predecessor-version":[{"id":83673,"href":"https:\/\/skinstudio.ee\/lv\/wp-json\/wp\/v2\/product\/71423\/revisions\/83673"}],"wp:featuredmedia":[{"embeddable":true,"href":"https:\/\/skinstudio.ee\/lv\/wp-json\/wp\/v2\/media\/61541"}],"wp:attachment":[{"href":"https:\/\/skinstudio.ee\/lv\/wp-json\/wp\/v2\/media?parent=71423"}],"wp:term":[{"taxonomy":"pwb-brand","embeddable":true,"href":"https:\/\/skinstudio.ee\/lv\/wp-json\/wp\/v2\/pwb-brand?post=71423"},{"taxonomy":"product_brand","embeddable":true,"href":"https:\/\/skinstudio.ee\/lv\/wp-json\/wp\/v2\/product_brand?post=71423"},{"taxonomy":"product_cat","embeddable":true,"href":"https:\/\/skinstudio.ee\/lv\/wp-json\/wp\/v2\/product_cat?post=71423"},{"taxonomy":"product_tag","embeddable":true,"href":"https:\/\/skinstudio.ee\/lv\/wp-json\/wp\/v2\/product_tag?post=71423"},{"taxonomy":"giftcard-category","embeddable":true,"href":"https:\/\/skinstudio.ee\/lv\/wp-json\/wp\/v2\/giftcard-category?post=71423"}],"curies":[{"name":"wp","href":"https:\/\/api.w.org\/{rel}","templated":true}]}}