{"id":71438,"date":"2025-08-07T10:08:39","date_gmt":"2025-08-07T10:08:39","guid":{"rendered":"https:\/\/skinstudio.ee\/?post_type=product&#038;p=71438"},"modified":"2026-04-03T09:35:20","modified_gmt":"2026-04-03T09:35:20","slug":"eye-contour-serum","status":"publish","type":"product","link":"https:\/\/skinstudio.ee\/lv\/catalog\/genosys-lv\/eye-contour-serum\/","title":{"rendered":"Eye Contour Serum"},"content":{"rendered":"<p data-start=\"212\" data-end=\"450\"><strong data-start=\"212\" data-end=\"244\">Eye Contour Serum no Genosys<\/strong> ir specializ\u0113ts serums delik\u0101tajai acu zonai, kas pal\u012bdz mazin\u0101t grumbu, tum\u0161o loku un t\u016bskas redzam\u012bbu. L\u012bdzeklis atbalsta svaig\u0101ku, atp\u016btu\u0161os izskatu un uzlabo periokul\u0101r\u0101s zonas \u0101das visp\u0101r\u0113jo st\u0101vokli.<\/p>\n<p data-start=\"452\" data-end=\"566\">Seruma formula apvieno m\u0113r\u0137tiec\u012bgas akt\u012bv\u0101s sast\u0101vda\u013cas, kas v\u0113rstas uz noveco\u0161an\u0101s paz\u012bm\u0113m un noguruma izpausm\u0113m:<\/p>\n<ul data-start=\"567\" data-end=\"857\">\n<li data-start=\"567\" data-end=\"657\">\n<p data-start=\"569\" data-end=\"657\"><strong data-start=\"569\" data-end=\"590\">Pept\u012bdu komplekss<\/strong> \u2013 pal\u012bdz izl\u012bdzin\u0101t krunci\u0146as un uzlabot \u0101das tvirtumu acu zon\u0101.<\/p>\n<\/li>\n<li data-start=\"658\" data-end=\"771\">\n<p data-start=\"660\" data-end=\"771\"><strong data-start=\"660\" data-end=\"690\">Augu cilmes \u0161\u016bnu ekstrakti<\/strong> \u2013 atbalsta \u0101das atjauno\u0161anos un pal\u012bdz pal\u0113nin\u0101t redzam\u0101s noveco\u0161an\u0101s paz\u012bmes.<\/p>\n<\/li>\n<li data-start=\"772\" data-end=\"857\">\n<p data-start=\"774\" data-end=\"857\"><strong data-start=\"774\" data-end=\"800\">Mitrino\u0161\u0101s sast\u0101vda\u013cas<\/strong> \u2013 pal\u012bdz saglab\u0101t mitrumu un komfortu jut\u012bgaj\u0101 acu zon\u0101.<\/p>\n<\/li>\n<\/ul>\n<p data-start=\"859\" data-end=\"1000\">Serums pal\u012bdz izl\u012bdzin\u0101t \u0101das virsmu, samazin\u0101t tum\u0161os lokus un t\u016bsku, k\u0101 ar\u012b atbalsta \u0101das bl\u012bvumu, mazinot noguruma paz\u012bmes plaksti\u0146u zon\u0101.<\/p>\n<p data-start=\"1002\" data-end=\"1124\">Piem\u0113rots visiem \u0101das tipiem, tostarp jut\u012bgai \u0101dai, un ieteicams grumbu, tum\u0161o loku, t\u016bskas un noguru\u0161a skatiena gad\u012bjum\u0101.<\/p>\n<p data-start=\"1126\" data-end=\"1144\"><strong data-start=\"1126\" data-end=\"1138\">Tilpums:<\/strong> 10 ml<\/p>\n","protected":false},"excerpt":{"rendered":"<p data-start=\"1259\" data-end=\"1290\">Intens\u012bvs koncentr\u0101ts acu zonai<\/p>\n<h2 data-start=\"1292\" data-end=\"1332\"><strong data-start=\"1292\" data-end=\"1332\">\u012apa\u0161\u012bbas Genosys &#8211; Eye Contour Serum<\/strong><\/h2>\n<p data-start=\"1334\" data-end=\"1535\">\u2714\ufe0f Samazina t\u016bsku un tum\u0161os lokus<br data-start=\"1367\" data-end=\"1370\" \/>\u2714\ufe0f Izl\u012bdzina krunci\u0146as un uzlabo tvirtumu<br data-start=\"1411\" data-end=\"1414\" \/>\u2714\ufe0f Atbalsta liftinga efektu acu zon\u0101<br data-start=\"1450\" data-end=\"1453\" \/>\u2714\ufe0f Intens\u012bvi mitrina jut\u012bgo acu zonu<br data-start=\"1489\" data-end=\"1492\" \/>\u2714\ufe0f Atsvaidzina un padara skatienu gai\u0161\u0101ku<\/p>\n","protected":false},"featured_media":40062,"template":"","meta":[],"pwb-brand":[1241],"product_brand":[],"product_cat":[733,737,749,723],"product_tag":[],"giftcard-category":[],"class_list":{"0":"post-71438","1":"product","2":"type-product","3":"status-publish","4":"has-post-thumbnail","6":"pwb-brand-genosys-lv","7":"product_cat-ada-ap-acim","8":"product_cat-mitrinasana","9":"product_cat-novecojosa-ada","10":"product_cat-serumi","12":"first","13":"instock","14":"taxable","15":"shipping-taxable","16":"purchasable","17":"product-type-simple"},"acf":[],"brands":[{"id":1241,"name":"Genosys","slug":"genosys-lv"}],"_links":{"self":[{"href":"https:\/\/skinstudio.ee\/lv\/wp-json\/wp\/v2\/product\/71438","targetHints":{"allow":["GET"]}}],"collection":[{"href":"https:\/\/skinstudio.ee\/lv\/wp-json\/wp\/v2\/product"}],"about":[{"href":"https:\/\/skinstudio.ee\/lv\/wp-json\/wp\/v2\/types\/product"}],"version-history":[{"count":1,"href":"https:\/\/skinstudio.ee\/lv\/wp-json\/wp\/v2\/product\/71438\/revisions"}],"predecessor-version":[{"id":71439,"href":"https:\/\/skinstudio.ee\/lv\/wp-json\/wp\/v2\/product\/71438\/revisions\/71439"}],"wp:featuredmedia":[{"embeddable":true,"href":"https:\/\/skinstudio.ee\/lv\/wp-json\/wp\/v2\/media\/40062"}],"wp:attachment":[{"href":"https:\/\/skinstudio.ee\/lv\/wp-json\/wp\/v2\/media?parent=71438"}],"wp:term":[{"taxonomy":"pwb-brand","embeddable":true,"href":"https:\/\/skinstudio.ee\/lv\/wp-json\/wp\/v2\/pwb-brand?post=71438"},{"taxonomy":"product_brand","embeddable":true,"href":"https:\/\/skinstudio.ee\/lv\/wp-json\/wp\/v2\/product_brand?post=71438"},{"taxonomy":"product_cat","embeddable":true,"href":"https:\/\/skinstudio.ee\/lv\/wp-json\/wp\/v2\/product_cat?post=71438"},{"taxonomy":"product_tag","embeddable":true,"href":"https:\/\/skinstudio.ee\/lv\/wp-json\/wp\/v2\/product_tag?post=71438"},{"taxonomy":"giftcard-category","embeddable":true,"href":"https:\/\/skinstudio.ee\/lv\/wp-json\/wp\/v2\/giftcard-category?post=71438"}],"curies":[{"name":"wp","href":"https:\/\/api.w.org\/{rel}","templated":true}]}}