{"id":71445,"date":"2025-08-07T10:05:45","date_gmt":"2025-08-07T10:05:45","guid":{"rendered":"https:\/\/skinstudio.ee\/?post_type=product&#038;p=71445"},"modified":"2026-04-03T09:35:20","modified_gmt":"2026-04-03T09:35:20","slug":"boosting-peeling-gel","status":"publish","type":"product","link":"https:\/\/skinstudio.ee\/lv\/catalog\/genosys-lv\/boosting-peeling-gel\/","title":{"rendered":"Boosting Peeling Gel"},"content":{"rendered":"<p data-start=\"181\" data-end=\"426\"><strong data-start=\"181\" data-end=\"216\">Boosting Peeling Gel no Genosys<\/strong> ir maigs p\u012blinga g\u0113ls, kas paredz\u0113ts \u0101das atsvaidzin\u0101\u0161anai un atjauno\u0161anai, nekairinot vesel\u0101s \u0101das zonas. Formula efekt\u012bvi no\u0146em atmiru\u0161\u0101s \u0161\u016bnas un net\u012brumus no por\u0101m, padarot \u0101du glud\u0101ku, maig\u0101ku un kopt\u0101ku.<\/p>\n<p data-start=\"428\" data-end=\"645\">P\u012blinga g\u0113ls pal\u012bdz izl\u012bdzin\u0101t \u0101das toni un uzlabot sejas kr\u0101su, samazinot postaknes p\u0113du un nevienm\u0113r\u012bgas tekst\u016bras redzam\u012bbu. Regul\u0101ra lieto\u0161ana veicina \u0101das atjauno\u0161anos un pie\u0161\u0137ir tai svaig\u0101ku, mirdzo\u0161\u0101ku izskatu.<\/p>\n<p data-start=\"647\" data-end=\"819\">Maig\u0101 formula pal\u012bdz l\u012bdzsvarot sebuma izdal\u012b\u0161anos, samazin\u0101t sp\u012bdumu T-zon\u0101 un vizu\u0101li izl\u012bdzin\u0101t poras, saglab\u0101jot \u0101das komfortu un nov\u0113r\u0161ot sausumu vai savilkuma saj\u016btu.<\/p>\n<p data-start=\"821\" data-end=\"850\">Galven\u0101s akt\u012bv\u0101s sast\u0101vda\u013cas:<\/p>\n<ul data-start=\"851\" data-end=\"1088\">\n<li data-start=\"851\" data-end=\"929\">\n<p data-start=\"853\" data-end=\"929\"><strong data-start=\"853\" data-end=\"881\">Papaijas aug\u013cu ekstrakts<\/strong> \u2013 veicina maigu p\u012blingu un \u0101das atjauno\u0161anos.<\/p>\n<\/li>\n<li data-start=\"930\" data-end=\"1011\">\n<p data-start=\"932\" data-end=\"1011\"><strong data-start=\"932\" data-end=\"944\">Celuloze<\/strong> \u2013 darbojas k\u0101 maigs abraz\u012bvs, sav\u0101cot net\u012brumus no \u0101das virsmas.<\/p>\n<\/li>\n<li data-start=\"1012\" data-end=\"1088\">\n<p data-start=\"1014\" data-end=\"1088\"><strong data-start=\"1014\" data-end=\"1044\">Hialuronsk\u0101be un alanto\u012bns<\/strong> \u2013 pal\u012bdz saglab\u0101t mitrumu un nomierina \u0101du.<\/p>\n<\/li>\n<\/ul>\n<p data-start=\"1090\" data-end=\"1236\">Piem\u0113rots visiem \u0101das tipiem, tostarp jut\u012bgai \u0101dai, \u012bpa\u0161i nevienm\u0113r\u012bgas tekst\u016bras, bl\u0101vas sejas kr\u0101sas, redzamu poru un taukaina sp\u012bduma gad\u012bjum\u0101.<\/p>\n<p data-start=\"1238\" data-end=\"1257\"><strong data-start=\"1238\" data-end=\"1250\">Tilpums:<\/strong> 100 ml<\/p>\n","protected":false},"excerpt":{"rendered":"<p data-start=\"1423\" data-end=\"1459\">P\u012blinga g\u0113ls sejas \u0101das atjauno\u0161anai<\/p>\n<h2 data-start=\"1461\" data-end=\"1504\"><strong data-start=\"1461\" data-end=\"1504\">\u012apa\u0161\u012bbas Genosys &#8211; Boosting Peeling Gel<\/strong><\/h2>\n<p data-start=\"1506\" data-end=\"1690\">\u2714\ufe0f Maigi no\u0146em atmiru\u0161\u0101s \u0101das \u0161\u016bnas<br data-start=\"1541\" data-end=\"1544\" \/>\u2714\ufe0f Izl\u012bdzina \u0101das tekst\u016bru un toni<br data-start=\"1578\" data-end=\"1581\" \/>\u2714\ufe0f Samazina sp\u012bdumu un poru redzam\u012bbu<br data-start=\"1618\" data-end=\"1621\" \/>\u2714\ufe0f Pie\u0161\u0137ir \u0101dai gludumu un mirdzumu<br data-start=\"1656\" data-end=\"1659\" \/>\u2714\ufe0f Piem\u0113rots ar\u012b jut\u012bgai \u0101dai<\/p>\n","protected":false},"featured_media":39331,"template":"","meta":[],"pwb-brand":[1241],"product_brand":[],"product_cat":[737,749,743,719],"product_tag":[],"giftcard-category":[],"class_list":{"0":"post-71445","1":"product","2":"type-product","3":"status-publish","4":"has-post-thumbnail","6":"pwb-brand-genosys-lv","7":"product_cat-mitrinasana","8":"product_cat-novecojosa-ada","9":"product_cat-paplasinatas-poras","10":"product_cat-skrubji-un-pilingi","12":"first","13":"instock","14":"taxable","15":"shipping-taxable","16":"purchasable","17":"product-type-simple"},"acf":[],"brands":[{"id":1241,"name":"Genosys","slug":"genosys-lv"}],"_links":{"self":[{"href":"https:\/\/skinstudio.ee\/lv\/wp-json\/wp\/v2\/product\/71445","targetHints":{"allow":["GET"]}}],"collection":[{"href":"https:\/\/skinstudio.ee\/lv\/wp-json\/wp\/v2\/product"}],"about":[{"href":"https:\/\/skinstudio.ee\/lv\/wp-json\/wp\/v2\/types\/product"}],"version-history":[{"count":1,"href":"https:\/\/skinstudio.ee\/lv\/wp-json\/wp\/v2\/product\/71445\/revisions"}],"predecessor-version":[{"id":71446,"href":"https:\/\/skinstudio.ee\/lv\/wp-json\/wp\/v2\/product\/71445\/revisions\/71446"}],"wp:featuredmedia":[{"embeddable":true,"href":"https:\/\/skinstudio.ee\/lv\/wp-json\/wp\/v2\/media\/39331"}],"wp:attachment":[{"href":"https:\/\/skinstudio.ee\/lv\/wp-json\/wp\/v2\/media?parent=71445"}],"wp:term":[{"taxonomy":"pwb-brand","embeddable":true,"href":"https:\/\/skinstudio.ee\/lv\/wp-json\/wp\/v2\/pwb-brand?post=71445"},{"taxonomy":"product_brand","embeddable":true,"href":"https:\/\/skinstudio.ee\/lv\/wp-json\/wp\/v2\/product_brand?post=71445"},{"taxonomy":"product_cat","embeddable":true,"href":"https:\/\/skinstudio.ee\/lv\/wp-json\/wp\/v2\/product_cat?post=71445"},{"taxonomy":"product_tag","embeddable":true,"href":"https:\/\/skinstudio.ee\/lv\/wp-json\/wp\/v2\/product_tag?post=71445"},{"taxonomy":"giftcard-category","embeddable":true,"href":"https:\/\/skinstudio.ee\/lv\/wp-json\/wp\/v2\/giftcard-category?post=71445"}],"curies":[{"name":"wp","href":"https:\/\/api.w.org\/{rel}","templated":true}]}}