{"id":71452,"date":"2025-07-30T15:13:35","date_gmt":"2025-07-30T15:13:35","guid":{"rendered":"https:\/\/skinstudio.ee\/?post_type=product&#038;p=71452"},"modified":"2026-04-03T09:35:20","modified_gmt":"2026-04-03T09:35:20","slug":"revitalizing-hydro-mist","status":"publish","type":"product","link":"https:\/\/skinstudio.ee\/lv\/catalog\/genosys-lv\/revitalizing-hydro-mist\/","title":{"rendered":"Revitalizing Hydro Mist"},"content":{"rendered":"<p data-start=\"98\" data-end=\"363\"><strong data-start=\"98\" data-end=\"136\">Revitalizing Hydro Mist no Genosys<\/strong> ir mitrino\u0161s un atsvaidzino\u0161s sejas aerosols ar t\u016bl\u012bt\u0113ju komforta efektu. Sprejs pal\u012bdz uztur\u0113t optim\u0101lu \u0101das mitruma l\u012bmeni, mazina sausumu un atbalsta \u0101das aizsardz\u012bbu pret apk\u0101rt\u0113j\u0101s vides rad\u012bto stresu visas dienas garum\u0101.<\/p>\n<p data-start=\"365\" data-end=\"641\">L\u012bdzeklis ir piem\u0113rots gan profesion\u0101lai lieto\u0161anai, gan ikdienas kop\u0161anai m\u0101jas apst\u0101k\u013cos. Smalkais izsmidzin\u0101jums nodro\u0161ina vieglu un vienm\u0113r\u012bgu uzkl\u0101\u0161anu, \u013caujot lietot spreju ar\u012b virs grima. Kompaktais iepakojums ir \u0113rts ce\u013co\u0161anai, karstam laikam un telp\u0101m ar sausu gaisu.<\/p>\n<p data-start=\"643\" data-end=\"672\">Galven\u0101s akt\u012bv\u0101s sast\u0101vda\u013cas:<\/p>\n<ul data-start=\"673\" data-end=\"914\">\n<li data-start=\"673\" data-end=\"744\">\n<p data-start=\"675\" data-end=\"744\"><strong data-start=\"675\" data-end=\"697\">Glieme\u017eu ekstrakts<\/strong> \u2013 atbalsta \u0101das atjauno\u0161anos un mitrin\u0101\u0161anu.<\/p>\n<\/li>\n<li data-start=\"745\" data-end=\"829\">\n<p data-start=\"747\" data-end=\"829\"><strong data-start=\"747\" data-end=\"775\">Augu ekstraktu komplekss<\/strong> \u2013 pal\u012bdz atsvaidzin\u0101t \u0101du un uztur\u0113t t\u0101s l\u012bdzsvaru.<\/p>\n<\/li>\n<li data-start=\"830\" data-end=\"914\">\n<p data-start=\"832\" data-end=\"914\"><strong data-start=\"832\" data-end=\"858\">Mitrino\u0161\u0101s sast\u0101vda\u013cas<\/strong> \u2013 pal\u012bdz saglab\u0101t komfortu un nov\u0113rst savilkuma saj\u016btu.<\/p>\n<\/li>\n<\/ul>\n<p data-start=\"916\" data-end=\"1061\">Piem\u0113rots visiem \u0101das tipiem, tostarp jut\u012bgai un reakt\u012bvai \u0101dai, \u012bpa\u0161i sausai, aps\u0101rtu\u0161ai un dehidrat\u0113tai \u0101dai apk\u0101rt\u0113j\u0101s vides stresa apst\u0101k\u013cos.<\/p>\n<p data-start=\"1063\" data-end=\"1081\"><strong data-start=\"1063\" data-end=\"1075\">Tilpums:<\/strong> 70 ml<\/p>\n","protected":false},"excerpt":{"rendered":"<p data-start=\"1272\" data-end=\"1313\">Mitrino\u0161s un atsvaidzino\u0161s sejas aerosols<\/p>\n<h2 data-start=\"1315\" data-end=\"1361\"><strong data-start=\"1315\" data-end=\"1361\">\u012apa\u0161\u012bbas Genosys &#8211; Revitalizing Hydro Mist<\/strong><\/h2>\n<p data-start=\"1363\" data-end=\"1573\">\u2714\ufe0f Nekav\u0113joties mitrina un atsvaidzina \u0101du<br data-start=\"1405\" data-end=\"1408\" \/>\u2714\ufe0f Atbalsta \u0101das l\u012bdzsvaru un komfortu<br data-start=\"1446\" data-end=\"1449\" \/>\u2714\ufe0f Nomierina jut\u012bgu un reakt\u012bvu \u0101du<br data-start=\"1484\" data-end=\"1487\" \/>\u2714\ufe0f Pal\u012bdz aizsarg\u0101t no apk\u0101rt\u0113j\u0101s vides sausuma<br data-start=\"1534\" data-end=\"1537\" \/>\u2714\ufe0f Piem\u0113rots lieto\u0161anai virs grima<\/p>\n","protected":false},"featured_media":40038,"template":"","meta":[],"pwb-brand":[1241],"product_brand":[],"product_cat":[737,721],"product_tag":[],"giftcard-category":[],"class_list":{"0":"post-71452","1":"product","2":"type-product","3":"status-publish","4":"has-post-thumbnail","6":"pwb-brand-genosys-lv","7":"product_cat-mitrinasana","8":"product_cat-toniki-lv","10":"first","11":"instock","12":"taxable","13":"shipping-taxable","14":"purchasable","15":"product-type-simple"},"acf":[],"brands":[{"id":1241,"name":"Genosys","slug":"genosys-lv"}],"_links":{"self":[{"href":"https:\/\/skinstudio.ee\/lv\/wp-json\/wp\/v2\/product\/71452","targetHints":{"allow":["GET"]}}],"collection":[{"href":"https:\/\/skinstudio.ee\/lv\/wp-json\/wp\/v2\/product"}],"about":[{"href":"https:\/\/skinstudio.ee\/lv\/wp-json\/wp\/v2\/types\/product"}],"version-history":[{"count":1,"href":"https:\/\/skinstudio.ee\/lv\/wp-json\/wp\/v2\/product\/71452\/revisions"}],"predecessor-version":[{"id":71453,"href":"https:\/\/skinstudio.ee\/lv\/wp-json\/wp\/v2\/product\/71452\/revisions\/71453"}],"wp:featuredmedia":[{"embeddable":true,"href":"https:\/\/skinstudio.ee\/lv\/wp-json\/wp\/v2\/media\/40038"}],"wp:attachment":[{"href":"https:\/\/skinstudio.ee\/lv\/wp-json\/wp\/v2\/media?parent=71452"}],"wp:term":[{"taxonomy":"pwb-brand","embeddable":true,"href":"https:\/\/skinstudio.ee\/lv\/wp-json\/wp\/v2\/pwb-brand?post=71452"},{"taxonomy":"product_brand","embeddable":true,"href":"https:\/\/skinstudio.ee\/lv\/wp-json\/wp\/v2\/product_brand?post=71452"},{"taxonomy":"product_cat","embeddable":true,"href":"https:\/\/skinstudio.ee\/lv\/wp-json\/wp\/v2\/product_cat?post=71452"},{"taxonomy":"product_tag","embeddable":true,"href":"https:\/\/skinstudio.ee\/lv\/wp-json\/wp\/v2\/product_tag?post=71452"},{"taxonomy":"giftcard-category","embeddable":true,"href":"https:\/\/skinstudio.ee\/lv\/wp-json\/wp\/v2\/giftcard-category?post=71452"}],"curies":[{"name":"wp","href":"https:\/\/api.w.org\/{rel}","templated":true}]}}