{"id":71459,"date":"2025-07-30T15:05:49","date_gmt":"2025-07-30T15:05:49","guid":{"rendered":"https:\/\/skinstudio.ee\/?post_type=product&#038;p=71459"},"modified":"2026-04-03T09:35:20","modified_gmt":"2026-04-03T09:35:20","slug":"moisture-replenishing-hyaluron-serum","status":"publish","type":"product","link":"https:\/\/skinstudio.ee\/lv\/catalog\/genosys-lv\/moisture-replenishing-hyaluron-serum\/","title":{"rendered":"Moisture Replenishing Hyaluron Serum"},"content":{"rendered":"<p data-start=\"185\" data-end=\"463\"><strong data-start=\"185\" data-end=\"236\">Moisture Replenishing Hyaluron Serum no Genosys<\/strong> ir intens\u012bvi mitrino\u0161s serums, kas pal\u012bdz atjaunot \u0101das mitruma l\u012bdzsvaru un atbalsta t\u0101s tvirtumu. Formula veicina aizsarg\u0101jo\u0161a mitruma barjeras veido\u0161anos uz \u0101das virsmas, samazinot sausuma saj\u016btu un uzlabojot \u0101das komfortu.<\/p>\n<p data-start=\"465\" data-end=\"633\">Serums nodro\u0161ina dzi\u013cu mitrin\u0101\u0161anu, vizu\u0101li izl\u012bdzina \u0101du un uzlabo t\u0101s bl\u012bvumu un elast\u012bbu. Regul\u0101ra lieto\u0161ana pal\u012bdz saglab\u0101t svaigu, koptu un mitrin\u0101tu \u0101das izskatu.<\/p>\n<p data-start=\"635\" data-end=\"664\">Galven\u0101s akt\u012bv\u0101s sast\u0101vda\u013cas:<\/p>\n<ul data-start=\"665\" data-end=\"827\">\n<li data-start=\"665\" data-end=\"738\">\n<p data-start=\"667\" data-end=\"738\"><strong data-start=\"667\" data-end=\"684\">Hialuronsk\u0101be<\/strong> \u2013 nodro\u0161ina intens\u012bvu un ilgsto\u0161u \u0101das mitrin\u0101\u0161anu.<\/p>\n<\/li>\n<li data-start=\"739\" data-end=\"827\">\n<p data-start=\"741\" data-end=\"827\"><strong data-start=\"741\" data-end=\"767\">Zemas bl\u012bvuma keram\u012bdi<\/strong> \u2013 pal\u012bdz atjaunot epidermas aizsargbarjeru un m\u012bkstina \u0101du.<\/p>\n<\/li>\n<\/ul>\n<p data-start=\"829\" data-end=\"950\">Piem\u0113rots visiem \u0101das tipiem, tostarp dehidr\u0113tai, sausai un jut\u012bgai \u0101dai, k\u0101 ar\u012b \u0101dai ar samazin\u0101tu tvirtumu un komfortu.<\/p>\n<p data-start=\"952\" data-end=\"970\"><strong data-start=\"952\" data-end=\"964\">Tilpums:<\/strong> 30 ml<\/p>\n","protected":false},"excerpt":{"rendered":"<p data-start=\"1127\" data-end=\"1150\">Serums ar hialuronsk\u0101bi<\/p>\n<h2 data-start=\"1152\" data-end=\"1211\"><strong data-start=\"1152\" data-end=\"1211\">\u012apa\u0161\u012bbas Genosys &#8211; Moisture Replenishing Hyaluron Serum<\/strong><\/h2>\n<p data-start=\"1213\" data-end=\"1418\">\u2714\ufe0f Intens\u012bvi mitrina \u0101du vair\u0101kos l\u012bme\u0146os<br data-start=\"1254\" data-end=\"1257\" \/>\u2714\ufe0f Atjauno un uztur \u0101das mitruma l\u012bdzsvaru<br data-start=\"1299\" data-end=\"1302\" \/>\u2714\ufe0f Stiprina \u0101das barjeru un mitruma notur\u012bbu<br data-start=\"1346\" data-end=\"1349\" \/>\u2714\ufe0f Uzlabo \u0101das tvirtumu un elast\u012bbu<br data-start=\"1384\" data-end=\"1387\" \/>\u2714\ufe0f Padara \u0101du gludu un svaigu<\/p>\n","protected":false},"featured_media":61546,"template":"","meta":[],"pwb-brand":[1241],"product_brand":[],"product_cat":[737,723],"product_tag":[],"giftcard-category":[],"class_list":{"0":"post-71459","1":"product","2":"type-product","3":"status-publish","4":"has-post-thumbnail","6":"pwb-brand-genosys-lv","7":"product_cat-mitrinasana","8":"product_cat-serumi","10":"first","11":"instock","12":"taxable","13":"shipping-taxable","14":"purchasable","15":"product-type-simple"},"acf":[],"brands":[{"id":1241,"name":"Genosys","slug":"genosys-lv"}],"_links":{"self":[{"href":"https:\/\/skinstudio.ee\/lv\/wp-json\/wp\/v2\/product\/71459","targetHints":{"allow":["GET"]}}],"collection":[{"href":"https:\/\/skinstudio.ee\/lv\/wp-json\/wp\/v2\/product"}],"about":[{"href":"https:\/\/skinstudio.ee\/lv\/wp-json\/wp\/v2\/types\/product"}],"version-history":[{"count":1,"href":"https:\/\/skinstudio.ee\/lv\/wp-json\/wp\/v2\/product\/71459\/revisions"}],"predecessor-version":[{"id":71460,"href":"https:\/\/skinstudio.ee\/lv\/wp-json\/wp\/v2\/product\/71459\/revisions\/71460"}],"wp:featuredmedia":[{"embeddable":true,"href":"https:\/\/skinstudio.ee\/lv\/wp-json\/wp\/v2\/media\/61546"}],"wp:attachment":[{"href":"https:\/\/skinstudio.ee\/lv\/wp-json\/wp\/v2\/media?parent=71459"}],"wp:term":[{"taxonomy":"pwb-brand","embeddable":true,"href":"https:\/\/skinstudio.ee\/lv\/wp-json\/wp\/v2\/pwb-brand?post=71459"},{"taxonomy":"product_brand","embeddable":true,"href":"https:\/\/skinstudio.ee\/lv\/wp-json\/wp\/v2\/product_brand?post=71459"},{"taxonomy":"product_cat","embeddable":true,"href":"https:\/\/skinstudio.ee\/lv\/wp-json\/wp\/v2\/product_cat?post=71459"},{"taxonomy":"product_tag","embeddable":true,"href":"https:\/\/skinstudio.ee\/lv\/wp-json\/wp\/v2\/product_tag?post=71459"},{"taxonomy":"giftcard-category","embeddable":true,"href":"https:\/\/skinstudio.ee\/lv\/wp-json\/wp\/v2\/giftcard-category?post=71459"}],"curies":[{"name":"wp","href":"https:\/\/api.w.org\/{rel}","templated":true}]}}