{"id":71466,"date":"2025-07-30T15:02:23","date_gmt":"2025-07-30T15:02:23","guid":{"rendered":"https:\/\/skinstudio.ee\/?post_type=product&#038;p=71466"},"modified":"2026-04-03T09:35:20","modified_gmt":"2026-04-03T09:35:20","slug":"all-for-sensitive-serum","status":"publish","type":"product","link":"https:\/\/skinstudio.ee\/lv\/catalog\/genosys-lv\/all-for-sensitive-serum\/","title":{"rendered":"All For Sensitive Serum"},"content":{"rendered":"<p data-start=\"174\" data-end=\"413\"><strong data-start=\"174\" data-end=\"212\">All For Sensitive Serum no Genosys<\/strong> ir atjaunojo\u0161s serums, kas paredz\u0113ts jut\u012bgas un reakt\u012bvas \u0101das kop\u0161anai. L\u012bdzeklis pal\u012bdz nomierin\u0101t kairin\u0101jumu un aps\u0101rtumu, atbalsta \u0101das revitaliz\u0101ciju un uzlabo t\u0101s visp\u0101r\u0113jo komfortu un izskatu.<\/p>\n<p data-start=\"415\" data-end=\"627\">Serums veicina mikrocirkul\u0101cijas uzlabo\u0161anos, atbalsta \u0101das aizsargfunkcijas un pal\u012bdz mazin\u0101t priek\u0161laic\u012bgas noveco\u0161an\u0101s paz\u012bmes. Intens\u012bv\u0101 mitrin\u0101\u0161ana pal\u012bdz \u0101dai justies mier\u012bg\u0101kai, maig\u0101kai un l\u012bdzsvarot\u0101kai.<\/p>\n<p data-start=\"629\" data-end=\"658\">Galven\u0101s akt\u012bv\u0101s sast\u0101vda\u013cas:<\/p>\n<ul data-start=\"659\" data-end=\"1023\">\n<li data-start=\"659\" data-end=\"731\">\n<p data-start=\"661\" data-end=\"731\"><strong data-start=\"661\" data-end=\"683\">Betai\u0304ns un alveja<\/strong> \u2013 pal\u012bdz mitrin\u0101t \u0101du un mazin\u0101t diskomfortu.<\/p>\n<\/li>\n<li data-start=\"732\" data-end=\"838\">\n<p data-start=\"734\" data-end=\"838\"><strong data-start=\"734\" data-end=\"777\">Lotosa zieda un burvju lazdas ekstrakti<\/strong> \u2013 atbalsta \u0101das nomierin\u0101\u0161anu un pal\u012bdz mazin\u0101t aps\u0101rtumu.<\/p>\n<\/li>\n<li data-start=\"839\" data-end=\"927\">\n<p data-start=\"841\" data-end=\"927\"><strong data-start=\"841\" data-end=\"871\">Allanto\u012bns un beta-glik\u0101ns<\/strong> \u2013 veicina \u0101das atjauno\u0161anos un samazina reaktivit\u0101ti.<\/p>\n<\/li>\n<li data-start=\"928\" data-end=\"1023\">\n<p data-start=\"930\" data-end=\"1023\"><strong data-start=\"930\" data-end=\"962\">Ferment\u0113ti un augu ekstrakti<\/strong> \u2013 pal\u012bdz stiprin\u0101t \u0101das aizsargbarjeru un uztur\u0113t l\u012bdzsvaru.<\/p>\n<\/li>\n<\/ul>\n<p data-start=\"1025\" data-end=\"1165\">Piem\u0113rots visiem \u0101das tipiem, \u012bpa\u0161i jut\u012bgai, reakt\u012bvai un uz aps\u0101rtumu tend\u0113tai \u0101dai, k\u0101 ar\u012b gad\u012bjumos, kad j\u016btams savilkums un diskomforts.<\/p>\n<p data-start=\"1167\" data-end=\"1185\"><strong data-start=\"1167\" data-end=\"1179\">Tilpums:<\/strong> 30 ml<\/p>\n","protected":false},"excerpt":{"rendered":"<p data-start=\"1342\" data-end=\"1361\">Serums jut\u012bgai \u0101dai<\/p>\n<h2 data-start=\"1363\" data-end=\"1409\"><strong data-start=\"1363\" data-end=\"1409\">\u012apa\u0161\u012bbas Genosys &#8211; All For Sensitive Serum<\/strong><\/h2>\n<p data-start=\"1411\" data-end=\"1631\">\u2714\ufe0f Nomierina kairin\u0101jumu un mazina aps\u0101rtumu<br data-start=\"1455\" data-end=\"1458\" \/>\u2714\ufe0f Samazina \u0101das jut\u012bgumu un reaktivit\u0101ti<br data-start=\"1499\" data-end=\"1502\" \/>\u2714\ufe0f Atbalsta \u0101das aizsargbarjeras dabisk\u0101s funkcijas<br data-start=\"1553\" data-end=\"1556\" \/>\u2714\ufe0f Intens\u012bvi mitrina un m\u012bkstina \u0101du<br data-start=\"1592\" data-end=\"1595\" \/>\u2714\ufe0f Uzlabo \u0101das komfortu un izskatu<\/p>\n","protected":false},"featured_media":40008,"template":"","meta":[],"pwb-brand":[1241],"product_brand":[],"product_cat":[745,723],"product_tag":[],"giftcard-category":[],"class_list":{"0":"post-71466","1":"product","2":"type-product","3":"status-publish","4":"has-post-thumbnail","6":"pwb-brand-genosys-lv","7":"product_cat-jutigai-adai","8":"product_cat-serumi","10":"first","11":"instock","12":"taxable","13":"shipping-taxable","14":"purchasable","15":"product-type-simple"},"acf":[],"brands":[{"id":1241,"name":"Genosys","slug":"genosys-lv"}],"_links":{"self":[{"href":"https:\/\/skinstudio.ee\/lv\/wp-json\/wp\/v2\/product\/71466","targetHints":{"allow":["GET"]}}],"collection":[{"href":"https:\/\/skinstudio.ee\/lv\/wp-json\/wp\/v2\/product"}],"about":[{"href":"https:\/\/skinstudio.ee\/lv\/wp-json\/wp\/v2\/types\/product"}],"version-history":[{"count":1,"href":"https:\/\/skinstudio.ee\/lv\/wp-json\/wp\/v2\/product\/71466\/revisions"}],"predecessor-version":[{"id":71467,"href":"https:\/\/skinstudio.ee\/lv\/wp-json\/wp\/v2\/product\/71466\/revisions\/71467"}],"wp:featuredmedia":[{"embeddable":true,"href":"https:\/\/skinstudio.ee\/lv\/wp-json\/wp\/v2\/media\/40008"}],"wp:attachment":[{"href":"https:\/\/skinstudio.ee\/lv\/wp-json\/wp\/v2\/media?parent=71466"}],"wp:term":[{"taxonomy":"pwb-brand","embeddable":true,"href":"https:\/\/skinstudio.ee\/lv\/wp-json\/wp\/v2\/pwb-brand?post=71466"},{"taxonomy":"product_brand","embeddable":true,"href":"https:\/\/skinstudio.ee\/lv\/wp-json\/wp\/v2\/product_brand?post=71466"},{"taxonomy":"product_cat","embeddable":true,"href":"https:\/\/skinstudio.ee\/lv\/wp-json\/wp\/v2\/product_cat?post=71466"},{"taxonomy":"product_tag","embeddable":true,"href":"https:\/\/skinstudio.ee\/lv\/wp-json\/wp\/v2\/product_tag?post=71466"},{"taxonomy":"giftcard-category","embeddable":true,"href":"https:\/\/skinstudio.ee\/lv\/wp-json\/wp\/v2\/giftcard-category?post=71466"}],"curies":[{"name":"wp","href":"https:\/\/api.w.org\/{rel}","templated":true}]}}