{"id":71474,"date":"2025-07-30T12:03:09","date_gmt":"2025-07-30T12:03:09","guid":{"rendered":"https:\/\/skinstudio.ee\/?post_type=product&#038;p=71474"},"modified":"2026-04-03T09:35:20","modified_gmt":"2026-04-03T09:35:20","slug":"problem-control-serum","status":"publish","type":"product","link":"https:\/\/skinstudio.ee\/lv\/catalog\/genosys-lv\/problem-control-serum\/","title":{"rendered":"Problem Control Serum"},"content":{"rendered":"<p data-start=\"174\" data-end=\"375\"><strong data-start=\"174\" data-end=\"210\">Problem Control Serum no Genosys<\/strong> ir m\u0113r\u0137tiec\u012bgs serums problem\u0101tiskas \u0101das kop\u0161anai. Formula pal\u012bdz mazin\u0101t iekaisuma izpausmes, uzlabot \u0101das t\u012br\u012bbu un veicin\u0101t l\u012bdzsvarot\u0101ku, kopt\u0101ku \u0101das izskatu.<\/p>\n<p data-start=\"377\" data-end=\"551\">Serums pal\u012bdz normaliz\u0113t sebuma izdal\u012b\u0161anos un atbalsta \u0101das atjauno\u0161anos p\u0113c iekaisuma elementiem. Regul\u0101ra lieto\u0161ana veicina mier\u012bg\u0101ku \u0101das st\u0101vokli un uzlabo t\u0101s tekst\u016bru.<\/p>\n<p data-start=\"553\" data-end=\"582\">Galven\u0101s akt\u012bv\u0101s sast\u0101vda\u013cas:<\/p>\n<ul data-start=\"583\" data-end=\"928\">\n<li data-start=\"583\" data-end=\"657\">\n<p data-start=\"585\" data-end=\"657\"><strong data-start=\"585\" data-end=\"597\">Zinc PCA<\/strong> \u2013 pal\u012bdz regul\u0113t sebuma izdal\u012b\u0161anos un samazin\u0101t sp\u012bdumu.<\/p>\n<\/li>\n<li data-start=\"658\" data-end=\"748\">\n<p data-start=\"660\" data-end=\"748\"><strong data-start=\"660\" data-end=\"693\">Meln\u0101s v\u012btola mizas ekstrakts<\/strong> \u2013 atbalsta poru att\u012br\u012b\u0161anu un pretiekaisuma kop\u0161anu.<\/p>\n<\/li>\n<li data-start=\"749\" data-end=\"835\">\n<p data-start=\"751\" data-end=\"835\"><strong data-start=\"751\" data-end=\"780\">Ferment\u0113ti augu ekstrakti<\/strong> \u2013 pal\u012bdz uztur\u0113t \u0101das l\u012bdzsvaru un aizsargfunkcijas.<\/p>\n<\/li>\n<li data-start=\"836\" data-end=\"928\">\n<p data-start=\"838\" data-end=\"928\"><strong data-start=\"838\" data-end=\"879\">Pantenols, allanto\u012bns un beta-glik\u0101ns<\/strong> \u2013 pal\u012bdz nomierin\u0101t \u0101du un veicina atjauno\u0161anos.<\/p>\n<\/li>\n<\/ul>\n<p data-start=\"930\" data-end=\"1031\">Piem\u0113rots taukainai, kombin\u0113tai un problem\u0101tiskai \u0101dai ar noslieci uz akni, iekaisumiem un aps\u0101rtumu.<\/p>\n<p data-start=\"1033\" data-end=\"1051\"><strong data-start=\"1033\" data-end=\"1045\">Tilpums:<\/strong> 30 ml<\/p>\n","protected":false},"excerpt":{"rendered":"<p data-start=\"1183\" data-end=\"1209\">Serums problem\u0101tiskai \u0101dai<\/p>\n<h2 data-start=\"1211\" data-end=\"1255\"><strong data-start=\"1211\" data-end=\"1255\">\u012apa\u0161\u012bbas Genosys &#8211; Problem Control Serum<\/strong><\/h2>\n<p data-start=\"1257\" data-end=\"1454\">\u2714\ufe0f Mazina iekaisumu un redzamu aps\u0101rtumu<br data-start=\"1297\" data-end=\"1300\" \/>\u2714\ufe0f Regul\u0113 sebuma izdal\u012b\u0161anos \u0101d\u0101<br data-start=\"1332\" data-end=\"1335\" \/>\u2714\ufe0f Pal\u012bdz nov\u0113rst akni un izsitumus<br data-start=\"1370\" data-end=\"1373\" \/>\u2714\ufe0f Atbalsta \u0101das \u0101tr\u0101ku atjauno\u0161anos<br data-start=\"1409\" data-end=\"1412\" \/>\u2714\ufe0f Nodro\u0161ina antibakteri\u0101lu \u0101das kop\u0161anu<\/p>\n","protected":false},"featured_media":39998,"template":"","meta":[],"pwb-brand":[1241],"product_brand":[],"product_cat":[723,747],"product_tag":[],"giftcard-category":[],"class_list":{"0":"post-71474","1":"product","2":"type-product","3":"status-publish","4":"has-post-thumbnail","6":"pwb-brand-genosys-lv","7":"product_cat-serumi","8":"product_cat-taukainai-adai","10":"first","11":"instock","12":"taxable","13":"shipping-taxable","14":"purchasable","15":"product-type-simple"},"acf":[],"brands":[{"id":1241,"name":"Genosys","slug":"genosys-lv"}],"_links":{"self":[{"href":"https:\/\/skinstudio.ee\/lv\/wp-json\/wp\/v2\/product\/71474","targetHints":{"allow":["GET"]}}],"collection":[{"href":"https:\/\/skinstudio.ee\/lv\/wp-json\/wp\/v2\/product"}],"about":[{"href":"https:\/\/skinstudio.ee\/lv\/wp-json\/wp\/v2\/types\/product"}],"version-history":[{"count":1,"href":"https:\/\/skinstudio.ee\/lv\/wp-json\/wp\/v2\/product\/71474\/revisions"}],"predecessor-version":[{"id":71475,"href":"https:\/\/skinstudio.ee\/lv\/wp-json\/wp\/v2\/product\/71474\/revisions\/71475"}],"wp:featuredmedia":[{"embeddable":true,"href":"https:\/\/skinstudio.ee\/lv\/wp-json\/wp\/v2\/media\/39998"}],"wp:attachment":[{"href":"https:\/\/skinstudio.ee\/lv\/wp-json\/wp\/v2\/media?parent=71474"}],"wp:term":[{"taxonomy":"pwb-brand","embeddable":true,"href":"https:\/\/skinstudio.ee\/lv\/wp-json\/wp\/v2\/pwb-brand?post=71474"},{"taxonomy":"product_brand","embeddable":true,"href":"https:\/\/skinstudio.ee\/lv\/wp-json\/wp\/v2\/product_brand?post=71474"},{"taxonomy":"product_cat","embeddable":true,"href":"https:\/\/skinstudio.ee\/lv\/wp-json\/wp\/v2\/product_cat?post=71474"},{"taxonomy":"product_tag","embeddable":true,"href":"https:\/\/skinstudio.ee\/lv\/wp-json\/wp\/v2\/product_tag?post=71474"},{"taxonomy":"giftcard-category","embeddable":true,"href":"https:\/\/skinstudio.ee\/lv\/wp-json\/wp\/v2\/giftcard-category?post=71474"}],"curies":[{"name":"wp","href":"https:\/\/api.w.org\/{rel}","templated":true}]}}