{"id":71481,"date":"2025-07-30T12:01:12","date_gmt":"2025-07-30T12:01:12","guid":{"rendered":"https:\/\/skinstudio.ee\/?post_type=product&#038;p=71481"},"modified":"2026-04-03T09:35:20","modified_gmt":"2026-04-03T09:35:20","slug":"multi-vita-radiance-serum","status":"publish","type":"product","link":"https:\/\/skinstudio.ee\/lv\/catalog\/genosys-lv\/multi-vita-radiance-serum\/","title":{"rendered":"Multi Vita Radiance Serum"},"content":{"rendered":"<p data-start=\"102\" data-end=\"347\"><strong data-start=\"102\" data-end=\"142\">Multi Vita Radiance Serum no Genosys<\/strong> ir multivitam\u012bnu serums, kas paredz\u0113ts \u0101das mirdzuma uzlabo\u0161anai un visp\u0101r\u0113j\u0101 \u0101das st\u0101vok\u013ca pilnveido\u0161anai. Formula pal\u012bdz izl\u012bdzin\u0101t \u0101das toni, atbalsta mitrin\u0101\u0161anu un pie\u0161\u0137ir \u0101dai svaigu, koptu izskatu.<\/p>\n<p data-start=\"349\" data-end=\"584\">Serums pal\u012bdz samazin\u0101t pigment\u0101cijas un nevienm\u0113r\u012bga to\u0146a redzam\u012bbu, uzlabo \u0101das gludumu un aizsarg\u0101 no apk\u0101rt\u0113j\u0101s vides ietekmes. Antioksidat\u012bv\u0101 darb\u012bba pal\u012bdz mazin\u0101t br\u012bvo radik\u0101\u013cu rad\u012bto stresu un atbalsta \u0101das jaunekl\u012bgu izskatu.<\/p>\n<p data-start=\"586\" data-end=\"615\">Galven\u0101s akt\u012bv\u0101s sast\u0101vda\u013cas:<\/p>\n<ul data-start=\"616\" data-end=\"861\">\n<li data-start=\"616\" data-end=\"689\">\n<p data-start=\"618\" data-end=\"689\"><strong data-start=\"618\" data-end=\"640\">Vitam\u012bnu komplekss<\/strong> \u2013 veicina \u0101das mirdzumu un uzlabo t\u0101s izskatu.<\/p>\n<\/li>\n<li data-start=\"690\" data-end=\"770\">\n<p data-start=\"692\" data-end=\"770\"><strong data-start=\"692\" data-end=\"723\">Antioksidat\u012bv\u0101s sast\u0101vda\u013cas<\/strong> \u2013 pal\u012bdz aizsarg\u0101t \u0101du no oksidat\u012bv\u0101 stresa.<\/p>\n<\/li>\n<li data-start=\"771\" data-end=\"861\">\n<p data-start=\"773\" data-end=\"861\"><strong data-start=\"773\" data-end=\"815\">Mitrino\u0161\u0101s un nomierino\u0161\u0101s sast\u0101vda\u013cas<\/strong> \u2013 pal\u012bdz saglab\u0101t \u0101das komfortu un l\u012bdzsvaru.<\/p>\n<\/li>\n<\/ul>\n<p data-start=\"863\" data-end=\"974\">Piem\u0113rots visiem \u0101das tipiem, tostarp jut\u012bgai \u0101dai, \u012bpa\u0161i bl\u0101vai \u0101dai ar nevienm\u0113r\u012bgu toni un noguruma paz\u012bm\u0113m.<\/p>\n<p data-start=\"976\" data-end=\"994\"><strong data-start=\"976\" data-end=\"988\">Tilpums:<\/strong> 30 ml<\/p>\n","protected":false},"excerpt":{"rendered":"<p data-start=\"1255\" data-end=\"1285\">Vitam\u012bnu serums \u0101das mirdzumam<\/p>\n<h2 data-start=\"1287\" data-end=\"1335\"><strong data-start=\"1287\" data-end=\"1335\">\u012apa\u0161\u012bbas Genosys &#8211; Multi Vita Radiance Serum<\/strong><\/h2>\n<p data-start=\"1337\" data-end=\"1533\">\u2714\ufe0f Izgaismo un izl\u012bdzina \u0101das toni<br data-start=\"1371\" data-end=\"1374\" \/>\u2714\ufe0f Atjauno \u0101das dabisko mirdzumu<br data-start=\"1406\" data-end=\"1409\" \/>\u2714\ufe0f Nodro\u0161ina antioksidat\u012bvu \u0101das aizsardz\u012bbu<br data-start=\"1453\" data-end=\"1456\" \/>\u2714\ufe0f Uzlabo \u0101das tvirtumu un gludumu<br data-start=\"1490\" data-end=\"1493\" \/>\u2714\ufe0f Stiprina barjeru un saglab\u0101 mitrumu<\/p>\n","protected":false},"featured_media":39984,"template":"","meta":[],"pwb-brand":[1241],"product_brand":[],"product_cat":[751,723],"product_tag":[],"giftcard-category":[],"class_list":{"0":"post-71481","1":"product","2":"type-product","3":"status-publish","4":"has-post-thumbnail","6":"pwb-brand-genosys-lv","7":"product_cat-pigmentacija-lv","8":"product_cat-serumi","10":"first","11":"instock","12":"taxable","13":"shipping-taxable","14":"purchasable","15":"product-type-simple"},"acf":[],"brands":[{"id":1241,"name":"Genosys","slug":"genosys-lv"}],"_links":{"self":[{"href":"https:\/\/skinstudio.ee\/lv\/wp-json\/wp\/v2\/product\/71481","targetHints":{"allow":["GET"]}}],"collection":[{"href":"https:\/\/skinstudio.ee\/lv\/wp-json\/wp\/v2\/product"}],"about":[{"href":"https:\/\/skinstudio.ee\/lv\/wp-json\/wp\/v2\/types\/product"}],"version-history":[{"count":1,"href":"https:\/\/skinstudio.ee\/lv\/wp-json\/wp\/v2\/product\/71481\/revisions"}],"predecessor-version":[{"id":71482,"href":"https:\/\/skinstudio.ee\/lv\/wp-json\/wp\/v2\/product\/71481\/revisions\/71482"}],"wp:featuredmedia":[{"embeddable":true,"href":"https:\/\/skinstudio.ee\/lv\/wp-json\/wp\/v2\/media\/39984"}],"wp:attachment":[{"href":"https:\/\/skinstudio.ee\/lv\/wp-json\/wp\/v2\/media?parent=71481"}],"wp:term":[{"taxonomy":"pwb-brand","embeddable":true,"href":"https:\/\/skinstudio.ee\/lv\/wp-json\/wp\/v2\/pwb-brand?post=71481"},{"taxonomy":"product_brand","embeddable":true,"href":"https:\/\/skinstudio.ee\/lv\/wp-json\/wp\/v2\/product_brand?post=71481"},{"taxonomy":"product_cat","embeddable":true,"href":"https:\/\/skinstudio.ee\/lv\/wp-json\/wp\/v2\/product_cat?post=71481"},{"taxonomy":"product_tag","embeddable":true,"href":"https:\/\/skinstudio.ee\/lv\/wp-json\/wp\/v2\/product_tag?post=71481"},{"taxonomy":"giftcard-category","embeddable":true,"href":"https:\/\/skinstudio.ee\/lv\/wp-json\/wp\/v2\/giftcard-category?post=71481"}],"curies":[{"name":"wp","href":"https:\/\/api.w.org\/{rel}","templated":true}]}}