{"id":71490,"date":"2025-07-30T11:04:16","date_gmt":"2025-07-30T11:04:16","guid":{"rendered":"https:\/\/skinstudio.ee\/?post_type=product&#038;p=71490"},"modified":"2026-04-03T09:35:20","modified_gmt":"2026-04-03T09:35:20","slug":"anti-wrinkle-serum","status":"publish","type":"product","link":"https:\/\/skinstudio.ee\/lv\/catalog\/genosys-lv\/anti-wrinkle-serum\/","title":{"rendered":"Anti-Wrinkle Serum"},"content":{"rendered":"<p data-start=\"94\" data-end=\"364\"><strong data-start=\"94\" data-end=\"144\">Multi Functional Anti-Wrinkle Serum no Genosys<\/strong> ir pept\u012bdu serums ar izteiktu pretnoveco\u0161an\u0101s iedarb\u012bbu, kas pal\u012bdz samazin\u0101t grumbu redzam\u012bbu, uzlabot \u0101das elast\u012bbu un bl\u012bvumu. Formula atbalsta kolag\u0113na veido\u0161anos un padara \u0101du glud\u0101ku, kopt\u0101ku un vizu\u0101li atjaunotu.<\/p>\n<p data-start=\"366\" data-end=\"586\">Serums veicina \u0101das atjauno\u0161anos, uzlabo t\u0101s tekst\u016bru un pal\u012bdz saglab\u0101t vienm\u0113r\u012bg\u0101ku sejas toni. Mitrino\u0161\u0101 un m\u012bkstino\u0161\u0101 iedarb\u012bba pal\u012bdz nov\u0113rst sausumu un savilkuma saj\u016btu, pie\u0161\u0137irot \u0101dai komfortu un dabisku mirdzumu.<\/p>\n<p data-start=\"588\" data-end=\"617\">Galven\u0101s akt\u012bv\u0101s sast\u0101vda\u013cas:<\/p>\n<ul data-start=\"618\" data-end=\"1006\">\n<li data-start=\"618\" data-end=\"704\">\n<p data-start=\"620\" data-end=\"704\"><strong data-start=\"620\" data-end=\"643\">6 pept\u012bdu komplekss<\/strong> \u2013 atbalsta \u0101das tvirtumu un pal\u012bdz mazin\u0101t grumbu dzi\u013cumu.<\/p>\n<\/li>\n<li data-start=\"705\" data-end=\"763\">\n<p data-start=\"707\" data-end=\"763\"><strong data-start=\"707\" data-end=\"721\">Bakuchiols<\/strong> \u2013 veicina \u0101das atjauno\u0161anos un gludumu.<\/p>\n<\/li>\n<li data-start=\"764\" data-end=\"835\">\n<p data-start=\"766\" data-end=\"835\"><strong data-start=\"766\" data-end=\"790\">Kolag\u0113ns un elast\u012bns<\/strong> \u2013 pal\u012bdz uzlabot \u0101das bl\u012bvumu un elast\u012bbu.<\/p>\n<\/li>\n<li data-start=\"836\" data-end=\"921\">\n<p data-start=\"838\" data-end=\"921\"><strong data-start=\"838\" data-end=\"866\">Niacinam\u012bds un propoliss<\/strong> \u2013 atbalsta vienm\u0113r\u012bgu toni un vesel\u012bgu \u0101das izskatu.<\/p>\n<\/li>\n<li data-start=\"922\" data-end=\"1006\">\n<p data-start=\"924\" data-end=\"1006\"><strong data-start=\"924\" data-end=\"957\">Keram\u012bdi, pantenols un lip\u012bdi<\/strong> \u2013 stiprina \u0101das aizsargbarjeru un uztur mitrumu.<\/p>\n<\/li>\n<\/ul>\n<p data-start=\"1008\" data-end=\"1131\">Piem\u0113rots visiem \u0101das tipiem, tostarp jut\u012bgai \u0101dai, \u012bpa\u0161i pie noveco\u0161an\u0101s paz\u012bm\u0113m, elast\u012bbas zuduma, bl\u0101va to\u0146a un sausuma.<\/p>\n<p data-start=\"1133\" data-end=\"1151\"><strong data-start=\"1133\" data-end=\"1145\">Tilpums:<\/strong> 30 ml<\/p>\n","protected":false},"excerpt":{"rendered":"<p data-start=\"1308\" data-end=\"1341\">Pept\u012bdu serums grumbu mazin\u0101\u0161anai<\/p>\n<h2 data-start=\"1343\" data-end=\"1384\"><strong data-start=\"1343\" data-end=\"1384\">\u012apa\u0161\u012bbas Genosys &#8211; Anti-Wrinkle Serum<\/strong><\/h2>\n<p data-start=\"1386\" data-end=\"1576\">\u2714\ufe0f Izl\u012bdzina mi\u012bmisk\u0101s un vecuma grumbas<br data-start=\"1426\" data-end=\"1429\" \/>\u2714\ufe0f Uzlabo \u0101das elast\u012bbu un bl\u012bvumu<br data-start=\"1463\" data-end=\"1466\" \/>\u2714\ufe0f Atbalsta kolag\u0113na veido\u0161anos \u0101d\u0101<br data-start=\"1501\" data-end=\"1504\" \/>\u2714\ufe0f Intens\u012bvi mitrina un m\u012bkstina \u0101du<br data-start=\"1540\" data-end=\"1543\" \/>\u2714\ufe0f Uzlabo \u0101das tekst\u016bru un toni<\/p>\n","protected":false},"featured_media":39973,"template":"","meta":[],"pwb-brand":[1241],"product_brand":[],"product_cat":[749,723],"product_tag":[],"giftcard-category":[],"class_list":{"0":"post-71490","1":"product","2":"type-product","3":"status-publish","4":"has-post-thumbnail","6":"pwb-brand-genosys-lv","7":"product_cat-novecojosa-ada","8":"product_cat-serumi","10":"first","11":"instock","12":"taxable","13":"shipping-taxable","14":"purchasable","15":"product-type-simple"},"acf":[],"brands":[{"id":1241,"name":"Genosys","slug":"genosys-lv"}],"_links":{"self":[{"href":"https:\/\/skinstudio.ee\/lv\/wp-json\/wp\/v2\/product\/71490","targetHints":{"allow":["GET"]}}],"collection":[{"href":"https:\/\/skinstudio.ee\/lv\/wp-json\/wp\/v2\/product"}],"about":[{"href":"https:\/\/skinstudio.ee\/lv\/wp-json\/wp\/v2\/types\/product"}],"version-history":[{"count":1,"href":"https:\/\/skinstudio.ee\/lv\/wp-json\/wp\/v2\/product\/71490\/revisions"}],"predecessor-version":[{"id":71491,"href":"https:\/\/skinstudio.ee\/lv\/wp-json\/wp\/v2\/product\/71490\/revisions\/71491"}],"wp:featuredmedia":[{"embeddable":true,"href":"https:\/\/skinstudio.ee\/lv\/wp-json\/wp\/v2\/media\/39973"}],"wp:attachment":[{"href":"https:\/\/skinstudio.ee\/lv\/wp-json\/wp\/v2\/media?parent=71490"}],"wp:term":[{"taxonomy":"pwb-brand","embeddable":true,"href":"https:\/\/skinstudio.ee\/lv\/wp-json\/wp\/v2\/pwb-brand?post=71490"},{"taxonomy":"product_brand","embeddable":true,"href":"https:\/\/skinstudio.ee\/lv\/wp-json\/wp\/v2\/product_brand?post=71490"},{"taxonomy":"product_cat","embeddable":true,"href":"https:\/\/skinstudio.ee\/lv\/wp-json\/wp\/v2\/product_cat?post=71490"},{"taxonomy":"product_tag","embeddable":true,"href":"https:\/\/skinstudio.ee\/lv\/wp-json\/wp\/v2\/product_tag?post=71490"},{"taxonomy":"giftcard-category","embeddable":true,"href":"https:\/\/skinstudio.ee\/lv\/wp-json\/wp\/v2\/giftcard-category?post=71490"}],"curies":[{"name":"wp","href":"https:\/\/api.w.org\/{rel}","templated":true}]}}