{"id":71497,"date":"2025-07-09T08:20:42","date_gmt":"2025-07-09T08:20:42","guid":{"rendered":"https:\/\/skinstudio.ee\/?post_type=product&#038;p=71497"},"modified":"2026-04-03T09:35:20","modified_gmt":"2026-04-03T09:35:20","slug":"intensive-problem-control-toner","status":"publish","type":"product","link":"https:\/\/skinstudio.ee\/lv\/catalog\/genosys-lv\/intensive-problem-control-toner\/","title":{"rendered":"Intensive Problem Control Toner"},"content":{"rendered":"<p data-start=\"177\" data-end=\"442\"><strong data-start=\"177\" data-end=\"223\">Intensive Problem Control Toner no Genosys<\/strong> ir sebuma regul\u0113jo\u0161s toniks taukainai un problem\u0101tiskai, uz akni tend\u0113tai \u0101dai. L\u012bdzeklis pal\u012bdz samazin\u0101t taukaino sp\u012bdumu, komedonu un melno punktu redzam\u012bbu, k\u0101 ar\u012b nodro\u0161ina antibakteri\u0101lu un pretiekaisuma kop\u0161anu.<\/p>\n<p data-start=\"444\" data-end=\"686\">Toniks atsvaidzina un pat\u012bkami atv\u0113sina \u0101du, pal\u012bdz atjaunot hidrolip\u012bdu l\u012bdzsvaru un uzlabo problem\u0101tiskas \u0101das kop\u0113jo st\u0101vokli. Regul\u0101ri lietojot, tas pal\u012bdz iev\u0113rojami samazin\u0101t sebuma izdal\u012b\u0161anos un saglab\u0101t t\u012br\u0101ku, mat\u0113t\u0101ku \u0101das izskatu.<\/p>\n<p data-start=\"688\" data-end=\"717\">Galven\u0101s akt\u012bv\u0101s sast\u0101vda\u013cas:<\/p>\n<ul data-start=\"718\" data-end=\"1115\">\n<li data-start=\"718\" data-end=\"792\">\n<p data-start=\"720\" data-end=\"792\"><strong data-start=\"720\" data-end=\"742\">BHA (salicilsk\u0101be)<\/strong> \u2013 veicina poru att\u012br\u012b\u0161anu un mazina iekaisumus.<\/p>\n<\/li>\n<li data-start=\"793\" data-end=\"860\">\n<p data-start=\"795\" data-end=\"860\"><strong data-start=\"795\" data-end=\"821\">Anti-Sebum P komplekss<\/strong> \u2013 pal\u012bdz regul\u0113t sebuma izdal\u012b\u0161anos.<\/p>\n<\/li>\n<li data-start=\"861\" data-end=\"950\">\n<p data-start=\"863\" data-end=\"950\"><strong data-start=\"863\" data-end=\"895\">T\u0113jas koka ekstrakts un e\u013c\u013ca<\/strong> \u2013 nodro\u0161ina antibakteri\u0101lu un nomierino\u0161u iedarb\u012bbu.<\/p>\n<\/li>\n<li data-start=\"951\" data-end=\"1047\">\n<p data-start=\"953\" data-end=\"1047\"><strong data-start=\"953\" data-end=\"988\">Zinc PCA un rozmar\u012bna ekstrakts<\/strong> \u2013 pal\u012bdz samazin\u0101t taukain\u012bbu un uztur\u0113t \u0101das l\u012bdzsvaru.<\/p>\n<\/li>\n<li data-start=\"1048\" data-end=\"1115\">\n<p data-start=\"1050\" data-end=\"1115\"><strong data-start=\"1050\" data-end=\"1080\">Pantenols un hialuronsk\u0101be<\/strong> \u2013 mitrina \u0101du un saglab\u0101 komfortu.<\/p>\n<\/li>\n<\/ul>\n<p data-start=\"1117\" data-end=\"1235\">Piem\u0113rots taukainai, kombin\u0113tai un problem\u0101tiskai \u0101dai ar akni, komedoniem, papla\u0161in\u0101t\u0101m por\u0101m un noslieci uz sp\u012bdumu.<\/p>\n<p data-start=\"1237\" data-end=\"1256\"><strong data-start=\"1237\" data-end=\"1249\">Tilpums:<\/strong> 200 ml<\/p>\n","protected":false},"excerpt":{"rendered":"<p data-start=\"1533\" data-end=\"1577\">Sebumu regul\u0113jo\u0161s toniks problem\u0101tiskai \u0101dai<\/p>\n<h2 data-start=\"1579\" data-end=\"1633\"><strong data-start=\"1579\" data-end=\"1633\">\u012apa\u0161\u012bbas Genosys &#8211; Intensive Problem Control Toner<\/strong><\/h2>\n<p data-start=\"1635\" data-end=\"1836\">\u2714\ufe0f Regul\u0113 p\u0101rm\u0113r\u012bgu sebuma izdal\u012b\u0161anos<br data-start=\"1673\" data-end=\"1676\" \/>\u2714\ufe0f Att\u012bra poras un mazina komedonus<br data-start=\"1711\" data-end=\"1714\" \/>\u2714\ufe0f Nomierina un atv\u0113sina kairin\u0101tu \u0101du<br data-start=\"1752\" data-end=\"1755\" \/>\u2714\ufe0f Mitrina un uztur \u0101das pH-l\u012bdzsvaru<br data-start=\"1792\" data-end=\"1795\" \/>\u2714\ufe0f Nekomedog\u0113ns, piem\u0113rots \u0101dai ar akni<\/p>\n","protected":false},"featured_media":61597,"template":"","meta":[],"pwb-brand":[1241],"product_brand":[],"product_cat":[741,747,721],"product_tag":[],"giftcard-category":[],"class_list":{"0":"post-71497","1":"product","2":"type-product","3":"status-publish","4":"has-post-thumbnail","6":"pwb-brand-genosys-lv","7":"product_cat-izsitumi","8":"product_cat-taukainai-adai","9":"product_cat-toniki-lv","11":"first","12":"instock","13":"taxable","14":"shipping-taxable","15":"purchasable","16":"product-type-simple"},"acf":[],"brands":[{"id":1241,"name":"Genosys","slug":"genosys-lv"}],"_links":{"self":[{"href":"https:\/\/skinstudio.ee\/lv\/wp-json\/wp\/v2\/product\/71497","targetHints":{"allow":["GET"]}}],"collection":[{"href":"https:\/\/skinstudio.ee\/lv\/wp-json\/wp\/v2\/product"}],"about":[{"href":"https:\/\/skinstudio.ee\/lv\/wp-json\/wp\/v2\/types\/product"}],"version-history":[{"count":1,"href":"https:\/\/skinstudio.ee\/lv\/wp-json\/wp\/v2\/product\/71497\/revisions"}],"predecessor-version":[{"id":71498,"href":"https:\/\/skinstudio.ee\/lv\/wp-json\/wp\/v2\/product\/71497\/revisions\/71498"}],"wp:featuredmedia":[{"embeddable":true,"href":"https:\/\/skinstudio.ee\/lv\/wp-json\/wp\/v2\/media\/61597"}],"wp:attachment":[{"href":"https:\/\/skinstudio.ee\/lv\/wp-json\/wp\/v2\/media?parent=71497"}],"wp:term":[{"taxonomy":"pwb-brand","embeddable":true,"href":"https:\/\/skinstudio.ee\/lv\/wp-json\/wp\/v2\/pwb-brand?post=71497"},{"taxonomy":"product_brand","embeddable":true,"href":"https:\/\/skinstudio.ee\/lv\/wp-json\/wp\/v2\/product_brand?post=71497"},{"taxonomy":"product_cat","embeddable":true,"href":"https:\/\/skinstudio.ee\/lv\/wp-json\/wp\/v2\/product_cat?post=71497"},{"taxonomy":"product_tag","embeddable":true,"href":"https:\/\/skinstudio.ee\/lv\/wp-json\/wp\/v2\/product_tag?post=71497"},{"taxonomy":"giftcard-category","embeddable":true,"href":"https:\/\/skinstudio.ee\/lv\/wp-json\/wp\/v2\/giftcard-category?post=71497"}],"curies":[{"name":"wp","href":"https:\/\/api.w.org\/{rel}","templated":true}]}}