{"id":71505,"date":"2025-07-09T08:19:15","date_gmt":"2025-07-09T08:19:15","guid":{"rendered":"https:\/\/skinstudio.ee\/?post_type=product&#038;p=71505"},"modified":"2026-04-03T09:35:20","modified_gmt":"2026-04-03T09:35:20","slug":"skin-rescue-overnight-cream-mask","status":"publish","type":"product","link":"https:\/\/skinstudio.ee\/lv\/catalog\/genosys-lv\/skin-rescue-overnight-cream-mask\/","title":{"rendered":"Skin Rescue Overnight Cream Mask"},"content":{"rendered":"<p data-start=\"143\" data-end=\"417\"><strong data-start=\"143\" data-end=\"190\">Skin Rescue Overnight Cream Mask no Genosys<\/strong> ir atjaunojo\u0161a nakts kr\u0113m-maska intens\u012bvai noguru\u0161as un stresam pak\u013cautas \u0101das kop\u0161anai. L\u012bdzeklis darbojas \u0101das dabisk\u0101 nakts atjauno\u0161an\u0101s cikla laik\u0101, pal\u012bdzot \u0101dai no r\u012bta izskat\u012bties mitrin\u0101t\u0101kai, tvirt\u0101kai un atp\u016btu\u0161\u0101kai.<\/p>\n<p data-start=\"419\" data-end=\"647\">Kr\u0113m-maska pal\u012bdz uztur\u0113t optim\u0101lu mitruma l\u012bmeni, stiprina \u0101das aizsargbarjeru un samazina noguruma paz\u012bmes, tostarp piet\u016bkumu un diskomfortu. Viegl\u0101 kr\u0113m\u012bg\u0101 tekst\u016bra \u0101tri ies\u016bcas un neatst\u0101j taukainu vai lip\u012bgu saj\u016btu uz \u0101das.<\/p>\n<p data-start=\"649\" data-end=\"678\">Galven\u0101s akt\u012bv\u0101s sast\u0101vda\u013cas:<\/p>\n<ul data-start=\"679\" data-end=\"992\">\n<li data-start=\"679\" data-end=\"757\">\n<p data-start=\"681\" data-end=\"757\"><strong data-start=\"681\" data-end=\"713\">Sk\u0101bek\u013ca kapsulas un pept\u012bdi<\/strong> \u2013 atbalsta \u0101das atjauno\u0161anos un tvirtumu.<\/p>\n<\/li>\n<li data-start=\"758\" data-end=\"824\">\n<p data-start=\"760\" data-end=\"824\"><strong data-start=\"760\" data-end=\"775\">Niacinam\u012bds<\/strong> \u2013 pal\u012bdz uzlabot \u0101das toni un barjerfunkcijas.<\/p>\n<\/li>\n<li data-start=\"825\" data-end=\"917\">\n<p data-start=\"827\" data-end=\"917\"><strong data-start=\"827\" data-end=\"856\">Keram\u012bdi un roz\u0101 keram\u012bdi<\/strong> \u2013 stiprina \u0101das aizsargbarjeru un pal\u012bdz saglab\u0101t mitrumu.<\/p>\n<\/li>\n<li data-start=\"918\" data-end=\"992\">\n<p data-start=\"920\" data-end=\"992\"><strong data-start=\"920\" data-end=\"956\">Augu ekstraktu un e\u013c\u013cu komplekss<\/strong> \u2013 nomierina \u0101du un uzlabo komfortu.<\/p>\n<\/li>\n<\/ul>\n<p data-start=\"994\" data-end=\"1136\">Piem\u0113rota visiem \u0101das tipiem un jebkur\u0101 vecum\u0101, \u012bpa\u0161i noguru\u0161ai, dehidr\u0113tai un stres\u0113tai \u0101dai, kurai nepiecie\u0161ama intens\u012bva nakts atjauno\u0161ana.<\/p>\n<p data-start=\"1138\" data-end=\"1157\"><strong data-start=\"1138\" data-end=\"1150\">Tilpums:<\/strong> 100 ml<\/p>\n","protected":false},"excerpt":{"rendered":"<p data-start=\"1543\" data-end=\"1579\">Nakts kr\u0113m-maska intens\u012bvai kop\u0161anai<\/p>\n<h2 data-start=\"1581\" data-end=\"1636\"><strong data-start=\"1581\" data-end=\"1636\">\u012apa\u0161\u012bbas Genosys &#8211; Skin Rescue Overnight Cream Mask<\/strong><\/h2>\n<p data-start=\"1638\" data-end=\"1829\">\u2714\ufe0f Intens\u012bvi atjauno \u0101du nakts laik\u0101<br data-start=\"1674\" data-end=\"1677\" \/>\u2714\ufe0f Uzlabo \u0101das elast\u012bbu un tvirtumu<br data-start=\"1712\" data-end=\"1715\" \/>\u2714\ufe0f Mitrina un uztur \u0101das l\u012bdzsvaru<br data-start=\"1749\" data-end=\"1752\" \/>\u2714\ufe0f Stiprina \u0101das aizsargbarjeru efekt\u012bvi<br data-start=\"1792\" data-end=\"1795\" \/>\u2714\ufe0f Padara \u0101du gludu un atp\u016btu\u0161os<\/p>\n","protected":false},"featured_media":61581,"template":"","meta":[],"pwb-brand":[1241],"product_brand":[],"product_cat":[725,737,739],"product_tag":[],"giftcard-category":[],"class_list":{"0":"post-71505","1":"product","2":"type-product","3":"status-publish","4":"has-post-thumbnail","6":"pwb-brand-genosys-lv","7":"product_cat-maskas","8":"product_cat-mitrinasana","9":"product_cat-sausai-adai","11":"first","12":"instock","13":"taxable","14":"shipping-taxable","15":"purchasable","16":"product-type-simple"},"acf":[],"brands":[{"id":1241,"name":"Genosys","slug":"genosys-lv"}],"_links":{"self":[{"href":"https:\/\/skinstudio.ee\/lv\/wp-json\/wp\/v2\/product\/71505","targetHints":{"allow":["GET"]}}],"collection":[{"href":"https:\/\/skinstudio.ee\/lv\/wp-json\/wp\/v2\/product"}],"about":[{"href":"https:\/\/skinstudio.ee\/lv\/wp-json\/wp\/v2\/types\/product"}],"version-history":[{"count":1,"href":"https:\/\/skinstudio.ee\/lv\/wp-json\/wp\/v2\/product\/71505\/revisions"}],"predecessor-version":[{"id":71506,"href":"https:\/\/skinstudio.ee\/lv\/wp-json\/wp\/v2\/product\/71505\/revisions\/71506"}],"wp:featuredmedia":[{"embeddable":true,"href":"https:\/\/skinstudio.ee\/lv\/wp-json\/wp\/v2\/media\/61581"}],"wp:attachment":[{"href":"https:\/\/skinstudio.ee\/lv\/wp-json\/wp\/v2\/media?parent=71505"}],"wp:term":[{"taxonomy":"pwb-brand","embeddable":true,"href":"https:\/\/skinstudio.ee\/lv\/wp-json\/wp\/v2\/pwb-brand?post=71505"},{"taxonomy":"product_brand","embeddable":true,"href":"https:\/\/skinstudio.ee\/lv\/wp-json\/wp\/v2\/product_brand?post=71505"},{"taxonomy":"product_cat","embeddable":true,"href":"https:\/\/skinstudio.ee\/lv\/wp-json\/wp\/v2\/product_cat?post=71505"},{"taxonomy":"product_tag","embeddable":true,"href":"https:\/\/skinstudio.ee\/lv\/wp-json\/wp\/v2\/product_tag?post=71505"},{"taxonomy":"giftcard-category","embeddable":true,"href":"https:\/\/skinstudio.ee\/lv\/wp-json\/wp\/v2\/giftcard-category?post=71505"}],"curies":[{"name":"wp","href":"https:\/\/api.w.org\/{rel}","templated":true}]}}