{"id":71514,"date":"2024-11-22T20:19:54","date_gmt":"2024-11-22T20:19:54","guid":{"rendered":"https:\/\/skinstudio.ee\/?post_type=product&#038;p=71514"},"modified":"2026-04-03T09:35:20","modified_gmt":"2026-04-03T09:35:20","slug":"multi-vita-radiance-cream","status":"publish","type":"product","link":"https:\/\/skinstudio.ee\/lv\/catalog\/genosys-lv\/multi-vita-radiance-cream\/","title":{"rendered":"Multi Vita Radiance Cream"},"content":{"rendered":"<p data-start=\"166\" data-end=\"417\"><strong data-start=\"166\" data-end=\"206\">Multi Vita Radiance Cream no Genosys<\/strong> ir daudzfunkcion\u0101ls kr\u0113ms, kas paredz\u0113ts \u0101das aizsardz\u012bbai un t\u0101s dabisk\u0101 mirdzuma pastiprin\u0101\u0161anai. Formula pal\u012bdz uztur\u0113t optim\u0101lu mitruma l\u012bmeni, uzlabo \u0101das toni un aizsarg\u0101 \u0101du no apk\u0101rt\u0113j\u0101s vides ietekmes.<\/p>\n<p data-start=\"419\" data-end=\"628\">Kr\u0113ms baro un mitrina \u0101du, mazina bl\u0101vuma paz\u012bmes un veicina glud\u0101ku, vienm\u0113r\u012bg\u0101ku \u0101das izskatu. Antioksidat\u012bv\u0101 iedarb\u012bba pal\u012bdz aizkav\u0113t priek\u0161laic\u012bgu \u0101das noveco\u0161anos un saglab\u0101t vesel\u012bgu, starojo\u0161u izskatu.<\/p>\n<p data-start=\"630\" data-end=\"659\">Galven\u0101s akt\u012bv\u0101s sast\u0101vda\u013cas:<\/p>\n<ul data-start=\"660\" data-end=\"1063\">\n<li data-start=\"660\" data-end=\"744\">\n<p data-start=\"662\" data-end=\"744\"><strong data-start=\"662\" data-end=\"678\">Astaksant\u012bns<\/strong> \u2013 sp\u0113c\u012bgs antioksidants, kas aizsarg\u0101 \u0101du no oksidat\u012bv\u0101 stresa.<\/p>\n<\/li>\n<li data-start=\"745\" data-end=\"811\">\n<p data-start=\"747\" data-end=\"811\"><strong data-start=\"747\" data-end=\"769\">Vitam\u012bnu komplekss<\/strong> \u2013 atbalsta \u0101das vitalit\u0101ti un mirdzumu.<\/p>\n<\/li>\n<li data-start=\"812\" data-end=\"896\">\n<p data-start=\"814\" data-end=\"896\"><strong data-start=\"814\" data-end=\"832\">Gl\u00fckonolaktons<\/strong> \u2013 pal\u012bdz saglab\u0101t mitrumu un veicina maigu \u0101das atjauno\u0161anos.<\/p>\n<\/li>\n<li data-start=\"897\" data-end=\"984\">\n<p data-start=\"899\" data-end=\"984\"><strong data-start=\"899\" data-end=\"928\">Lakricas saknes ekstrakts<\/strong> \u2013 pal\u012bdz uzlabot \u0101das toni un samazin\u0101t nevienm\u0113r\u012bbu.<\/p>\n<\/li>\n<li data-start=\"985\" data-end=\"1063\">\n<p data-start=\"987\" data-end=\"1063\"><strong data-start=\"987\" data-end=\"1011\">Keram\u012bdi un skval\u0101ns<\/strong> \u2013 stiprina lip\u012bdu barjeru un nov\u0113r\u0161 mitruma zudumu.<\/p>\n<\/li>\n<\/ul>\n<p data-start=\"1065\" data-end=\"1222\">Piem\u0113rots visiem \u0101das tipiem, \u012bpa\u0161i bl\u0101vai, dehidr\u0113tai un nevienm\u0113r\u012bga to\u0146a \u0101dai, kurai nepiecie\u0161ama antioksidanta aizsardz\u012bba un ikdienas mirdzuma atbalsts.<\/p>\n<p data-start=\"1224\" data-end=\"1242\"><strong data-start=\"1224\" data-end=\"1236\">Tilpums:<\/strong> 50 ml<\/p>\n","protected":false},"excerpt":{"rendered":"<p data-start=\"1422\" data-end=\"1477\">Daudzfunkcion\u0101la kop\u0161ana \u0101das aizsardz\u012bbai un mirdzumam<\/p>\n<h2 data-start=\"1479\" data-end=\"1527\"><strong data-start=\"1479\" data-end=\"1527\">\u012apa\u0161\u012bbas Genosys &#8211; Multi Vita Radiance Cream<\/strong><\/h2>\n<p data-start=\"1529\" data-end=\"1722\">\u2714\ufe0f Intens\u012bvi mitrina un baro \u0101du<br data-start=\"1561\" data-end=\"1564\" \/>\u2714\ufe0f Nodro\u0161ina sp\u0113c\u012bgu antioksidantu aizsardz\u012bbu<br data-start=\"1610\" data-end=\"1613\" \/>\u2714\ufe0f Stiprina \u0101das aizsargbarjeru<br data-start=\"1644\" data-end=\"1647\" \/>\u2714\ufe0f Izl\u012bdzina \u0101das toni un mirdzumu<br data-start=\"1681\" data-end=\"1684\" \/>\u2714\ufe0f Atbalsta \u0101das tvirtumu un bl\u012bvumu<\/p>\n","protected":false},"featured_media":61586,"template":"","meta":[],"pwb-brand":[1241],"product_brand":[],"product_cat":[737,751,739],"product_tag":[],"giftcard-category":[],"class_list":{"0":"post-71514","1":"product","2":"type-product","3":"status-publish","4":"has-post-thumbnail","6":"pwb-brand-genosys-lv","7":"product_cat-mitrinasana","8":"product_cat-pigmentacija-lv","9":"product_cat-sausai-adai","11":"first","12":"instock","13":"taxable","14":"shipping-taxable","15":"purchasable","16":"product-type-simple"},"acf":[],"brands":[{"id":1241,"name":"Genosys","slug":"genosys-lv"}],"_links":{"self":[{"href":"https:\/\/skinstudio.ee\/lv\/wp-json\/wp\/v2\/product\/71514","targetHints":{"allow":["GET"]}}],"collection":[{"href":"https:\/\/skinstudio.ee\/lv\/wp-json\/wp\/v2\/product"}],"about":[{"href":"https:\/\/skinstudio.ee\/lv\/wp-json\/wp\/v2\/types\/product"}],"version-history":[{"count":1,"href":"https:\/\/skinstudio.ee\/lv\/wp-json\/wp\/v2\/product\/71514\/revisions"}],"predecessor-version":[{"id":71516,"href":"https:\/\/skinstudio.ee\/lv\/wp-json\/wp\/v2\/product\/71514\/revisions\/71516"}],"wp:featuredmedia":[{"embeddable":true,"href":"https:\/\/skinstudio.ee\/lv\/wp-json\/wp\/v2\/media\/61586"}],"wp:attachment":[{"href":"https:\/\/skinstudio.ee\/lv\/wp-json\/wp\/v2\/media?parent=71514"}],"wp:term":[{"taxonomy":"pwb-brand","embeddable":true,"href":"https:\/\/skinstudio.ee\/lv\/wp-json\/wp\/v2\/pwb-brand?post=71514"},{"taxonomy":"product_brand","embeddable":true,"href":"https:\/\/skinstudio.ee\/lv\/wp-json\/wp\/v2\/product_brand?post=71514"},{"taxonomy":"product_cat","embeddable":true,"href":"https:\/\/skinstudio.ee\/lv\/wp-json\/wp\/v2\/product_cat?post=71514"},{"taxonomy":"product_tag","embeddable":true,"href":"https:\/\/skinstudio.ee\/lv\/wp-json\/wp\/v2\/product_tag?post=71514"},{"taxonomy":"giftcard-category","embeddable":true,"href":"https:\/\/skinstudio.ee\/lv\/wp-json\/wp\/v2\/giftcard-category?post=71514"}],"curies":[{"name":"wp","href":"https:\/\/api.w.org\/{rel}","templated":true}]}}