{"id":71523,"date":"2024-11-22T20:15:50","date_gmt":"2024-11-22T20:15:50","guid":{"rendered":"https:\/\/skinstudio.ee\/?post_type=product&#038;p=71523"},"modified":"2026-04-03T09:35:20","modified_gmt":"2026-04-03T09:35:20","slug":"intensive-problem-control-cream","status":"publish","type":"product","link":"https:\/\/skinstudio.ee\/lv\/catalog\/genosys-lv\/intensive-problem-control-cream\/","title":{"rendered":"Intensive Problem Control Cream"},"content":{"rendered":"<p data-start=\"122\" data-end=\"396\"><strong data-start=\"122\" data-end=\"168\">Intensive Problem Control Cream no Genosys<\/strong> ir mat\u0113jo\u0161s kr\u0113ms ar antibakteri\u0101lu un sebuma regul\u0113jo\u0161u iedarb\u012bbu, kas paredz\u0113ts ikdienas kop\u0161anai problem\u0101tiskai \u0101dai. Formula pal\u012bdz samazin\u0101t iekaisumus, nov\u0113rst izsitumu veido\u0161anos un uzlabot aknei pak\u013cautas \u0101das st\u0101vokli.<\/p>\n<p data-start=\"398\" data-end=\"599\">Kr\u0113ms pal\u012bdz kontrol\u0113t taukainu sp\u012bdumu, uztur \u0101das komfortu un nov\u0113r\u0161 dehidrat\u0101ciju. Viegl\u0101 tekst\u016bra \u0101tri ies\u016bcas un nep\u0101rslogo \u0101du, padarot to piem\u0113rotu regul\u0101rai lieto\u0161anai ikdienas kop\u0161anas rut\u012bn\u0101.<\/p>\n<p data-start=\"601\" data-end=\"630\">Galven\u0101s akt\u012bv\u0101s sast\u0101vda\u013cas:<\/p>\n<ul data-start=\"631\" data-end=\"1023\">\n<li data-start=\"631\" data-end=\"718\">\n<p data-start=\"633\" data-end=\"718\"><strong data-start=\"633\" data-end=\"645\">Zinc PCA<\/strong> \u2013 pal\u012bdz regul\u0113t sebuma izdal\u012b\u0161anos un samazin\u0101t bakt\u0113riju aktivit\u0101ti.<\/p>\n<\/li>\n<li data-start=\"719\" data-end=\"792\">\n<p data-start=\"721\" data-end=\"792\"><strong data-start=\"721\" data-end=\"734\">Tregaloze<\/strong> \u2013 pal\u012bdz saglab\u0101t mitrumu un atbalsta \u0101das aizsardz\u012bbu.<\/p>\n<\/li>\n<li data-start=\"793\" data-end=\"883\">\n<p data-start=\"795\" data-end=\"883\"><strong data-start=\"795\" data-end=\"828\">Jap\u0101nas b\u0113rza mizas ekstrakts<\/strong> \u2013 pal\u012bdz mazin\u0101t iekaisumu un uzlabot \u0101das st\u0101vokli.<\/p>\n<\/li>\n<li data-start=\"884\" data-end=\"969\">\n<p data-start=\"886\" data-end=\"969\"><strong data-start=\"886\" data-end=\"924\">Laktobakt\u0113rijas \/ \u0137irbja ekstrakts<\/strong> \u2013 nomierina \u0101du un atbalsta t\u0101s l\u012bdzsvaru.<\/p>\n<\/li>\n<li data-start=\"970\" data-end=\"1023\">\n<p data-start=\"972\" data-end=\"1023\"><strong data-start=\"972\" data-end=\"985\">Pantenols<\/strong> \u2013 m\u012bkstina \u0101du un mazina kairin\u0101jumu.<\/p>\n<\/li>\n<\/ul>\n<p data-start=\"1025\" data-end=\"1124\">Piem\u0113rots taukainai, kombin\u0113tai un problem\u0101tiskai \u0101dai ar akni, iekaisumiem un noslieci uz sp\u012bdumu.<\/p>\n<p data-start=\"1126\" data-end=\"1144\"><strong data-start=\"1126\" data-end=\"1138\">Tilpums:<\/strong> 50 ml<\/p>\n","protected":false},"excerpt":{"rendered":"<p data-start=\"1263\" data-end=\"1297\">Mat\u0113jo\u0161s kr\u0113ms problem\u0101tiskai \u0101dai<\/p>\n<h2 data-start=\"1299\" data-end=\"1353\"><strong data-start=\"1299\" data-end=\"1353\">\u012apa\u0161\u012bbas Genosys &#8211; Intensive Problem Control Cream<\/strong><\/h2>\n<p data-start=\"1355\" data-end=\"1569\">\u2714\ufe0f Nodro\u0161ina antibakteri\u0101lu un pretiekaisuma iedarb\u012bbu<br data-start=\"1409\" data-end=\"1412\" \/>\u2714\ufe0f Regul\u0113 p\u0101rm\u0113r\u012bgu sebuma izdal\u012b\u0161anos<br data-start=\"1450\" data-end=\"1453\" \/>\u2714\ufe0f Samazina taukainu \u0101das sp\u012bdumu<br data-start=\"1486\" data-end=\"1489\" \/>\u2714\ufe0f Nomierina un m\u012bkstina problem\u0101tisku \u0101du<br data-start=\"1531\" data-end=\"1534\" \/>\u2714\ufe0f Uztur \u0101das mitrumu un komfortu<\/p>\n","protected":false},"featured_media":71524,"template":"","meta":[],"pwb-brand":[1241],"product_brand":[],"product_cat":[741,737,747],"product_tag":[],"giftcard-category":[],"class_list":{"0":"post-71523","1":"product","2":"type-product","3":"status-publish","4":"has-post-thumbnail","6":"pwb-brand-genosys-lv","7":"product_cat-izsitumi","8":"product_cat-mitrinasana","9":"product_cat-taukainai-adai","11":"first","12":"instock","13":"taxable","14":"shipping-taxable","15":"purchasable","16":"product-type-simple"},"acf":[],"brands":[{"id":1241,"name":"Genosys","slug":"genosys-lv"}],"_links":{"self":[{"href":"https:\/\/skinstudio.ee\/lv\/wp-json\/wp\/v2\/product\/71523","targetHints":{"allow":["GET"]}}],"collection":[{"href":"https:\/\/skinstudio.ee\/lv\/wp-json\/wp\/v2\/product"}],"about":[{"href":"https:\/\/skinstudio.ee\/lv\/wp-json\/wp\/v2\/types\/product"}],"version-history":[{"count":1,"href":"https:\/\/skinstudio.ee\/lv\/wp-json\/wp\/v2\/product\/71523\/revisions"}],"predecessor-version":[{"id":71525,"href":"https:\/\/skinstudio.ee\/lv\/wp-json\/wp\/v2\/product\/71523\/revisions\/71525"}],"wp:featuredmedia":[{"embeddable":true,"href":"https:\/\/skinstudio.ee\/lv\/wp-json\/wp\/v2\/media\/71524"}],"wp:attachment":[{"href":"https:\/\/skinstudio.ee\/lv\/wp-json\/wp\/v2\/media?parent=71523"}],"wp:term":[{"taxonomy":"pwb-brand","embeddable":true,"href":"https:\/\/skinstudio.ee\/lv\/wp-json\/wp\/v2\/pwb-brand?post=71523"},{"taxonomy":"product_brand","embeddable":true,"href":"https:\/\/skinstudio.ee\/lv\/wp-json\/wp\/v2\/product_brand?post=71523"},{"taxonomy":"product_cat","embeddable":true,"href":"https:\/\/skinstudio.ee\/lv\/wp-json\/wp\/v2\/product_cat?post=71523"},{"taxonomy":"product_tag","embeddable":true,"href":"https:\/\/skinstudio.ee\/lv\/wp-json\/wp\/v2\/product_tag?post=71523"},{"taxonomy":"giftcard-category","embeddable":true,"href":"https:\/\/skinstudio.ee\/lv\/wp-json\/wp\/v2\/giftcard-category?post=71523"}],"curies":[{"name":"wp","href":"https:\/\/api.w.org\/{rel}","templated":true}]}}