{"id":71534,"date":"2024-10-26T11:46:45","date_gmt":"2024-10-26T11:46:45","guid":{"rendered":"https:\/\/skinstudio.ee\/?post_type=product&#038;p=71534"},"modified":"2026-04-03T09:35:20","modified_gmt":"2026-04-03T09:35:20","slug":"egf-repair-oxymask-cream","status":"publish","type":"product","link":"https:\/\/skinstudio.ee\/lv\/catalog\/genosys-lv\/egf-repair-oxymask-cream\/","title":{"rendered":"EGF Repair OXYmask Cream"},"content":{"rendered":"<p data-start=\"140\" data-end=\"407\"><strong data-start=\"140\" data-end=\"179\">EGF Repair Oxymask Cream no Genosys<\/strong> ir ar sk\u0101bekli aktiviz\u0113jo\u0161a putojo\u0161a kr\u0113m-maska, kas paredz\u0113ta intens\u012bvai noguru\u0161as un stresam pak\u013cautas \u0101das atjauno\u0161anai. Lieto\u0161anas laik\u0101 maska aktiviz\u0113jas, pal\u012bdzot uzlabot \u0101das izskatu un atjaunot svaigu, koptu sejas toni.<\/p>\n<p data-start=\"409\" data-end=\"663\">Formula atbalsta \u0101das atjauno\u0161an\u0101s procesus, uzlabo \u0101das elast\u012bbu un pal\u012bdz samazin\u0101t noveco\u0161an\u0101s paz\u012bmju redzam\u012bbu. Sk\u0101bek\u013ca efekts uzlabo \u0101das komfortu un veicina atjauno\u0161anos, savuk\u0101rt barojo\u0161ie komponenti pal\u012bdz c\u012bn\u012bties ar sausumu un stresa paz\u012bm\u0113m.<\/p>\n<p data-start=\"665\" data-end=\"694\">Galven\u0101s akt\u012bv\u0101s sast\u0101vda\u013cas:<\/p>\n<ul data-start=\"695\" data-end=\"1037\">\n<li data-start=\"695\" data-end=\"760\">\n<p data-start=\"697\" data-end=\"760\"><strong data-start=\"697\" data-end=\"710\">Sk\u0101beklis<\/strong> \u2013 atbalsta \u0161\u016bnu vielmai\u0146u un \u0101das atjauno\u0161anos.<\/p>\n<\/li>\n<li data-start=\"761\" data-end=\"839\">\n<p data-start=\"763\" data-end=\"839\"><strong data-start=\"763\" data-end=\"789\">Aug\u0161anas faktori (EGF)<\/strong> \u2013 veicina \u0101das atjauno\u0161anos un uzlabo elast\u012bbu.<\/p>\n<\/li>\n<li data-start=\"840\" data-end=\"909\">\n<p data-start=\"842\" data-end=\"909\"><strong data-start=\"842\" data-end=\"863\">Pept\u012bdu komplekss<\/strong> \u2013 atbalsta kolag\u0113na un elast\u012bna veido\u0161anos.<\/p>\n<\/li>\n<li data-start=\"910\" data-end=\"982\">\n<p data-start=\"912\" data-end=\"982\"><strong data-start=\"912\" data-end=\"931\">Omega 6, 7 un 9<\/strong> \u2013 intens\u012bvi baro \u0101du un pal\u012bdz saglab\u0101t mitrumu.<\/p>\n<\/li>\n<li data-start=\"983\" data-end=\"1037\">\n<p data-start=\"985\" data-end=\"1037\"><strong data-start=\"985\" data-end=\"1005\">Barojo\u0161ie lip\u012bdi<\/strong> \u2013 atbalsta \u0101das aizsargbarjeru.<\/p>\n<\/li>\n<\/ul>\n<p data-start=\"1039\" data-end=\"1185\">Piem\u0113rota visiem \u0101das tipiem, \u012bpa\u0161i noguru\u0161ai, dehidr\u0113tai \u0101dai un \u0101dai ar izteikt\u0101m noveco\u0161an\u0101s paz\u012bm\u0113m, kurai nepiecie\u0161ama intens\u012bva atjauno\u0161ana.<\/p>\n<p data-start=\"1187\" data-end=\"1204\"><strong data-start=\"1187\" data-end=\"1199\">Tilpums:<\/strong> 50 g<\/p>\n","protected":false},"excerpt":{"rendered":"<p data-start=\"1539\" data-end=\"1576\">Putojo\u0161a kr\u0113m-maska \u0101das atjauno\u0161anai<\/p>\n<h2 data-start=\"1578\" data-end=\"1625\"><strong data-start=\"1578\" data-end=\"1625\">\u012apa\u0161\u012bbas Genosys &#8211; EGF Repair Oxymask Cream<\/strong><\/h2>\n<p data-start=\"1627\" data-end=\"1813\">\u2714\ufe0f Akt\u012bvi c\u012bn\u0101s ar noveco\u0161an\u0101s paz\u012bm\u0113m<br data-start=\"1665\" data-end=\"1668\" \/>\u2714\ufe0f Uzlabo \u0101das elast\u012bbu un tvirtumu<br data-start=\"1703\" data-end=\"1706\" \/>\u2714\ufe0f Intens\u012bvi baro un mitrina \u0101du<br data-start=\"1738\" data-end=\"1741\" \/>\u2714\ufe0f Atbalsta \u0101das atjauno\u0161an\u0101s procesus<br data-start=\"1779\" data-end=\"1782\" \/>\u2714\ufe0f Uzlabo \u0101das kop\u0113jo izskatu<\/p>\n","protected":false},"featured_media":71535,"template":"","meta":[],"pwb-brand":[1241],"product_brand":[],"product_cat":[745,725,737,749,739],"product_tag":[],"giftcard-category":[],"class_list":{"0":"post-71534","1":"product","2":"type-product","3":"status-publish","4":"has-post-thumbnail","6":"pwb-brand-genosys-lv","7":"product_cat-jutigai-adai","8":"product_cat-maskas","9":"product_cat-mitrinasana","10":"product_cat-novecojosa-ada","11":"product_cat-sausai-adai","13":"first","14":"instock","15":"taxable","16":"shipping-taxable","17":"purchasable","18":"product-type-simple"},"acf":[],"brands":[{"id":1241,"name":"Genosys","slug":"genosys-lv"}],"_links":{"self":[{"href":"https:\/\/skinstudio.ee\/lv\/wp-json\/wp\/v2\/product\/71534","targetHints":{"allow":["GET"]}}],"collection":[{"href":"https:\/\/skinstudio.ee\/lv\/wp-json\/wp\/v2\/product"}],"about":[{"href":"https:\/\/skinstudio.ee\/lv\/wp-json\/wp\/v2\/types\/product"}],"version-history":[{"count":1,"href":"https:\/\/skinstudio.ee\/lv\/wp-json\/wp\/v2\/product\/71534\/revisions"}],"predecessor-version":[{"id":71536,"href":"https:\/\/skinstudio.ee\/lv\/wp-json\/wp\/v2\/product\/71534\/revisions\/71536"}],"wp:featuredmedia":[{"embeddable":true,"href":"https:\/\/skinstudio.ee\/lv\/wp-json\/wp\/v2\/media\/71535"}],"wp:attachment":[{"href":"https:\/\/skinstudio.ee\/lv\/wp-json\/wp\/v2\/media?parent=71534"}],"wp:term":[{"taxonomy":"pwb-brand","embeddable":true,"href":"https:\/\/skinstudio.ee\/lv\/wp-json\/wp\/v2\/pwb-brand?post=71534"},{"taxonomy":"product_brand","embeddable":true,"href":"https:\/\/skinstudio.ee\/lv\/wp-json\/wp\/v2\/product_brand?post=71534"},{"taxonomy":"product_cat","embeddable":true,"href":"https:\/\/skinstudio.ee\/lv\/wp-json\/wp\/v2\/product_cat?post=71534"},{"taxonomy":"product_tag","embeddable":true,"href":"https:\/\/skinstudio.ee\/lv\/wp-json\/wp\/v2\/product_tag?post=71534"},{"taxonomy":"giftcard-category","embeddable":true,"href":"https:\/\/skinstudio.ee\/lv\/wp-json\/wp\/v2\/giftcard-category?post=71534"}],"curies":[{"name":"wp","href":"https:\/\/api.w.org\/{rel}","templated":true}]}}