{"id":71543,"date":"2024-10-26T11:23:51","date_gmt":"2024-10-26T11:23:51","guid":{"rendered":"https:\/\/skinstudio.ee\/?post_type=product&#038;p=71543"},"modified":"2026-04-03T09:35:20","modified_gmt":"2026-04-03T09:35:20","slug":"microbiome-energy-infusing-mist","status":"publish","type":"product","link":"https:\/\/skinstudio.ee\/lv\/catalog\/genosys-lv\/microbiome-energy-infusing-mist\/","title":{"rendered":"Microbiome Energy Infusing Mist"},"content":{"rendered":"<div class=\"product-info__desc\">\n<p data-start=\"140\" data-end=\"436\"><strong data-start=\"140\" data-end=\"186\">Microbiome Energy Infusing Mist no Genosys<\/strong> ir mitrino\u0161s sejas mists, kas paredz\u0113ts \u0101das mikrobiooma atjauno\u0161anai un aizsargfunkciju stiprin\u0101\u0161anai. Pre- un probiotiku komplekss pal\u012bdz l\u012bdzsvarot \u0101das mikrofloru, savuk\u0101rt hialuronsk\u0101bju komplekss atjauno mitruma l\u012bmeni un uzlabo \u0101das komfortu.<\/p>\n<p data-start=\"438\" data-end=\"654\">Mists atsvaidzina \u0101du, pal\u012bdz uztur\u0113t optim\u0101lu mitruma l\u012bmeni un mazina stresa, sausuma un diskomforta paz\u012bmes. Smalka izsmidzin\u0101\u0161ana \u013cauj l\u012bdzekli lietot visas dienas garum\u0101, ar\u012b virs grima un saus\u0101 iek\u0161telpu gais\u0101.<\/p>\n<p data-start=\"656\" data-end=\"685\">Galven\u0101s akt\u012bv\u0101s sast\u0101vda\u013cas:<\/p>\n<ul data-start=\"686\" data-end=\"1058\">\n<li data-start=\"686\" data-end=\"759\">\n<p data-start=\"688\" data-end=\"759\"><strong data-start=\"688\" data-end=\"711\">Pre- un probiotikas<\/strong> \u2013 pal\u012bdz atjaunot \u0101das mikrobiooma l\u012bdzsvaru.<\/p>\n<\/li>\n<li data-start=\"760\" data-end=\"838\">\n<p data-start=\"762\" data-end=\"838\"><strong data-start=\"762\" data-end=\"793\">10 hialuronsk\u0101bju komplekss<\/strong> \u2013 nodro\u0161ina daudzpak\u0101pju \u0101das mitrin\u0101\u0161anu.<\/p>\n<\/li>\n<li data-start=\"839\" data-end=\"922\">\n<p data-start=\"841\" data-end=\"922\"><strong data-start=\"841\" data-end=\"883\">Mitrino\u0161ie un aizsarg\u0101jo\u0161ie komponenti<\/strong> \u2013 atbalsta \u0101das barjeru un komfortu.<\/p>\n<\/li>\n<li data-start=\"923\" data-end=\"986\">\n<p data-start=\"925\" data-end=\"986\"><strong data-start=\"925\" data-end=\"952\">Nomierino\u0161ie komponenti<\/strong> \u2013 pal\u012bdz mazin\u0101t \u0101das jut\u012bgumu.<\/p>\n<\/li>\n<li data-start=\"987\" data-end=\"1058\">\n<p data-start=\"989\" data-end=\"1058\"><strong data-start=\"989\" data-end=\"1006\">Antioksidanti<\/strong> \u2013 pal\u012bdz aizsarg\u0101t \u0101du no \u0101r\u0113jiem stresa faktoriem.<\/p>\n<\/li>\n<\/ul>\n<p data-start=\"1060\" data-end=\"1294\">Piem\u0113rots visiem \u0101das tipiem, tostarp jut\u012bgai, dehidr\u0113tai, taukainai un stres\u0113tai \u0101dai, k\u0101 ar\u012b \u0101dai ar trauc\u0113tu mikrobioomu vai p\u0113c agres\u012bv\u0101m proced\u016br\u0101m. Piem\u0113rots \u0101das sagatavo\u0161anai pirms grima un grima atsvaidzin\u0101\u0161anai dienas laik\u0101.<\/p>\n<p data-start=\"1296\" data-end=\"1314\"><strong data-start=\"1296\" data-end=\"1308\">Tilpums:<\/strong> 80 ml<\/p>\n<\/div>\n","protected":false},"excerpt":{"rendered":"<p data-start=\"1498\" data-end=\"1543\">Mitrino\u0161s mists \u0101das mikrobiooma atjauno\u0161anai<\/p>\n<h2 data-start=\"1545\" data-end=\"1599\"><strong data-start=\"1545\" data-end=\"1599\">\u012apa\u0161\u012bbas Genosys &#8211; Microbiome Energy Infusing Mist<\/strong><\/h2>\n<p data-start=\"1601\" data-end=\"1798\">\u2714\ufe0f Intens\u012bvi mitrina un uztur mitrumu<br data-start=\"1638\" data-end=\"1641\" \/>\u2714\ufe0f Stiprina un aizsarg\u0101 \u0101das barjeru<br data-start=\"1677\" data-end=\"1680\" \/>\u2714\ufe0f Nomierina un samazina \u0101das jut\u012bgumu<br data-start=\"1718\" data-end=\"1721\" \/>\u2714\ufe0f Atbalsta \u0101das mikrobiooma l\u012bdzsvaru<br data-start=\"1759\" data-end=\"1762\" \/>\u2714\ufe0f Atsvaidzina \u0101du un grimu uzreiz<\/p>\n","protected":false},"featured_media":71544,"template":"","meta":[],"pwb-brand":[1241],"product_brand":[],"product_cat":[770,745,737,739,721],"product_tag":[],"giftcard-category":[],"class_list":{"0":"post-71543","1":"product","2":"type-product","3":"status-publish","4":"has-post-thumbnail","6":"pwb-brand-genosys-lv","7":"product_cat-grims","8":"product_cat-jutigai-adai","9":"product_cat-mitrinasana","10":"product_cat-sausai-adai","11":"product_cat-toniki-lv","13":"first","14":"instock","15":"taxable","16":"shipping-taxable","17":"purchasable","18":"product-type-simple"},"acf":[],"brands":[{"id":1241,"name":"Genosys","slug":"genosys-lv"}],"_links":{"self":[{"href":"https:\/\/skinstudio.ee\/lv\/wp-json\/wp\/v2\/product\/71543","targetHints":{"allow":["GET"]}}],"collection":[{"href":"https:\/\/skinstudio.ee\/lv\/wp-json\/wp\/v2\/product"}],"about":[{"href":"https:\/\/skinstudio.ee\/lv\/wp-json\/wp\/v2\/types\/product"}],"version-history":[{"count":1,"href":"https:\/\/skinstudio.ee\/lv\/wp-json\/wp\/v2\/product\/71543\/revisions"}],"predecessor-version":[{"id":71545,"href":"https:\/\/skinstudio.ee\/lv\/wp-json\/wp\/v2\/product\/71543\/revisions\/71545"}],"wp:featuredmedia":[{"embeddable":true,"href":"https:\/\/skinstudio.ee\/lv\/wp-json\/wp\/v2\/media\/71544"}],"wp:attachment":[{"href":"https:\/\/skinstudio.ee\/lv\/wp-json\/wp\/v2\/media?parent=71543"}],"wp:term":[{"taxonomy":"pwb-brand","embeddable":true,"href":"https:\/\/skinstudio.ee\/lv\/wp-json\/wp\/v2\/pwb-brand?post=71543"},{"taxonomy":"product_brand","embeddable":true,"href":"https:\/\/skinstudio.ee\/lv\/wp-json\/wp\/v2\/product_brand?post=71543"},{"taxonomy":"product_cat","embeddable":true,"href":"https:\/\/skinstudio.ee\/lv\/wp-json\/wp\/v2\/product_cat?post=71543"},{"taxonomy":"product_tag","embeddable":true,"href":"https:\/\/skinstudio.ee\/lv\/wp-json\/wp\/v2\/product_tag?post=71543"},{"taxonomy":"giftcard-category","embeddable":true,"href":"https:\/\/skinstudio.ee\/lv\/wp-json\/wp\/v2\/giftcard-category?post=71543"}],"curies":[{"name":"wp","href":"https:\/\/api.w.org\/{rel}","templated":true}]}}