{"id":71553,"date":"2024-10-26T11:02:38","date_gmt":"2024-10-26T11:02:38","guid":{"rendered":"https:\/\/skinstudio.ee\/?post_type=product&#038;p=71553"},"modified":"2026-04-03T09:35:20","modified_gmt":"2026-04-03T09:35:20","slug":"ultra-shield-sun-cream","status":"publish","type":"product","link":"https:\/\/skinstudio.ee\/lv\/catalog\/genosys-lv\/ultra-shield-sun-cream\/","title":{"rendered":"Ultra Shield Sun Cream"},"content":{"rendered":"<p data-start=\"140\" data-end=\"427\"><strong data-start=\"140\" data-end=\"177\">Ultra Shield Sun Cream no Genosys<\/strong> ir \u012bpa\u0161i augstas aizsardz\u012bbas saules aizsargkr\u0113ms ikdienas lieto\u0161anai saules ietekm\u0113. Inovat\u012bv\u0101 formula nodro\u0161ina uzticamu pla\u0161a spektra aizsardz\u012bbu pret UVA un UVB starojumu, vienlaikus atbalstot \u0101du saules izrais\u012bta stresa un kairin\u0101juma gad\u012bjum\u0101.<\/p>\n<p data-start=\"429\" data-end=\"708\">Kr\u0113ms pal\u012bdz mazin\u0101t iekaisumu, veicina \u0101das atjauno\u0161anos p\u0113c saules iedarb\u012bbas un stiprina \u0101das aizsargfunkcijas. Viegl\u0101, z\u012bdain\u0101 tekst\u016bra vienm\u0113r\u012bgi kl\u0101jas, \u0101tri ies\u016bcas un neatst\u0101j taukainu pl\u0113vi, padarot produktu piem\u0113rotu gan pils\u0113tas videi, gan ilgsto\u0161ai uztur\u0113\u0161an\u0101s saul\u0113.<\/p>\n<p data-start=\"710\" data-end=\"739\">Galven\u0101s akt\u012bv\u0101s sast\u0101vda\u013cas:<\/p>\n<ul data-start=\"740\" data-end=\"1104\">\n<li data-start=\"740\" data-end=\"803\">\n<p data-start=\"742\" data-end=\"803\"><strong data-start=\"742\" data-end=\"757\">Keram\u012bds NP<\/strong> \u2013 stiprina \u0101das barjeru un mazina jut\u012bgumu.<\/p>\n<\/li>\n<li data-start=\"804\" data-end=\"873\">\n<p data-start=\"806\" data-end=\"873\"><strong data-start=\"806\" data-end=\"824\">Augu ekstrakti<\/strong> \u2013 nomierina \u0101du un pal\u012bdz mazin\u0101t kairin\u0101jumu.<\/p>\n<\/li>\n<li data-start=\"874\" data-end=\"959\">\n<p data-start=\"876\" data-end=\"959\"><strong data-start=\"876\" data-end=\"914\">Tropiskais antioksidantu komplekss<\/strong> \u2013 pal\u012bdz aizsarg\u0101t \u0101du no fotonoveco\u0161an\u0101s.<\/p>\n<\/li>\n<li data-start=\"960\" data-end=\"1032\">\n<p data-start=\"962\" data-end=\"1032\"><strong data-start=\"962\" data-end=\"1004\">\u012apa\u0161i zemas molekulmasas hialuronsk\u0101be<\/strong> \u2013 uztur \u0101das mitrin\u0101jumu.<\/p>\n<\/li>\n<li data-start=\"1033\" data-end=\"1104\">\n<p data-start=\"1035\" data-end=\"1104\"><strong data-start=\"1035\" data-end=\"1060\">Laktobacillu ferments<\/strong> \u2013 veicina \u0101das atjauno\u0161anos un aizsardz\u012bbu.<\/p>\n<\/li>\n<\/ul>\n<p data-start=\"1106\" data-end=\"1275\">Piem\u0113rots visiem \u0101das tipiem, tostarp jut\u012bgai un uz kairin\u0101jumu tend\u0113tai \u0101dai, k\u0101 ar\u012b \u0101dai, kas pak\u013cauta saules stresam un dehidrat\u0101cijai. Piem\u0113rots ikdienas lieto\u0161anai.<\/p>\n<p data-start=\"1277\" data-end=\"1295\"><strong data-start=\"1277\" data-end=\"1289\">Tilpums:<\/strong> 50 ml<\/p>\n","protected":false},"excerpt":{"rendered":"<p data-start=\"1460\" data-end=\"1514\">\u012apa\u0161i augstas aizsardz\u012bbas saules kr\u0113ms SPF 50+ PA++++<\/p>\n<h2 data-start=\"1516\" data-end=\"1561\"><strong data-start=\"1516\" data-end=\"1561\">\u012apa\u0161\u012bbas Genosys &#8211; Ultra Shield Sun Cream<\/strong><\/h2>\n<p data-start=\"1563\" data-end=\"1766\">\u2714\ufe0f Nodro\u0161ina pla\u0161a spektra UVA\/UVB aizsardz\u012bbu<br data-start=\"1609\" data-end=\"1612\" \/>\u2714\ufe0f Pal\u012bdz mazin\u0101t iekaisumu un diskomfortu<br data-start=\"1654\" data-end=\"1657\" \/>\u2714\ufe0f Atbalsta \u0101das atjauno\u0161anos p\u0113c saules<br data-start=\"1697\" data-end=\"1700\" \/>\u2714\ufe0f Stiprina \u0101das aizsargbarjeru<br data-start=\"1731\" data-end=\"1734\" \/>\u2714\ufe0f Viegl\u0101, netaukain\u0101 tekst\u016bra<\/p>\n","protected":false},"featured_media":71554,"template":"","meta":[],"pwb-brand":[1241],"product_brand":[],"product_cat":[731],"product_tag":[],"giftcard-category":[],"class_list":{"0":"post-71553","1":"product","2":"type-product","3":"status-publish","4":"has-post-thumbnail","6":"pwb-brand-genosys-lv","7":"product_cat-spf-aizsardziba","9":"first","10":"instock","11":"taxable","12":"shipping-taxable","13":"purchasable","14":"product-type-simple"},"acf":[],"brands":[{"id":1241,"name":"Genosys","slug":"genosys-lv"}],"_links":{"self":[{"href":"https:\/\/skinstudio.ee\/lv\/wp-json\/wp\/v2\/product\/71553","targetHints":{"allow":["GET"]}}],"collection":[{"href":"https:\/\/skinstudio.ee\/lv\/wp-json\/wp\/v2\/product"}],"about":[{"href":"https:\/\/skinstudio.ee\/lv\/wp-json\/wp\/v2\/types\/product"}],"version-history":[{"count":1,"href":"https:\/\/skinstudio.ee\/lv\/wp-json\/wp\/v2\/product\/71553\/revisions"}],"predecessor-version":[{"id":71555,"href":"https:\/\/skinstudio.ee\/lv\/wp-json\/wp\/v2\/product\/71553\/revisions\/71555"}],"wp:featuredmedia":[{"embeddable":true,"href":"https:\/\/skinstudio.ee\/lv\/wp-json\/wp\/v2\/media\/71554"}],"wp:attachment":[{"href":"https:\/\/skinstudio.ee\/lv\/wp-json\/wp\/v2\/media?parent=71553"}],"wp:term":[{"taxonomy":"pwb-brand","embeddable":true,"href":"https:\/\/skinstudio.ee\/lv\/wp-json\/wp\/v2\/pwb-brand?post=71553"},{"taxonomy":"product_brand","embeddable":true,"href":"https:\/\/skinstudio.ee\/lv\/wp-json\/wp\/v2\/product_brand?post=71553"},{"taxonomy":"product_cat","embeddable":true,"href":"https:\/\/skinstudio.ee\/lv\/wp-json\/wp\/v2\/product_cat?post=71553"},{"taxonomy":"product_tag","embeddable":true,"href":"https:\/\/skinstudio.ee\/lv\/wp-json\/wp\/v2\/product_tag?post=71553"},{"taxonomy":"giftcard-category","embeddable":true,"href":"https:\/\/skinstudio.ee\/lv\/wp-json\/wp\/v2\/giftcard-category?post=71553"}],"curies":[{"name":"wp","href":"https:\/\/api.w.org\/{rel}","templated":true}]}}