{"id":71565,"date":"2023-07-18T11:41:07","date_gmt":"2023-07-18T11:41:07","guid":{"rendered":"https:\/\/skinstudio.ee\/?post_type=product&#038;p=71565"},"modified":"2026-04-03T09:35:21","modified_gmt":"2026-04-03T09:35:21","slug":"skin-caring-blemish-balm-cushion","status":"publish","type":"product","link":"https:\/\/skinstudio.ee\/lv\/catalog\/genosys-lv\/skin-caring-blemish-balm-cushion\/","title":{"rendered":"Skin Caring Blemish Balm Cushion"},"content":{"rendered":"<p data-start=\"132\" data-end=\"407\"><strong data-start=\"132\" data-end=\"179\">Skin Caring Blemish Balm Cushion no Genosys<\/strong> ir kopjo\u0161s BB-kushons ar ton\u0113jo\u0161u efektu un augstu saules aizsardz\u012bbu SPF 50 \/ PA++++. L\u012bdzeklis apvieno \u0101das kop\u0161anu, grimu un UV aizsardz\u012bbu, pal\u012bdzot izl\u012bdzin\u0101t \u0101das toni, nosl\u0113pt nepiln\u012bbas un rad\u012bt dabisku, svaigu izskatu.<\/p>\n<p data-start=\"409\" data-end=\"674\">Formula 60 % apjom\u0101 sast\u0101v no mitrino\u0161as esences, kas pal\u012bdz saglab\u0101t \u0101das komfortu visas dienas garum\u0101 un samazin\u0101t transepiderm\u0101lo mitruma zudumu. BB-kushonam piem\u012bt antibakteri\u0101la iedarb\u012bba, tas nomierina \u0101du un nodro\u0161ina koptu izskatu bez smagn\u0113ja grima efekta.<\/p>\n<p data-start=\"676\" data-end=\"705\">Galven\u0101s akt\u012bv\u0101s sast\u0101vda\u013cas:<\/p>\n<ul data-start=\"706\" data-end=\"1077\">\n<li data-start=\"706\" data-end=\"775\">\n<p data-start=\"708\" data-end=\"775\"><strong data-start=\"708\" data-end=\"731\">9 pept\u012bdu komplekss<\/strong> \u2013 atbalsta \u0101das tvirtumu un atjauno\u0161anos.<\/p>\n<\/li>\n<li data-start=\"776\" data-end=\"857\">\n<p data-start=\"778\" data-end=\"857\"><strong data-start=\"778\" data-end=\"812\">Volufiline\u2122 anti-age komplekss<\/strong> \u2013 pal\u012bdz uzlabot dermas bl\u012bvumu un apjomu.<\/p>\n<\/li>\n<li data-start=\"858\" data-end=\"920\">\n<p data-start=\"860\" data-end=\"920\"><strong data-start=\"860\" data-end=\"880\">Mitrino\u0161a esence<\/strong> \u2013 uztur optim\u0101lu \u0101das mitruma l\u012bmeni.<\/p>\n<\/li>\n<li data-start=\"921\" data-end=\"992\">\n<p data-start=\"923\" data-end=\"992\"><strong data-start=\"923\" data-end=\"950\">Re\u0123ener\u0113jo\u0161i komponenti<\/strong> \u2013 veicina \u0101das atjauno\u0161anos p\u0113c stresa.<\/p>\n<\/li>\n<li data-start=\"993\" data-end=\"1077\">\n<p data-start=\"995\" data-end=\"1077\"><strong data-start=\"995\" data-end=\"1022\">Aizsarg\u0101jo\u0161i komponenti<\/strong> \u2013 pal\u012bdz samazin\u0101t mitruma zudumu un stiprina barjeru.<\/p>\n<\/li>\n<\/ul>\n<p data-start=\"1079\" data-end=\"1248\">Piem\u0113rots visiem \u0101das tipiem, tostarp jut\u012bgai \u0101dai un \u0101dai p\u0113c traum\u0113jo\u0161\u0101m kosm\u0113tisk\u0101m proced\u016br\u0101m, k\u0101 ar\u012b \u0101dai ar aps\u0101rtumu, nevienm\u0113r\u012bgu toni un dehidrat\u0101cijas paz\u012bm\u0113m.<\/p>\n<p data-start=\"1250\" data-end=\"1308\"><strong data-start=\"1250\" data-end=\"1265\">Topeltmaht:<\/strong> produkts + uzpildes iepakojums 15 g<\/p>\n","protected":false},"excerpt":{"rendered":"<p data-start=\"1470\" data-end=\"1507\">Kopjo\u0161s BB-kushons ar ton\u0113jo\u0161u efektu<\/p>\n<h2 data-start=\"1509\" data-end=\"1564\"><strong data-start=\"1509\" data-end=\"1564\">\u012apa\u0161\u012bbas Genosys &#8211; Skin Caring Blemish Balm Cushion<\/strong><\/h2>\n<p data-start=\"1566\" data-end=\"1760\">\u2714\ufe0f Apvieno kop\u0161anu, grimu un SPF<br data-start=\"1598\" data-end=\"1601\" \/>\u2714\ufe0f Izl\u012bdzina \u0101das toni un mask\u0113 nepiln\u012bbas<br data-start=\"1643\" data-end=\"1646\" \/>\u2714\ufe0f Intens\u012bvi mitrina un kopj \u0101du<br data-start=\"1678\" data-end=\"1681\" \/>\u2714\ufe0f Piem\u0113rots lieto\u0161anai p\u0113c proced\u016br\u0101m<br data-start=\"1719\" data-end=\"1722\" \/>\u2714\ufe0f Nomierina \u0101du un mazina aps\u0101rtumu<\/p>\n","protected":false},"featured_media":71567,"template":"","meta":[],"pwb-brand":[1241],"product_brand":[],"product_cat":[764,770,737,731],"product_tag":[],"giftcard-category":[],"class_list":{"0":"post-71565","1":"product","2":"type-product","3":"status-publish","4":"has-post-thumbnail","6":"pwb-brand-genosys-lv","7":"product_cat-davanu-ideja","8":"product_cat-grims","9":"product_cat-mitrinasana","10":"product_cat-spf-aizsardziba","11":"pa_suurus-beige-lv","12":"pa_suurus-camel-lv","13":"pa_suurus-ivory-lv","15":"first","16":"instock","17":"taxable","18":"shipping-taxable","19":"purchasable","20":"product-type-variable"},"acf":[],"brands":[{"id":1241,"name":"Genosys","slug":"genosys-lv"}],"_links":{"self":[{"href":"https:\/\/skinstudio.ee\/lv\/wp-json\/wp\/v2\/product\/71565","targetHints":{"allow":["GET"]}}],"collection":[{"href":"https:\/\/skinstudio.ee\/lv\/wp-json\/wp\/v2\/product"}],"about":[{"href":"https:\/\/skinstudio.ee\/lv\/wp-json\/wp\/v2\/types\/product"}],"version-history":[{"count":1,"href":"https:\/\/skinstudio.ee\/lv\/wp-json\/wp\/v2\/product\/71565\/revisions"}],"predecessor-version":[{"id":71571,"href":"https:\/\/skinstudio.ee\/lv\/wp-json\/wp\/v2\/product\/71565\/revisions\/71571"}],"wp:featuredmedia":[{"embeddable":true,"href":"https:\/\/skinstudio.ee\/lv\/wp-json\/wp\/v2\/media\/71567"}],"wp:attachment":[{"href":"https:\/\/skinstudio.ee\/lv\/wp-json\/wp\/v2\/media?parent=71565"}],"wp:term":[{"taxonomy":"pwb-brand","embeddable":true,"href":"https:\/\/skinstudio.ee\/lv\/wp-json\/wp\/v2\/pwb-brand?post=71565"},{"taxonomy":"product_brand","embeddable":true,"href":"https:\/\/skinstudio.ee\/lv\/wp-json\/wp\/v2\/product_brand?post=71565"},{"taxonomy":"product_cat","embeddable":true,"href":"https:\/\/skinstudio.ee\/lv\/wp-json\/wp\/v2\/product_cat?post=71565"},{"taxonomy":"product_tag","embeddable":true,"href":"https:\/\/skinstudio.ee\/lv\/wp-json\/wp\/v2\/product_tag?post=71565"},{"taxonomy":"giftcard-category","embeddable":true,"href":"https:\/\/skinstudio.ee\/lv\/wp-json\/wp\/v2\/giftcard-category?post=71565"}],"curies":[{"name":"wp","href":"https:\/\/api.w.org\/{rel}","templated":true}]}}