{"id":71582,"date":"2023-05-24T17:57:18","date_gmt":"2023-05-24T17:57:18","guid":{"rendered":"https:\/\/skinstudio.ee\/?post_type=product&#038;p=71582"},"modified":"2026-04-03T09:35:21","modified_gmt":"2026-04-03T09:35:21","slug":"soothing-bomb-sea-aglae-mask","status":"publish","type":"product","link":"https:\/\/skinstudio.ee\/lv\/catalog\/genosys-lv\/soothing-bomb-sea-aglae-mask\/","title":{"rendered":"Soothing Bomb Sea Aglae Mask"},"content":{"rendered":"<p data-start=\"95\" data-end=\"369\"><strong data-start=\"95\" data-end=\"138\">Soothing Bomb Sea Aglae Mask no Genosys<\/strong> ir auduma sejas maska ar j\u016bras a\u013c\u0123\u0113m, kas paredz\u0113ta \u0101trai \u0101das atjauno\u0161anai, intens\u012bvai mitrin\u0101\u0161anai un nomierino\u0161ai kop\u0161anai. Formula pal\u012bdz atjaunot mitruma l\u012bmeni, samazin\u0101t aps\u0101rtumu un pie\u0161\u0137irt \u0101dai svaigu, atp\u016btu\u0161os izskatu.<\/p>\n<p data-start=\"371\" data-end=\"556\">Maska cie\u0161i piegu\u013c \u0101dai, nesl\u012bd un nerada diskomfortu, nodro\u0161inot \u0113rtu lieto\u0161anu jebkur\u0101 laik\u0101. T\u0101 veicina \u0101das detoksik\u0101ciju, stiprina aizsargfunkcijas un uzlabo \u0101das toni un tekst\u016bru.<\/p>\n<p data-start=\"558\" data-end=\"587\">Galven\u0101s akt\u012bv\u0101s sast\u0101vda\u013cas:<\/p>\n<ul data-start=\"588\" data-end=\"919\">\n<li data-start=\"588\" data-end=\"661\">\n<p data-start=\"590\" data-end=\"661\"><strong data-start=\"590\" data-end=\"614\">J\u016bras a\u013c\u0123u ekstrakts<\/strong> \u2013 pies\u0101tina \u0101du ar mitrumu un miner\u0101lviel\u0101m.<\/p>\n<\/li>\n<li data-start=\"662\" data-end=\"733\">\n<p data-start=\"664\" data-end=\"733\"><strong data-start=\"664\" data-end=\"690\">Jania Rubens ekstrakts<\/strong> \u2013 atbalsta \u0101das mitrin\u0101\u0161anu un baro\u0161anu.<\/p>\n<\/li>\n<li data-start=\"734\" data-end=\"810\">\n<p data-start=\"736\" data-end=\"810\"><strong data-start=\"736\" data-end=\"769\">Undaria Pinnatifida ekstrakts<\/strong> \u2013 nodro\u0161ina antioksidantu aizsardz\u012bbu.<\/p>\n<\/li>\n<li data-start=\"811\" data-end=\"870\">\n<p data-start=\"813\" data-end=\"870\"><strong data-start=\"813\" data-end=\"831\">Augu ekstrakti<\/strong> \u2013 pal\u012bdz nomierin\u0101t un atjaunot \u0101du.<\/p>\n<\/li>\n<li data-start=\"871\" data-end=\"919\">\n<p data-start=\"873\" data-end=\"919\"><strong data-start=\"873\" data-end=\"896\">Mitrino\u0161s komplekss<\/strong> \u2013 uztur \u0101das komfortu.<\/p>\n<\/li>\n<\/ul>\n<p data-start=\"921\" data-end=\"1115\">Piem\u0113rota visiem \u0101das tipiem, tostarp jut\u012bgai, dehidr\u0113tai un stres\u0113tai \u0101dai, k\u0101 ar\u012b \u0101dai ar aps\u0101rtumu un noguruma paz\u012bm\u0113m. Ide\u0101li piem\u0113rota k\u0101 ekspress kop\u0161ana vai intens\u012bvai nakts atjauno\u0161anai.<\/p>\n<p data-start=\"1117\" data-end=\"1137\"><strong data-start=\"1117\" data-end=\"1129\">Tilpums:<\/strong> 1 maska<\/p>\n","protected":false},"excerpt":{"rendered":"<p data-start=\"1442\" data-end=\"1469\">Auduma maska ar j\u016bras a\u013c\u0123\u0113m<\/p>\n<h2 data-start=\"1471\" data-end=\"1522\"><strong data-start=\"1471\" data-end=\"1522\">\u012apa\u0161\u012bbas Genosys &#8211; Soothing Bomb Sea Aglae Mask<\/strong><\/h2>\n<p data-start=\"1524\" data-end=\"1738\">\u2714\ufe0f Intens\u012bvi mitrina un atjauno \u0101du<br data-start=\"1559\" data-end=\"1562\" \/>\u2714\ufe0f Samazina aps\u0101rtumu un iekaisuma paz\u012bmes<br data-start=\"1604\" data-end=\"1607\" \/>\u2714\ufe0f Nodro\u0161ina antioksidantu aizsardz\u012bbu \u0101dai<br data-start=\"1650\" data-end=\"1653\" \/>\u2714\ufe0f Veicina \u0101das detoksik\u0101ciju un att\u012br\u012b\u0161anu<br data-start=\"1696\" data-end=\"1699\" \/>\u2714\ufe0f Atsvaidzina un uzlabo \u0101das izskatu<\/p>\n","protected":false},"featured_media":71583,"template":"","meta":[],"pwb-brand":[1241],"product_brand":[],"product_cat":[741,745,725,737,749,739,747],"product_tag":[],"giftcard-category":[],"class_list":{"0":"post-71582","1":"product","2":"type-product","3":"status-publish","4":"has-post-thumbnail","6":"pwb-brand-genosys-lv","7":"product_cat-izsitumi","8":"product_cat-jutigai-adai","9":"product_cat-maskas","10":"product_cat-mitrinasana","11":"product_cat-novecojosa-ada","12":"product_cat-sausai-adai","13":"product_cat-taukainai-adai","15":"first","16":"instock","17":"taxable","18":"shipping-taxable","19":"purchasable","20":"product-type-simple"},"acf":[],"brands":[{"id":1241,"name":"Genosys","slug":"genosys-lv"}],"_links":{"self":[{"href":"https:\/\/skinstudio.ee\/lv\/wp-json\/wp\/v2\/product\/71582","targetHints":{"allow":["GET"]}}],"collection":[{"href":"https:\/\/skinstudio.ee\/lv\/wp-json\/wp\/v2\/product"}],"about":[{"href":"https:\/\/skinstudio.ee\/lv\/wp-json\/wp\/v2\/types\/product"}],"version-history":[{"count":1,"href":"https:\/\/skinstudio.ee\/lv\/wp-json\/wp\/v2\/product\/71582\/revisions"}],"predecessor-version":[{"id":71584,"href":"https:\/\/skinstudio.ee\/lv\/wp-json\/wp\/v2\/product\/71582\/revisions\/71584"}],"wp:featuredmedia":[{"embeddable":true,"href":"https:\/\/skinstudio.ee\/lv\/wp-json\/wp\/v2\/media\/71583"}],"wp:attachment":[{"href":"https:\/\/skinstudio.ee\/lv\/wp-json\/wp\/v2\/media?parent=71582"}],"wp:term":[{"taxonomy":"pwb-brand","embeddable":true,"href":"https:\/\/skinstudio.ee\/lv\/wp-json\/wp\/v2\/pwb-brand?post=71582"},{"taxonomy":"product_brand","embeddable":true,"href":"https:\/\/skinstudio.ee\/lv\/wp-json\/wp\/v2\/product_brand?post=71582"},{"taxonomy":"product_cat","embeddable":true,"href":"https:\/\/skinstudio.ee\/lv\/wp-json\/wp\/v2\/product_cat?post=71582"},{"taxonomy":"product_tag","embeddable":true,"href":"https:\/\/skinstudio.ee\/lv\/wp-json\/wp\/v2\/product_tag?post=71582"},{"taxonomy":"giftcard-category","embeddable":true,"href":"https:\/\/skinstudio.ee\/lv\/wp-json\/wp\/v2\/giftcard-category?post=71582"}],"curies":[{"name":"wp","href":"https:\/\/api.w.org\/{rel}","templated":true}]}}