{"id":71592,"date":"2023-05-24T17:56:26","date_gmt":"2023-05-24T17:56:26","guid":{"rendered":"https:\/\/skinstudio.ee\/?post_type=product&#038;p=71592"},"modified":"2026-04-03T09:35:21","modified_gmt":"2026-04-03T09:35:21","slug":"multi-sun-cream-spf-40-pa","status":"publish","type":"product","link":"https:\/\/skinstudio.ee\/lv\/catalog\/genosys-lv\/multi-sun-cream-spf-40-pa\/","title":{"rendered":"Multi Sun Cream SPF 40+ PA++"},"content":{"rendered":"<p data-start=\"94\" data-end=\"407\"><strong data-start=\"94\" data-end=\"137\">Multi Sun Cream SPF 40+ PA++ no Genosys<\/strong> ir multifunkcion\u0101ls saules aizsargkr\u0113ms\u2013balzams, kas apvieno efekt\u012bvu aizsardz\u012bbu pret UVA un UVB starojumu ar ikdienas \u0101das kop\u0161anu un priek\u0161laic\u012bgas noveco\u0161an\u0101s profilaksi. Formula pal\u012bdz saglab\u0101t \u0101das komfortu saules iedarb\u012bbas laik\u0101 un akt\u012bvas insol\u0101cijas periodos.<\/p>\n<p data-start=\"409\" data-end=\"587\">Kr\u0113ms intens\u012bvi mitrina un baro \u0101du, nomierina un atbalsta dabisk\u0101s aizsargfunkcijas. Viegl\u0101 tekst\u016bra vienm\u0113r\u012bgi kl\u0101jas, \u0101tri ies\u016bcas un neatst\u0101j lip\u012bgu vai smagu saj\u016btu uz \u0101das.<\/p>\n<p data-start=\"589\" data-end=\"618\">Galven\u0101s akt\u012bv\u0101s sast\u0101vda\u013cas:<\/p>\n<ul data-start=\"619\" data-end=\"1005\">\n<li data-start=\"619\" data-end=\"716\">\n<p data-start=\"621\" data-end=\"716\"><strong data-start=\"621\" data-end=\"656\">\u0136\u012bmiskie un fizik\u0101lie UV filtri<\/strong> \u2013 nodro\u0161ina uzticamu aizsardz\u012bbu pret UVA un UVB stariem.<\/p>\n<\/li>\n<li data-start=\"717\" data-end=\"788\">\n<p data-start=\"719\" data-end=\"788\"><strong data-start=\"719\" data-end=\"750\">Centella Asiatica ekstrakts<\/strong> \u2013 nomierina \u0101du un mazina jut\u012bgumu.<\/p>\n<\/li>\n<li data-start=\"789\" data-end=\"867\">\n<p data-start=\"791\" data-end=\"867\"><strong data-start=\"791\" data-end=\"819\">Palmitoyl Pentapeptide-4<\/strong> \u2013 atbalsta \u0101das tvirtumu un anti-age kop\u0161anu.<\/p>\n<\/li>\n<li data-start=\"868\" data-end=\"941\">\n<p data-start=\"870\" data-end=\"941\"><strong data-start=\"870\" data-end=\"895\">Laktobacillu ferments<\/strong> \u2013 pal\u012bdz \u0101das atjauno\u0161anai un aizsardz\u012bbai.<\/p>\n<\/li>\n<li data-start=\"942\" data-end=\"1005\">\n<p data-start=\"944\" data-end=\"1005\"><strong data-start=\"944\" data-end=\"967\">Mitrino\u0161s komplekss<\/strong> \u2013 uztur optim\u0101lu \u0101das mitruma l\u012bmeni.<\/p>\n<\/li>\n<\/ul>\n<p data-start=\"1007\" data-end=\"1179\">Piem\u0113rots visiem \u0101das tipiem, tostarp jut\u012bgai \u0101dai. Ide\u0101li piem\u0113rots ikdienas lieto\u0161anai un periodos ar intens\u012bvu saules iedarb\u012bbu. Nesatur parab\u0113nus, spirtu un kr\u0101svielas.<\/p>\n<p data-start=\"1181\" data-end=\"1199\"><strong data-start=\"1181\" data-end=\"1193\">Tilpums:<\/strong> 40 ml<\/p>\n","protected":false},"excerpt":{"rendered":"<p data-start=\"1339\" data-end=\"1383\">Multifunkcion\u0101ls saules aizsargkr\u0113ms\u2013balzams<\/p>\n<h2 data-start=\"1385\" data-end=\"1436\"><strong data-start=\"1385\" data-end=\"1436\">\u012apa\u0161\u012bbas Genosys &#8211; Multi Sun Cream SPF 40+ PA++<\/strong><\/h2>\n<p data-start=\"1438\" data-end=\"1626\">\u2714\ufe0f Nodro\u0161ina efekt\u012bvu UVA\/UVB aizsardz\u012bbu<br data-start=\"1479\" data-end=\"1482\" \/>\u2714\ufe0f Intens\u012bvi mitrina un baro \u0101du<br data-start=\"1514\" data-end=\"1517\" \/>\u2714\ufe0f Nomierina un mazina \u0101das jut\u012bgumu<br data-start=\"1553\" data-end=\"1556\" \/>\u2714\ufe0f Pal\u012bdz nov\u0113rst fotonoveco\u0161anos<br data-start=\"1589\" data-end=\"1592\" \/>\u2714\ufe0f Piem\u0113rots ikdienas lieto\u0161anai<\/p>\n","protected":false},"featured_media":61617,"template":"","meta":[],"pwb-brand":[1241],"product_brand":[],"product_cat":[749,731],"product_tag":[],"giftcard-category":[],"class_list":{"0":"post-71592","1":"product","2":"type-product","3":"status-publish","4":"has-post-thumbnail","6":"pwb-brand-genosys-lv","7":"product_cat-novecojosa-ada","8":"product_cat-spf-aizsardziba","10":"first","11":"instock","12":"taxable","13":"shipping-taxable","14":"purchasable","15":"product-type-simple"},"acf":[],"brands":[{"id":1241,"name":"Genosys","slug":"genosys-lv"}],"_links":{"self":[{"href":"https:\/\/skinstudio.ee\/lv\/wp-json\/wp\/v2\/product\/71592","targetHints":{"allow":["GET"]}}],"collection":[{"href":"https:\/\/skinstudio.ee\/lv\/wp-json\/wp\/v2\/product"}],"about":[{"href":"https:\/\/skinstudio.ee\/lv\/wp-json\/wp\/v2\/types\/product"}],"version-history":[{"count":1,"href":"https:\/\/skinstudio.ee\/lv\/wp-json\/wp\/v2\/product\/71592\/revisions"}],"predecessor-version":[{"id":71593,"href":"https:\/\/skinstudio.ee\/lv\/wp-json\/wp\/v2\/product\/71592\/revisions\/71593"}],"wp:featuredmedia":[{"embeddable":true,"href":"https:\/\/skinstudio.ee\/lv\/wp-json\/wp\/v2\/media\/61617"}],"wp:attachment":[{"href":"https:\/\/skinstudio.ee\/lv\/wp-json\/wp\/v2\/media?parent=71592"}],"wp:term":[{"taxonomy":"pwb-brand","embeddable":true,"href":"https:\/\/skinstudio.ee\/lv\/wp-json\/wp\/v2\/pwb-brand?post=71592"},{"taxonomy":"product_brand","embeddable":true,"href":"https:\/\/skinstudio.ee\/lv\/wp-json\/wp\/v2\/product_brand?post=71592"},{"taxonomy":"product_cat","embeddable":true,"href":"https:\/\/skinstudio.ee\/lv\/wp-json\/wp\/v2\/product_cat?post=71592"},{"taxonomy":"product_tag","embeddable":true,"href":"https:\/\/skinstudio.ee\/lv\/wp-json\/wp\/v2\/product_tag?post=71592"},{"taxonomy":"giftcard-category","embeddable":true,"href":"https:\/\/skinstudio.ee\/lv\/wp-json\/wp\/v2\/giftcard-category?post=71592"}],"curies":[{"name":"wp","href":"https:\/\/api.w.org\/{rel}","templated":true}]}}