{"id":71599,"date":"2023-05-24T17:56:20","date_gmt":"2023-05-24T17:56:20","guid":{"rendered":"https:\/\/skinstudio.ee\/?post_type=product&#038;p=71599"},"modified":"2026-04-03T09:35:21","modified_gmt":"2026-04-03T09:35:21","slug":"eye-contour-cream-10-years-back","status":"publish","type":"product","link":"https:\/\/skinstudio.ee\/lv\/catalog\/genosys-lv\/eye-contour-cream-10-years-back\/","title":{"rendered":"Eye Contour Cream 10 Years Back"},"content":{"rendered":"<p data-start=\"86\" data-end=\"355\"><strong data-start=\"86\" data-end=\"132\">Eye Contour Cream 10 Years Back no Genosys<\/strong> ir intens\u012bvs acu zonas kr\u0113ms, kas paredz\u0113ts maig\u0101s \u0101das kop\u0161anai ap ac\u012bm un agr\u012bno noveco\u0161an\u0101s paz\u012bmju mazin\u0101\u0161anai. Formula pal\u012bdz uztur\u0113t optim\u0101lu mitruma l\u012bmeni, uzlabo \u0101das izskatu un samazina noguruma paz\u012bmes acu zon\u0101.<\/p>\n<p data-start=\"357\" data-end=\"578\">Kr\u0113ms pal\u012bdz samazin\u0101t tum\u0161o loku un t\u016bskas redzam\u012bbu, vienlaikus atbalstot \u0101das bl\u012bvumu un elast\u012bbu, padarot skatienu svaig\u0101ku un kopt\u0101ku. Viegl\u0101 tekst\u016bra vienm\u0113r\u012bgi kl\u0101jas un \u0101tri ies\u016bcas, nep\u0101rslogojot jut\u012bgo acu zonu.<\/p>\n<p data-start=\"580\" data-end=\"609\">Galven\u0101s akt\u012bv\u0101s sast\u0101vda\u013cas:<\/p>\n<ul data-start=\"610\" data-end=\"953\">\n<li data-start=\"610\" data-end=\"681\">\n<p data-start=\"612\" data-end=\"681\"><strong data-start=\"612\" data-end=\"640\">Augu cilmes cilmes \u0161\u016bnas<\/strong> \u2013 atbalsta \u0101das atjauno\u0161an\u0101s procesus.<\/p>\n<\/li>\n<li data-start=\"682\" data-end=\"747\">\n<p data-start=\"684\" data-end=\"747\"><strong data-start=\"684\" data-end=\"698\">ES pept\u012bdi<\/strong> \u2013 veicina \u0101das tvirtuma un bl\u012bvuma uzlabo\u0161anu.<\/p>\n<\/li>\n<li data-start=\"748\" data-end=\"812\">\n<p data-start=\"750\" data-end=\"812\"><strong data-start=\"750\" data-end=\"773\">Mitrino\u0161s komplekss<\/strong> \u2013 pal\u012bdz nov\u0113rst \u0101das dehidrat\u0101ciju.<\/p>\n<\/li>\n<li data-start=\"813\" data-end=\"876\">\n<p data-start=\"815\" data-end=\"876\"><strong data-start=\"815\" data-end=\"847\">Pret t\u016bsku v\u0113rsti komponenti<\/strong> \u2013 mazina noguruma paz\u012bmes.<\/p>\n<\/li>\n<li data-start=\"877\" data-end=\"953\">\n<p data-start=\"879\" data-end=\"953\"><strong data-start=\"879\" data-end=\"907\">Antioksidantu komponenti<\/strong> \u2013 aizsarg\u0101 \u0101du no priek\u0161laic\u012bgas noveco\u0161an\u0101s.<\/p>\n<\/li>\n<\/ul>\n<p data-start=\"955\" data-end=\"1102\">Piem\u0113rots visiem \u0101das tipiem, tostarp jut\u012bgai \u0101dai, k\u0101 ar\u012b \u0101dai ar pirmaj\u0101m noveco\u0161an\u0101s paz\u012bm\u0113m, tum\u0161iem lokiem, t\u016bsku un mitruma tr\u016bkumu acu zon\u0101.<\/p>\n<p data-start=\"1104\" data-end=\"1122\"><strong data-start=\"1104\" data-end=\"1116\">Tilpums:<\/strong> 20 ml<\/p>\n","protected":false},"excerpt":{"rendered":"<p data-start=\"1286\" data-end=\"1309\">Acu zonas kopjo\u0161s kr\u0113ms<\/p>\n<h2 data-start=\"1311\" data-end=\"1365\"><strong data-start=\"1311\" data-end=\"1365\">\u012apa\u0161\u012bbas Genosys &#8211; Eye Contour Cream 10 Years Back<\/strong><\/h2>\n<p data-start=\"1367\" data-end=\"1550\">\u2714\ufe0f Intens\u012bvi mitrina un baro \u0101du<br data-start=\"1399\" data-end=\"1402\" \/>\u2714\ufe0f Samazina s\u012bko krunci\u0146u redzam\u012bbu<br data-start=\"1437\" data-end=\"1440\" \/>\u2714\ufe0f Mazina tum\u0161os lokus un t\u016bsku<br data-start=\"1471\" data-end=\"1474\" \/>\u2714\ufe0f Uzlabo \u0101das tvirtumu un bl\u012bvumu<br data-start=\"1508\" data-end=\"1511\" \/>\u2714\ufe0f Atsvaidzina un uzlabo \u0101das izskatu<\/p>\n","protected":false},"featured_media":61612,"template":"","meta":[],"pwb-brand":[1241],"product_brand":[],"product_cat":[733,737,749],"product_tag":[],"giftcard-category":[],"class_list":{"0":"post-71599","1":"product","2":"type-product","3":"status-publish","4":"has-post-thumbnail","6":"pwb-brand-genosys-lv","7":"product_cat-ada-ap-acim","8":"product_cat-mitrinasana","9":"product_cat-novecojosa-ada","11":"first","12":"instock","13":"taxable","14":"shipping-taxable","15":"purchasable","16":"product-type-simple"},"acf":[],"brands":[{"id":1241,"name":"Genosys","slug":"genosys-lv"}],"_links":{"self":[{"href":"https:\/\/skinstudio.ee\/lv\/wp-json\/wp\/v2\/product\/71599","targetHints":{"allow":["GET"]}}],"collection":[{"href":"https:\/\/skinstudio.ee\/lv\/wp-json\/wp\/v2\/product"}],"about":[{"href":"https:\/\/skinstudio.ee\/lv\/wp-json\/wp\/v2\/types\/product"}],"version-history":[{"count":1,"href":"https:\/\/skinstudio.ee\/lv\/wp-json\/wp\/v2\/product\/71599\/revisions"}],"predecessor-version":[{"id":71600,"href":"https:\/\/skinstudio.ee\/lv\/wp-json\/wp\/v2\/product\/71599\/revisions\/71600"}],"wp:featuredmedia":[{"embeddable":true,"href":"https:\/\/skinstudio.ee\/lv\/wp-json\/wp\/v2\/media\/61612"}],"wp:attachment":[{"href":"https:\/\/skinstudio.ee\/lv\/wp-json\/wp\/v2\/media?parent=71599"}],"wp:term":[{"taxonomy":"pwb-brand","embeddable":true,"href":"https:\/\/skinstudio.ee\/lv\/wp-json\/wp\/v2\/pwb-brand?post=71599"},{"taxonomy":"product_brand","embeddable":true,"href":"https:\/\/skinstudio.ee\/lv\/wp-json\/wp\/v2\/product_brand?post=71599"},{"taxonomy":"product_cat","embeddable":true,"href":"https:\/\/skinstudio.ee\/lv\/wp-json\/wp\/v2\/product_cat?post=71599"},{"taxonomy":"product_tag","embeddable":true,"href":"https:\/\/skinstudio.ee\/lv\/wp-json\/wp\/v2\/product_tag?post=71599"},{"taxonomy":"giftcard-category","embeddable":true,"href":"https:\/\/skinstudio.ee\/lv\/wp-json\/wp\/v2\/giftcard-category?post=71599"}],"curies":[{"name":"wp","href":"https:\/\/api.w.org\/{rel}","templated":true}]}}