{"id":71607,"date":"2023-05-24T17:56:20","date_gmt":"2023-05-24T17:56:20","guid":{"rendered":"https:\/\/skinstudio.ee\/?post_type=product&#038;p=71607"},"modified":"2026-04-03T09:35:21","modified_gmt":"2026-04-03T09:35:21","slug":"eye-peptide-gel-patch","status":"publish","type":"product","link":"https:\/\/skinstudio.ee\/lv\/catalog\/genosys-lv\/eye-peptide-gel-patch\/","title":{"rendered":"Eye Peptide Gel Patch"},"content":{"rendered":"<p data-start=\"92\" data-end=\"309\"><strong data-start=\"92\" data-end=\"128\">Eye Peptide Gel Patch no Genosys<\/strong> ir pept\u012bdu g\u0113la acu pl\u0101ksteri, kas paredz\u0113ti maig\u0101s \u0101das kop\u0161anai ap ac\u012bm. Pusm\u0113ness forma nodro\u0161ina cie\u0161u piegul\u0161anu \u0101dai bez nosl\u012bd\u0113\u0161anas, \u013caujot tos \u0113rti lietot ikdienas gait\u0101s.<\/p>\n<p data-start=\"311\" data-end=\"553\">Pl\u0101ksteri pal\u012bdz samazin\u0101t t\u016bsku, noguruma paz\u012bmes un tum\u0161os lokus zem ac\u012bm, vienlaikus intens\u012bvi mitrinot un nomierinot \u0101du. Regul\u0101ri lietojot, acu zona k\u013c\u016bst svaig\u0101ka, glud\u0101ka un kopt\u0101ka, pie\u0161\u0137irot skatienam atp\u016btu\u0161os un pievilc\u012bgu izskatu.<\/p>\n<p data-start=\"555\" data-end=\"584\">Galven\u0101s akt\u012bv\u0101s sast\u0101vda\u013cas:<\/p>\n<ul data-start=\"585\" data-end=\"907\">\n<li data-start=\"585\" data-end=\"647\">\n<p data-start=\"587\" data-end=\"647\"><strong data-start=\"587\" data-end=\"608\">Pept\u012bdu komplekss<\/strong> \u2013 atbalsta \u0101das tvirtumu un bl\u012bvumu.<\/p>\n<\/li>\n<li data-start=\"648\" data-end=\"721\">\n<p data-start=\"650\" data-end=\"721\"><strong data-start=\"650\" data-end=\"673\">Mitrino\u0161s komplekss<\/strong> \u2013 pies\u0101tina \u0101du ar mitrumu un nov\u0113r\u0161 sausumu.<\/p>\n<\/li>\n<li data-start=\"722\" data-end=\"786\">\n<p data-start=\"724\" data-end=\"786\"><strong data-start=\"724\" data-end=\"750\">Nomierino\u0161i komponenti<\/strong> \u2013 mazina jut\u012bgumu un diskomfortu.<\/p>\n<\/li>\n<li data-start=\"787\" data-end=\"853\">\n<p data-start=\"789\" data-end=\"853\"><strong data-start=\"789\" data-end=\"821\">Pret t\u016bsku v\u0113rsti komponenti<\/strong> \u2013 pal\u012bdz samazin\u0101t piet\u016bkumu.<\/p>\n<\/li>\n<li data-start=\"854\" data-end=\"907\">\n<p data-start=\"856\" data-end=\"907\"><strong data-start=\"856\" data-end=\"884\">Atsvaidzino\u0161i komponenti<\/strong> \u2013 uzlabo \u0101das izskatu.<\/p>\n<\/li>\n<\/ul>\n<p data-start=\"909\" data-end=\"1058\">Piem\u0113roti visiem \u0101das tipiem, tostarp jut\u012bgai \u0101dai, k\u0101 ar\u012b \u0101dai ar tum\u0161iem lokiem, t\u016bsku un noguruma paz\u012bm\u0113m acu zon\u0101. Piem\u0113roti ikdienas lieto\u0161anai.<\/p>\n<p data-start=\"1060\" data-end=\"1085\"><strong data-start=\"1060\" data-end=\"1072\">Tilpums:<\/strong> 60 pl\u0101ksteri<\/p>\n","protected":false},"excerpt":{"rendered":"<p data-start=\"1197\" data-end=\"1229\">Pept\u012bdu g\u0113la pl\u0101ksteri acu zonai<\/p>\n<h2 data-start=\"1231\" data-end=\"1275\"><strong data-start=\"1231\" data-end=\"1275\">\u012apa\u0161\u012bbas Genosys &#8211; Eye Peptide Gel Patch<\/strong><\/h2>\n<p data-start=\"1277\" data-end=\"1471\">\u2714\ufe0f Intens\u012bvi mitrina un m\u012bkstina \u0101du<br data-start=\"1313\" data-end=\"1316\" \/>\u2714\ufe0f Samazina t\u016bsku un noguruma paz\u012bmes<br data-start=\"1353\" data-end=\"1356\" \/>\u2714\ufe0f Nomierina un uzlabo \u0101das komfortu<br data-start=\"1392\" data-end=\"1395\" \/>\u2714\ufe0f Atsvaidzina un uzlabo \u0101das izskatu<br data-start=\"1432\" data-end=\"1435\" \/>\u2714\ufe0f Piem\u0113roti ikdienas acu kop\u0161anai<\/p>\n","protected":false},"featured_media":61576,"template":"","meta":[],"pwb-brand":[1241],"product_brand":[],"product_cat":[733,725,737,749],"product_tag":[],"giftcard-category":[],"class_list":{"0":"post-71607","1":"product","2":"type-product","3":"status-publish","4":"has-post-thumbnail","6":"pwb-brand-genosys-lv","7":"product_cat-ada-ap-acim","8":"product_cat-maskas","9":"product_cat-mitrinasana","10":"product_cat-novecojosa-ada","12":"first","13":"instock","14":"taxable","15":"shipping-taxable","16":"purchasable","17":"product-type-simple"},"acf":[],"brands":[{"id":1241,"name":"Genosys","slug":"genosys-lv"}],"_links":{"self":[{"href":"https:\/\/skinstudio.ee\/lv\/wp-json\/wp\/v2\/product\/71607","targetHints":{"allow":["GET"]}}],"collection":[{"href":"https:\/\/skinstudio.ee\/lv\/wp-json\/wp\/v2\/product"}],"about":[{"href":"https:\/\/skinstudio.ee\/lv\/wp-json\/wp\/v2\/types\/product"}],"version-history":[{"count":1,"href":"https:\/\/skinstudio.ee\/lv\/wp-json\/wp\/v2\/product\/71607\/revisions"}],"predecessor-version":[{"id":71609,"href":"https:\/\/skinstudio.ee\/lv\/wp-json\/wp\/v2\/product\/71607\/revisions\/71609"}],"wp:featuredmedia":[{"embeddable":true,"href":"https:\/\/skinstudio.ee\/lv\/wp-json\/wp\/v2\/media\/61576"}],"wp:attachment":[{"href":"https:\/\/skinstudio.ee\/lv\/wp-json\/wp\/v2\/media?parent=71607"}],"wp:term":[{"taxonomy":"pwb-brand","embeddable":true,"href":"https:\/\/skinstudio.ee\/lv\/wp-json\/wp\/v2\/pwb-brand?post=71607"},{"taxonomy":"product_brand","embeddable":true,"href":"https:\/\/skinstudio.ee\/lv\/wp-json\/wp\/v2\/product_brand?post=71607"},{"taxonomy":"product_cat","embeddable":true,"href":"https:\/\/skinstudio.ee\/lv\/wp-json\/wp\/v2\/product_cat?post=71607"},{"taxonomy":"product_tag","embeddable":true,"href":"https:\/\/skinstudio.ee\/lv\/wp-json\/wp\/v2\/product_tag?post=71607"},{"taxonomy":"giftcard-category","embeddable":true,"href":"https:\/\/skinstudio.ee\/lv\/wp-json\/wp\/v2\/giftcard-category?post=71607"}],"curies":[{"name":"wp","href":"https:\/\/api.w.org\/{rel}","templated":true}]}}