{"id":71616,"date":"2023-05-24T17:56:20","date_gmt":"2023-05-24T17:56:20","guid":{"rendered":"https:\/\/skinstudio.ee\/?post_type=product&#038;p=71616"},"modified":"2026-04-03T09:35:21","modified_gmt":"2026-04-03T09:35:21","slug":"intensive-repair-collagen-mask","status":"publish","type":"product","link":"https:\/\/skinstudio.ee\/lv\/catalog\/genosys-lv\/intensive-repair-collagen-mask\/","title":{"rendered":"Intensive Repair Collagen Mask"},"content":{"rendered":"<p data-start=\"127\" data-end=\"391\"><strong data-start=\"127\" data-end=\"172\">Intensive Repair Collagen Mask no Genosys<\/strong> ir kolag\u0113na auduma sejas maska, kas paredz\u0113ta \u0101trai \u0101das atjauno\u0161anai, mitrin\u0101\u0161anai un redzamam izskata uzlabojumam. Maska pal\u012bdz atjaunot \u0101das svaigumu un mirdzumu, padarot to glud\u0101ku jau p\u0113c vienas lieto\u0161anas reizes.<\/p>\n<p data-start=\"393\" data-end=\"602\">Kolag\u0113na un barojo\u0161o komponentu bag\u0101tin\u0101t\u0101 formula atbalsta \u0101das tvirtumu, uzlabo tekst\u016bru un komfortu. Maska cie\u0161i piegu\u013c \u0101dai, nesl\u012bd un ir piem\u0113rota gan ekspress kop\u0161anai, gan intens\u012bvai nakts atjauno\u0161anai.<\/p>\n<p data-start=\"604\" data-end=\"633\">Galven\u0101s akt\u012bv\u0101s sast\u0101vda\u013cas:<\/p>\n<ul data-start=\"634\" data-end=\"930\">\n<li data-start=\"634\" data-end=\"687\">\n<p data-start=\"636\" data-end=\"687\"><strong data-start=\"636\" data-end=\"648\">Kolag\u0113ns<\/strong> \u2013 atbalsta \u0101das tvirtumu un bl\u012bvumu.<\/p>\n<\/li>\n<li data-start=\"688\" data-end=\"758\">\n<p data-start=\"690\" data-end=\"758\"><strong data-start=\"690\" data-end=\"712\">Barojo\u0161s komplekss<\/strong> \u2013 nodro\u0161ina \u0101dai nepiecie\u0161am\u0101s uzturvielas.<\/p>\n<\/li>\n<li data-start=\"759\" data-end=\"810\">\n<p data-start=\"761\" data-end=\"810\"><strong data-start=\"761\" data-end=\"779\">Augu ekstrakti<\/strong> \u2013 veicina \u0101das atjauno\u0161anos.<\/p>\n<\/li>\n<li data-start=\"811\" data-end=\"876\">\n<p data-start=\"813\" data-end=\"876\"><strong data-start=\"813\" data-end=\"838\">Mitrino\u0161ie komponenti<\/strong> \u2013 uztur optim\u0101lu mitruma l\u012bdzsvaru.<\/p>\n<\/li>\n<li data-start=\"877\" data-end=\"930\">\n<p data-start=\"879\" data-end=\"930\"><strong data-start=\"879\" data-end=\"896\">Mikroelementi<\/strong> \u2013 uzlabo \u0101das visp\u0101r\u0113jo st\u0101vokli.<\/p>\n<\/li>\n<\/ul>\n<p data-start=\"932\" data-end=\"1099\">Piem\u0113rota visiem \u0101das tipiem, tostarp bl\u0101vai, dehidr\u0113tai \u0101dai un \u0101dai ar pirmaj\u0101m noveco\u0161an\u0101s paz\u012bm\u0113m. Ide\u0101li piem\u0113rota \u0101das sagatavo\u0161anai grimam un anti-age kop\u0161anai.<\/p>\n<p data-start=\"1101\" data-end=\"1121\"><strong data-start=\"1101\" data-end=\"1113\">Tilpums:<\/strong> 1 maska<\/p>\n","protected":false},"excerpt":{"rendered":"<p data-start=\"1381\" data-end=\"1424\">Intens\u012bvi atjaunojo\u0161a kolag\u0113na auduma maska<\/p>\n<h2 data-start=\"1426\" data-end=\"1479\"><strong data-start=\"1426\" data-end=\"1479\">\u012apa\u0161\u012bbas Genosys &#8211; Intensive Repair Collagen Mask<\/strong><\/h2>\n<p data-start=\"1481\" data-end=\"1669\">\u2714\ufe0f Intens\u012bvi mitrina un atjauno \u0101du<br data-start=\"1516\" data-end=\"1519\" \/>\u2714\ufe0f Atbalsta \u0101das tvirtumu un bl\u012bvumu<br data-start=\"1555\" data-end=\"1558\" \/>\u2714\ufe0f Nodro\u0161ina redzamu anti-age efektu<br data-start=\"1594\" data-end=\"1597\" \/>\u2714\ufe0f Pie\u0161\u0137ir \u0101dai mirdzumu un gludumu<br data-start=\"1632\" data-end=\"1635\" \/>\u2714\ufe0f Sagatavo \u0101du grima uzkl\u0101\u0161anai<\/p>\n","protected":false},"featured_media":61602,"template":"","meta":[],"pwb-brand":[1241],"product_brand":[],"product_cat":[745,725,737,749,739,747],"product_tag":[],"giftcard-category":[],"class_list":{"0":"post-71616","1":"product","2":"type-product","3":"status-publish","4":"has-post-thumbnail","6":"pwb-brand-genosys-lv","7":"product_cat-jutigai-adai","8":"product_cat-maskas","9":"product_cat-mitrinasana","10":"product_cat-novecojosa-ada","11":"product_cat-sausai-adai","12":"product_cat-taukainai-adai","14":"first","15":"instock","16":"taxable","17":"shipping-taxable","18":"purchasable","19":"product-type-simple"},"acf":[],"brands":[{"id":1241,"name":"Genosys","slug":"genosys-lv"}],"_links":{"self":[{"href":"https:\/\/skinstudio.ee\/lv\/wp-json\/wp\/v2\/product\/71616","targetHints":{"allow":["GET"]}}],"collection":[{"href":"https:\/\/skinstudio.ee\/lv\/wp-json\/wp\/v2\/product"}],"about":[{"href":"https:\/\/skinstudio.ee\/lv\/wp-json\/wp\/v2\/types\/product"}],"version-history":[{"count":1,"href":"https:\/\/skinstudio.ee\/lv\/wp-json\/wp\/v2\/product\/71616\/revisions"}],"predecessor-version":[{"id":71617,"href":"https:\/\/skinstudio.ee\/lv\/wp-json\/wp\/v2\/product\/71616\/revisions\/71617"}],"wp:featuredmedia":[{"embeddable":true,"href":"https:\/\/skinstudio.ee\/lv\/wp-json\/wp\/v2\/media\/61602"}],"wp:attachment":[{"href":"https:\/\/skinstudio.ee\/lv\/wp-json\/wp\/v2\/media?parent=71616"}],"wp:term":[{"taxonomy":"pwb-brand","embeddable":true,"href":"https:\/\/skinstudio.ee\/lv\/wp-json\/wp\/v2\/pwb-brand?post=71616"},{"taxonomy":"product_brand","embeddable":true,"href":"https:\/\/skinstudio.ee\/lv\/wp-json\/wp\/v2\/product_brand?post=71616"},{"taxonomy":"product_cat","embeddable":true,"href":"https:\/\/skinstudio.ee\/lv\/wp-json\/wp\/v2\/product_cat?post=71616"},{"taxonomy":"product_tag","embeddable":true,"href":"https:\/\/skinstudio.ee\/lv\/wp-json\/wp\/v2\/product_tag?post=71616"},{"taxonomy":"giftcard-category","embeddable":true,"href":"https:\/\/skinstudio.ee\/lv\/wp-json\/wp\/v2\/giftcard-category?post=71616"}],"curies":[{"name":"wp","href":"https:\/\/api.w.org\/{rel}","templated":true}]}}