{"id":71623,"date":"2023-05-24T17:56:20","date_gmt":"2023-05-24T17:56:20","guid":{"rendered":"https:\/\/skinstudio.ee\/?post_type=product&#038;p=71623"},"modified":"2026-04-03T09:35:21","modified_gmt":"2026-04-03T09:35:21","slug":"peptide-gel-mask","status":"publish","type":"product","link":"https:\/\/skinstudio.ee\/lv\/catalog\/genosys-lv\/peptide-gel-mask\/","title":{"rendered":"Peptide Gel Mask"},"content":{"rendered":"<p data-start=\"91\" data-end=\"365\"><strong data-start=\"91\" data-end=\"122\">Peptide Gel Mask no Genosys<\/strong> ir pept\u012bdu hidrog\u0113la sejas maska, kas paredz\u0113ta intens\u012bvai \u0101das atjauno\u0161anai un dzi\u013cai mitrin\u0101\u0161anai. Pateicoties augsti hidrat\u0113tajam PHG materi\u0101lam, maska nodro\u0161ina akt\u012bvo vielu efekt\u012bv\u0101ku iedarb\u012bbu nek\u0101 tradicion\u0101l\u0101s hidrog\u0113la auduma maskas.<\/p>\n<p data-start=\"367\" data-end=\"574\">Maska pal\u012bdz \u0101tri atjaunot mitruma l\u012bmeni, nomierina \u0101du un mazina diskomfortu. Tai piem\u012bt izteikta atv\u0113sino\u0161a iedarb\u012bba, t\u0101 uzlabo \u0101das visp\u0101r\u0113jo st\u0101vokli un ir piem\u0113rota ar\u012b paaugstin\u0101tas jut\u012bbas periodos.<\/p>\n<p data-start=\"576\" data-end=\"605\">Galven\u0101s akt\u012bv\u0101s sast\u0101vda\u013cas:<\/p>\n<ul data-start=\"606\" data-end=\"949\">\n<li data-start=\"606\" data-end=\"673\">\n<p data-start=\"608\" data-end=\"673\"><strong data-start=\"608\" data-end=\"629\">Pept\u012bdu komplekss<\/strong> \u2013 atbalsta \u0101das atjauno\u0161anos un tvirtumu.<\/p>\n<\/li>\n<li data-start=\"674\" data-end=\"750\">\n<p data-start=\"676\" data-end=\"750\"><strong data-start=\"676\" data-end=\"705\">Augsti hidrat\u0113ts PHG g\u0113ls<\/strong> \u2013 nodro\u0161ina dzi\u013cu un ilgsto\u0161u mitrin\u0101\u0161anu.<\/p>\n<\/li>\n<li data-start=\"751\" data-end=\"811\">\n<p data-start=\"753\" data-end=\"811\"><strong data-start=\"753\" data-end=\"779\">Nomierino\u0161i komponenti<\/strong> \u2013 samazina \u0101das reaktivit\u0101ti.<\/p>\n<\/li>\n<li data-start=\"812\" data-end=\"882\">\n<p data-start=\"814\" data-end=\"882\"><strong data-start=\"814\" data-end=\"839\">Atv\u0113sino\u0161i komponenti<\/strong> \u2013 mazina karstuma saj\u016btu un diskomfortu.<\/p>\n<\/li>\n<li data-start=\"883\" data-end=\"949\">\n<p data-start=\"885\" data-end=\"949\"><strong data-start=\"885\" data-end=\"908\">Mitrino\u0161s komplekss<\/strong> \u2013 uztur optim\u0101lu \u0101das mitruma l\u012bdzsvaru.<\/p>\n<\/li>\n<\/ul>\n<p data-start=\"951\" data-end=\"1129\">Piem\u0113rota visiem \u0101das tipiem, tostarp jut\u012bgai un stres\u0113tai \u0101dai, k\u0101 ar\u012b \u0101dai p\u0113c est\u0113tisk\u0101m un l\u0101zerproced\u016br\u0101m. Ieteicama \u0101das atjauno\u0161anai, mitrin\u0101\u0161anai un komforta uzlabo\u0161anai.<\/p>\n<p data-start=\"1131\" data-end=\"1151\"><strong data-start=\"1131\" data-end=\"1143\">Tilpums:<\/strong> 1 maska<\/p>\n","protected":false},"excerpt":{"rendered":"<p data-start=\"1315\" data-end=\"1344\">Pept\u012bdu hidrog\u0113la sejas maska<\/p>\n<h2 data-start=\"1346\" data-end=\"1385\"><strong data-start=\"1346\" data-end=\"1385\">\u012apa\u0161\u012bbas Genosys &#8211; Peptide Gel Mask<\/strong><\/h2>\n<p data-start=\"1387\" data-end=\"1570\">\u2714\ufe0f Intens\u012bvi mitrina un atjauno \u0101du<br data-start=\"1422\" data-end=\"1425\" \/>\u2714\ufe0f Nomierina un mazina \u0101das reaktivit\u0101ti<br data-start=\"1465\" data-end=\"1468\" \/>\u2714\ufe0f Nodro\u0161ina izteiktu atv\u0113sino\u0161u efektu<br data-start=\"1507\" data-end=\"1510\" \/>\u2714\ufe0f Atbalsta \u0101du p\u0113c proced\u016br\u0101m<br data-start=\"1540\" data-end=\"1543\" \/>\u2714\ufe0f Piem\u0113rota jut\u012bgai \u0101dai<\/p>\n","protected":false},"featured_media":61556,"template":"","meta":[],"pwb-brand":[1241],"product_brand":[],"product_cat":[745,725,737,749,739],"product_tag":[],"giftcard-category":[],"class_list":{"0":"post-71623","1":"product","2":"type-product","3":"status-publish","4":"has-post-thumbnail","6":"pwb-brand-genosys-lv","7":"product_cat-jutigai-adai","8":"product_cat-maskas","9":"product_cat-mitrinasana","10":"product_cat-novecojosa-ada","11":"product_cat-sausai-adai","13":"first","14":"instock","15":"taxable","16":"shipping-taxable","17":"purchasable","18":"product-type-simple"},"acf":[],"brands":[{"id":1241,"name":"Genosys","slug":"genosys-lv"}],"_links":{"self":[{"href":"https:\/\/skinstudio.ee\/lv\/wp-json\/wp\/v2\/product\/71623","targetHints":{"allow":["GET"]}}],"collection":[{"href":"https:\/\/skinstudio.ee\/lv\/wp-json\/wp\/v2\/product"}],"about":[{"href":"https:\/\/skinstudio.ee\/lv\/wp-json\/wp\/v2\/types\/product"}],"version-history":[{"count":1,"href":"https:\/\/skinstudio.ee\/lv\/wp-json\/wp\/v2\/product\/71623\/revisions"}],"predecessor-version":[{"id":71624,"href":"https:\/\/skinstudio.ee\/lv\/wp-json\/wp\/v2\/product\/71623\/revisions\/71624"}],"wp:featuredmedia":[{"embeddable":true,"href":"https:\/\/skinstudio.ee\/lv\/wp-json\/wp\/v2\/media\/61556"}],"wp:attachment":[{"href":"https:\/\/skinstudio.ee\/lv\/wp-json\/wp\/v2\/media?parent=71623"}],"wp:term":[{"taxonomy":"pwb-brand","embeddable":true,"href":"https:\/\/skinstudio.ee\/lv\/wp-json\/wp\/v2\/pwb-brand?post=71623"},{"taxonomy":"product_brand","embeddable":true,"href":"https:\/\/skinstudio.ee\/lv\/wp-json\/wp\/v2\/product_brand?post=71623"},{"taxonomy":"product_cat","embeddable":true,"href":"https:\/\/skinstudio.ee\/lv\/wp-json\/wp\/v2\/product_cat?post=71623"},{"taxonomy":"product_tag","embeddable":true,"href":"https:\/\/skinstudio.ee\/lv\/wp-json\/wp\/v2\/product_tag?post=71623"},{"taxonomy":"giftcard-category","embeddable":true,"href":"https:\/\/skinstudio.ee\/lv\/wp-json\/wp\/v2\/giftcard-category?post=71623"}],"curies":[{"name":"wp","href":"https:\/\/api.w.org\/{rel}","templated":true}]}}